{"id":1790,"date":"2026-04-10T15:11:42","date_gmt":"2026-04-10T15:11:42","guid":{"rendered":"https:\/\/novaluxeurope.com\/producto\/lattafa-nasheet-edp-u-100-ml\/"},"modified":"2026-05-10T12:01:12","modified_gmt":"2026-05-10T12:01:12","slug":"lattafa-nasheet-edp-u-100-ml","status":"publish","type":"product","link":"https:\/\/novaluxeurope.com\/en\/product\/lattafa-nasheet-edp-u-100-ml\/","title":{"rendered":"Lattafa Nasheet"},"content":{"rendered":"<p>Descubre el encanto de Nasheet de Lattafa , una cautivadora fragancia unisex lanzada en 2023. Esta excepcional fragancia pertenece a la familia olfativa Amaderada Arom\u00e1tica , por lo que es una opci\u00f3n ideal para aquellos que aprecian los aromas ricos y terrosos. La fragancia se abre con el aroma c\u00e1lido y acogedor de la madera de Guaiac, que prepara el terreno para un viaje olfativo intrigante y complejo. Las notas de coraz\u00f3n de nuez moscada aportan un toque picante, a\u00f1adiendo profundidad e intriga a medida que evoluciona la fragancia. Las notas de fondo de s\u00e1ndalo, incienso y cachemira ofrecen un acabado suave y sofisticado que perdura en la piel. Elaborado por Lattafa, un nombre respetado en la perfumer\u00eda de Oriente Medio, Nasheet se presenta en un vaporizador Eau de Parfum de 100 ml, perfecto para llevar a diario o en ocasiones especiales. Su naturaleza unisex lo convierte en un complemento vers\u00e1til para cualquier colecci\u00f3n de fragancias, ya que combina elementos amaderados atemporales con un atractivo arom\u00e1tico moderno. Tanto si desea darse un capricho como si busca el regalo perfecto, Nasheet de Lattafa le impresionar\u00e1. Eleve su experiencia olfativa con esta fragancia elegante y sofisticada. P\u00eddala ahora y disfrute del encanto \u00fanico de esta obra maestra unisex. NOTAS DE PERFUME Notas altas: Madera de Guayaco Notas medias: Nuez Moscada Notas de Fondo: Incienso, Cashmeran, S\u00e1ndalo<\/p>\n<h4>Pir\u00e1mide olfativa<\/h4>\n<ul>\n<li><strong>Notas de entrada:<\/strong> Madera de Guayac\u00e1n<\/li>\n<li><strong>Notas de coraz\u00f3n:<\/strong> Nuez moscada<\/li>\n<li><strong>Notas de salida:<\/strong> Incienso, Cashmeran, S\u00e1ndalo<\/li>\n<\/ul>","protected":false},"excerpt":{"rendered":"<p>Descubre el encanto de Nasheet de Lattafa , una cautivadora fragancia unisex lanzada en 2023. Esta excepcional fragancia pertenece a la familia olfativa Amaderada Arom\u00e1tica , por lo que es una opci\u00f3n ideal para aquellos que aprecian los aromas ricos y terrosos. La fragancia se abre con el aroma c\u00e1lido y acogedor de la madera [&hellip;]<\/p>\n","protected":false},"featured_media":1789,"comment_status":"open","ping_status":"closed","template":"","meta":[],"product_brand":[310],"product_cat":[225],"product_tag":[121,127,128,95,174],"class_list":{"0":"post-1790","1":"product","2":"type-product","3":"status-publish","4":"has-post-thumbnail","6":"product_brand-lattafa","7":"product_cat-perfumes-y-fragancias","8":"product_tag-cashmeran","9":"product_tag-incienso","10":"product_tag-madera-de-guayacan","11":"product_tag-nuez-moscada","12":"product_tag-sandalo","14":"first","15":"instock","16":"taxable","17":"shipping-taxable","18":"product-type-simple"},"_links":{"self":[{"href":"https:\/\/novaluxeurope.com\/en\/wp-json\/wp\/v2\/product\/1790","targetHints":{"allow":["GET"]}}],"collection":[{"href":"https:\/\/novaluxeurope.com\/en\/wp-json\/wp\/v2\/product"}],"about":[{"href":"https:\/\/novaluxeurope.com\/en\/wp-json\/wp\/v2\/types\/product"}],"replies":[{"embeddable":true,"href":"https:\/\/novaluxeurope.com\/en\/wp-json\/wp\/v2\/comments?post=1790"}],"wp:featuredmedia":[{"embeddable":true,"href":"https:\/\/novaluxeurope.com\/en\/wp-json\/wp\/v2\/media\/1789"}],"wp:attachment":[{"href":"https:\/\/novaluxeurope.com\/en\/wp-json\/wp\/v2\/media?parent=1790"}],"wp:term":[{"taxonomy":"product_brand","embeddable":true,"href":"https:\/\/novaluxeurope.com\/en\/wp-json\/wp\/v2\/product_brand?post=1790"},{"taxonomy":"product_cat","embeddable":true,"href":"https:\/\/novaluxeurope.com\/en\/wp-json\/wp\/v2\/product_cat?post=1790"},{"taxonomy":"product_tag","embeddable":true,"href":"https:\/\/novaluxeurope.com\/en\/wp-json\/wp\/v2\/product_tag?post=1790"}],"curies":[{"name":"wp","href":"https:\/\/api.w.org\/{rel}","templated":true}]}}