{"id":1782,"date":"2026-04-10T15:11:40","date_gmt":"2026-04-10T15:11:40","guid":{"rendered":"https:\/\/novaluxeurope.com\/producto\/lattafa-mayar-deodorant-spray-u-200-ml\/"},"modified":"2026-04-24T13:14:15","modified_gmt":"2026-04-24T13:14:15","slug":"lattafa-mayar-deodorant-spray-u-200-ml","status":"publish","type":"product","link":"https:\/\/novaluxeurope.com\/en\/product\/lattafa-mayar-deodorant-spray-u-200-ml\/","title":{"rendered":"Lattafa Mayar deodorant spray"},"content":{"rendered":"<p>Lattafa Mayar Desodorante Spray 200 ml es un spray refrescante y corporal dise\u00f1ado para hacerse eco del encanto del Eau de Parfum Mayar original. Ofrece un aroma floral y afrutado brillante que aporta una sensaci\u00f3n de ligereza y elegancia a la ropa de diario, al tiempo que garantiza un frescor duradero durante todo el d\u00eda. La fragancia se abre con una mezcla jugosa y moderna de lichi, frambuesa y hojas de violeta, que le confieren un atractivo en\u00e9rgico y juvenil. En el coraz\u00f3n, una suave armon\u00eda floral de rosa blanca, peon\u00eda y jazm\u00edn aporta una elegante feminidad, envolviendo los sentidos en delicados p\u00e9talos. La fragancia se asienta suavemente en una suave base de almizcle y vainilla, aportando sutil calidez y confort. F\u00e1cil de llevar y ligero sobre la piel, este desodorante en spray es perfecto para aplicar en capas o como bruma independiente. Tanto para los d\u00edas informales como para las estaciones m\u00e1s c\u00e1lidas, ofrece una forma sencilla de disfrutar del car\u00e1cter dulce y elegante de Mayar en una forma m\u00e1s ligera y vers\u00e1til. NOTAS DE PERFUME Notas de salida: Lichi, Frambuesa, Hoja de Violeta Notas medias: Rosa Blanca, Peon\u00eda, Jazm\u00edn Notas de Fondo: Almizcle, Vainilla<\/p>\n<h4>Pir\u00e1mide olfativa<\/h4>\n<ul>\n<li><strong>Notas de entrada:<\/strong> Litchi, Frambuesa, Hoja violeta<\/li>\n<li><strong>Notas de coraz\u00f3n:<\/strong> Rosa blanca, Peon\u00eda, Jazm\u00edn<\/li>\n<li><strong>Notas de salida:<\/strong> Almizcle, Vainilla<\/li>\n<\/ul>","protected":false},"excerpt":{"rendered":"<p>Lattafa Mayar Desodorante Spray 200 ml es un spray refrescante y corporal dise\u00f1ado para hacerse eco del encanto del Eau de Parfum Mayar original. Ofrece un aroma floral y afrutado brillante que aporta una sensaci\u00f3n de ligereza y elegancia a la ropa de diario, al tiempo que garantiza un frescor duradero durante todo el d\u00eda. [&hellip;]<\/p>\n","protected":false},"featured_media":1781,"comment_status":"open","ping_status":"closed","template":"","meta":[],"product_brand":[310],"product_cat":[225],"product_tag":[59,97,376,56,361,57,377,63],"class_list":{"0":"post-1782","1":"product","2":"type-product","3":"status-publish","4":"has-post-thumbnail","6":"product_brand-lattafa","7":"product_cat-perfumes-y-fragancias","8":"product_tag-almizcle","9":"product_tag-frambuesa","10":"product_tag-hoja-violeta","11":"product_tag-jazmin","12":"product_tag-litchi","13":"product_tag-peonia","14":"product_tag-rosa-blanca","15":"product_tag-vainilla","17":"first","18":"outofstock","19":"taxable","20":"shipping-taxable","21":"product-type-simple"},"_links":{"self":[{"href":"https:\/\/novaluxeurope.com\/en\/wp-json\/wp\/v2\/product\/1782","targetHints":{"allow":["GET"]}}],"collection":[{"href":"https:\/\/novaluxeurope.com\/en\/wp-json\/wp\/v2\/product"}],"about":[{"href":"https:\/\/novaluxeurope.com\/en\/wp-json\/wp\/v2\/types\/product"}],"replies":[{"embeddable":true,"href":"https:\/\/novaluxeurope.com\/en\/wp-json\/wp\/v2\/comments?post=1782"}],"wp:featuredmedia":[{"embeddable":true,"href":"https:\/\/novaluxeurope.com\/en\/wp-json\/wp\/v2\/media\/1781"}],"wp:attachment":[{"href":"https:\/\/novaluxeurope.com\/en\/wp-json\/wp\/v2\/media?parent=1782"}],"wp:term":[{"taxonomy":"product_brand","embeddable":true,"href":"https:\/\/novaluxeurope.com\/en\/wp-json\/wp\/v2\/product_brand?post=1782"},{"taxonomy":"product_cat","embeddable":true,"href":"https:\/\/novaluxeurope.com\/en\/wp-json\/wp\/v2\/product_cat?post=1782"},{"taxonomy":"product_tag","embeddable":true,"href":"https:\/\/novaluxeurope.com\/en\/wp-json\/wp\/v2\/product_tag?post=1782"}],"curies":[{"name":"wp","href":"https:\/\/api.w.org\/{rel}","templated":true}]}}