{"id":1779,"date":"2026-04-10T15:11:39","date_gmt":"2026-04-10T15:11:39","guid":{"rendered":"https:\/\/novaluxeurope.com\/producto\/lattafa-mayar-cherry-intense\/"},"modified":"2026-05-10T12:01:12","modified_gmt":"2026-05-10T12:01:12","slug":"lattafa-mayar-cherry-intense","status":"publish","type":"product","link":"https:\/\/novaluxeurope.com\/en\/product\/lattafa-mayar-cherry-intense\/","title":{"rendered":"Lattafa Mayar Cherry Intense"},"content":{"rendered":"<p dir=\"ltr\">Al final, la fragancia se asienta sobre la madera de s\u00e1ndalo, el \u00e1mbar dorado, el dulce pralin\u00e9 y el terroso pachuli. Envu\u00e9lvete en el resplandor de la luna. El eau de parfum Lattafa Mayar Cherry Intense es delicado como una brisa nocturna y dulce como un beso bajo las estrellas.<\/p>\n<ul>\n<li value=\"1\">Su fragancia oriental captura la esencia de la noche, cuando el mundo baja ritmo y cada instante se convierte en un sue\u00f1o.<\/li>\n<li value=\"2\">fragancia oriental y frutal dulce<\/li>\n<li value=\"3\">adecuado para veladas vespertinas, citas rom\u00e1nticas y enso\u00f1aciones nocturnas<\/li>\n<\/ul>\n<p dir=\"ltr\">unisex<br \/><strong>Composici\u00f3n de la fragancia:<\/strong> La fragancia se abre con un jugoso acorde de fresas maduras y chispeante bergamota. Poco a poco se van desplegando las notas c\u00e1lidas e irresistiblemente dulces de mermelada de cereza, que se entremezcla suavemente con el cacao en polvo para aportarle a la composici\u00f3n una profundidad sensual.<\/p>\n<h4>Pir\u00e1mide olfativa<\/h4>\n<ul>\n<li><strong>Notas de entrada:<\/strong> fresa, bergamota<\/li>\n<li><strong>Notas de coraz\u00f3n:<\/strong> cerezo, cacao<\/li>\n<li><strong>Notas de salida:<\/strong> vainilla, pachuli, \u00e1mbar<\/li>\n<\/ul>","protected":false},"excerpt":{"rendered":"<p>Al final, la fragancia se asienta sobre la madera de s\u00e1ndalo, el \u00e1mbar dorado, el dulce pralin\u00e9 y el terroso pachuli. Envu\u00e9lvete en el resplandor de la luna. El eau de parfum Lattafa Mayar Cherry Intense es delicado como una brisa nocturna y dulce como un beso bajo las estrellas. Su fragancia oriental captura la [&hellip;]<\/p>\n","protected":false},"featured_media":1778,"comment_status":"open","ping_status":"closed","template":"","meta":[],"product_brand":[310],"product_cat":[225],"product_tag":[52,102,259,118,165,67,63],"class_list":{"0":"post-1779","1":"product","2":"type-product","3":"status-publish","4":"has-post-thumbnail","6":"product_brand-lattafa","7":"product_cat-perfumes-y-fragancias","8":"product_tag-ambar","9":"product_tag-bergamota","10":"product_tag-cacao","11":"product_tag-cerezo","12":"product_tag-fresa","13":"product_tag-pachuli","14":"product_tag-vainilla","16":"first","17":"instock","18":"taxable","19":"shipping-taxable","20":"product-type-simple"},"_links":{"self":[{"href":"https:\/\/novaluxeurope.com\/en\/wp-json\/wp\/v2\/product\/1779","targetHints":{"allow":["GET"]}}],"collection":[{"href":"https:\/\/novaluxeurope.com\/en\/wp-json\/wp\/v2\/product"}],"about":[{"href":"https:\/\/novaluxeurope.com\/en\/wp-json\/wp\/v2\/types\/product"}],"replies":[{"embeddable":true,"href":"https:\/\/novaluxeurope.com\/en\/wp-json\/wp\/v2\/comments?post=1779"}],"wp:featuredmedia":[{"embeddable":true,"href":"https:\/\/novaluxeurope.com\/en\/wp-json\/wp\/v2\/media\/1778"}],"wp:attachment":[{"href":"https:\/\/novaluxeurope.com\/en\/wp-json\/wp\/v2\/media?parent=1779"}],"wp:term":[{"taxonomy":"product_brand","embeddable":true,"href":"https:\/\/novaluxeurope.com\/en\/wp-json\/wp\/v2\/product_brand?post=1779"},{"taxonomy":"product_cat","embeddable":true,"href":"https:\/\/novaluxeurope.com\/en\/wp-json\/wp\/v2\/product_cat?post=1779"},{"taxonomy":"product_tag","embeddable":true,"href":"https:\/\/novaluxeurope.com\/en\/wp-json\/wp\/v2\/product_tag?post=1779"}],"curies":[{"name":"wp","href":"https:\/\/api.w.org\/{rel}","templated":true}]}}