{"id":1772,"date":"2026-04-10T15:11:35","date_gmt":"2026-04-10T15:11:35","guid":{"rendered":"https:\/\/novaluxeurope.com\/producto\/lattafa-mashrabya-edp-w-100-ml\/"},"modified":"2026-05-08T08:01:29","modified_gmt":"2026-05-08T08:01:29","slug":"lattafa-mashrabya-edp-w-100-ml","status":"publish","type":"product","link":"https:\/\/novaluxeurope.com\/en\/product\/lattafa-mashrabya-edp-w-100-ml\/","title":{"rendered":"Lattafa Mashrabya"},"content":{"rendered":"<p>Ad\u00e9ntrese en el cautivador mundo de Lattafa con Mashrabya Eau de Parfum, una fragancia femenina que refleja el rico encanto de Oriente Medio. Creado en los EAU por la estimada casa Lattafa, este perfume de 100 ml es una verdadera joya olfativa para quienes buscan un aroma con intensidad y alma. Mashrabya se abre con una inesperada fusi\u00f3n de shisha de manzana y pimienta rosa, ofreciendo una introducci\u00f3n atrevida e intrigante que atrae inmediatamente. En el coraz\u00f3n emergen notas c\u00e1lidas de tabaco, canela y d\u00e1tiles dulces, que a\u00f1aden una capa picante pero reconfortante que intensifica el atractivo de la fragancia. La base se despliega en una lujosa mezcla de vainilla, caramelo y pachul\u00ed, creando una estela suave y sensual que se adhiere maravillosamente a la piel. Estas ricas notas aseguran un final memorable, haciendo de Mashrabya la fragancia perfecta para impresiones duraderas. Aunque est\u00e1 pensada para la mujer, esta fragancia es vers\u00e1til y atrevida, por lo que resulta ideal para cualquiera que disfrute con aromas complejos y elegantes. El vaporizador EDP proporciona una larga duraci\u00f3n y una f\u00e1cil aplicaci\u00f3n, lo que le permite disfrutar de su car\u00e1cter sofisticado del d\u00eda a la noche. NOTAS DE PERFUME Notas de salida: Acorde de Shisha de Manzana, Pimienta Rosa Notas medias: Canela, D\u00e1tiles, Tabaco Notas de Fondo: Vainilla, Caramelo, Pachul\u00ed<\/p>\n<h4>Pir\u00e1mide olfativa<\/h4>\n<ul>\n<li><strong>Notas de entrada:<\/strong> Manzana Shisha Accord, Pimienta rosa<\/li>\n<li><strong>Notas de coraz\u00f3n:<\/strong> Canela, Fechas, Tabaco<\/li>\n<li><strong>Notas de salida:<\/strong> Vainilla, Caramelo, Pachul\u00ed<\/li>\n<\/ul>","protected":false},"excerpt":{"rendered":"<p>Ad\u00e9ntrese en el cautivador mundo de Lattafa con Mashrabya Eau de Parfum, una fragancia femenina que refleja el rico encanto de Oriente Medio. Creado en los EAU por la estimada casa Lattafa, este perfume de 100 ml es una verdadera joya olfativa para quienes buscan un aroma con intensidad y alma. Mashrabya se abre con [&hellip;]<\/p>\n","protected":false},"featured_media":1771,"comment_status":"open","ping_status":"closed","template":"","meta":[],"product_brand":[310],"product_cat":[225],"product_tag":[94,60,211,375,67,141,163,63],"class_list":{"0":"post-1772","1":"product","2":"type-product","3":"status-publish","4":"has-post-thumbnail","6":"product_brand-lattafa","7":"product_cat-perfumes-y-fragancias","8":"product_tag-canela","9":"product_tag-caramelo","10":"product_tag-fechas","11":"product_tag-manzana-shisha-accord","12":"product_tag-pachuli","13":"product_tag-pimienta-rosa","14":"product_tag-tabaco","15":"product_tag-vainilla","17":"first","18":"instock","19":"taxable","20":"shipping-taxable","21":"product-type-simple"},"_links":{"self":[{"href":"https:\/\/novaluxeurope.com\/en\/wp-json\/wp\/v2\/product\/1772","targetHints":{"allow":["GET"]}}],"collection":[{"href":"https:\/\/novaluxeurope.com\/en\/wp-json\/wp\/v2\/product"}],"about":[{"href":"https:\/\/novaluxeurope.com\/en\/wp-json\/wp\/v2\/types\/product"}],"replies":[{"embeddable":true,"href":"https:\/\/novaluxeurope.com\/en\/wp-json\/wp\/v2\/comments?post=1772"}],"wp:featuredmedia":[{"embeddable":true,"href":"https:\/\/novaluxeurope.com\/en\/wp-json\/wp\/v2\/media\/1771"}],"wp:attachment":[{"href":"https:\/\/novaluxeurope.com\/en\/wp-json\/wp\/v2\/media?parent=1772"}],"wp:term":[{"taxonomy":"product_brand","embeddable":true,"href":"https:\/\/novaluxeurope.com\/en\/wp-json\/wp\/v2\/product_brand?post=1772"},{"taxonomy":"product_cat","embeddable":true,"href":"https:\/\/novaluxeurope.com\/en\/wp-json\/wp\/v2\/product_cat?post=1772"},{"taxonomy":"product_tag","embeddable":true,"href":"https:\/\/novaluxeurope.com\/en\/wp-json\/wp\/v2\/product_tag?post=1772"}],"curies":[{"name":"wp","href":"https:\/\/api.w.org\/{rel}","templated":true}]}}