{"id":1765,"date":"2026-04-10T15:11:32","date_gmt":"2026-04-10T15:11:32","guid":{"rendered":"https:\/\/novaluxeurope.com\/producto\/lattafa-mahasin-crystal-edp-u-100-ml-50-ml-deo\/"},"modified":"2026-05-07T08:01:11","modified_gmt":"2026-05-07T08:01:11","slug":"lattafa-mahasin-crystal-edp-u-100-ml-50-ml-deo","status":"publish","type":"product","link":"https:\/\/novaluxeurope.com\/en\/product\/lattafa-mahasin-crystal-edp-u-100-ml-50-ml-deo\/","title":{"rendered":"Lattafa Mahasin Crystal + deo"},"content":{"rendered":"<p>Descubra la seductora esencia del set de regalo Lattafa Mahasin Crystal, un refinado d\u00fao de fragancias unisex dise\u00f1ado para causar una impresi\u00f3n duradera. Este sofisticado set incluye un Eau de Parfum de 100 ml y un desodorante en spray de 50 ml, combinados con maestr\u00eda para ofrecer frescor durante todo el d\u00eda y un viaje olfativo perfecto. La fragancia se abre con una explosi\u00f3n de bergamota, mandarina, grosella negra y manzana crujiente, una introducci\u00f3n en\u00e9rgica y afrutada que despierta los sentidos. En el coraz\u00f3n se encuentra una delicada mezcla de gardenia, jazm\u00edn, lirio de los valles y fresia, que confieren a la fragancia una suave elegancia floral. La base desvela una mezcla c\u00e1lida y sensual de \u00e1mbar, almizcle, s\u00e1ndalo suave y vainilla cremosa, que crea un acabado rico y reconfortante. Perfecto para el d\u00eda a d\u00eda o para momentos especiales, este set de regalo es la elecci\u00f3n ideal para cualquiera que disfrute de una fragancia sofisticada e inolvidable. Tanto si se trata de un capricho personal como de un regalo considerado, Mahasin Crystal se presenta en un estuche de elegante dise\u00f1o que refleja la belleza de la fragancia que contiene. NOTAS DE PERFUME Notas de salida: Bergamota, mandarina, grosella negra, manzana Notas medias: Gardenia, Jazm\u00edn, Lirio de los valles, Fresia Notas de Fondo: \u00c1mbar, Almizcle, S\u00e1ndalo, Vainilla<\/p>\n<h4>Pir\u00e1mide olfativa<\/h4>\n<ul>\n<li><strong>Notas de entrada:<\/strong> Bergamota, Mandar\u00edn, Grosella negra, Manzana<\/li>\n<li><strong>Notas de coraz\u00f3n:<\/strong> Gardenia, Jazm\u00edn, Lirio de los valles, Fresia<\/li>\n<li><strong>Notas de salida:<\/strong> \u00c1mbar, Almizcle, S\u00e1ndalo, Vainilla<\/li>\n<\/ul>","protected":false},"excerpt":{"rendered":"<p>Descubra la seductora esencia del set de regalo Lattafa Mahasin Crystal, un refinado d\u00fao de fragancias unisex dise\u00f1ado para causar una impresi\u00f3n duradera. Este sofisticado set incluye un Eau de Parfum de 100 ml y un desodorante en spray de 50 ml, combinados con maestr\u00eda para ofrecer frescor durante todo el d\u00eda y un viaje [&hellip;]<\/p>\n","protected":false},"featured_media":1764,"comment_status":"open","ping_status":"closed","template":"","meta":[],"product_brand":[310],"product_cat":[225],"product_tag":[59,52,102,364,326,111,56,85,122,88,174,63],"class_list":{"0":"post-1765","1":"product","2":"type-product","3":"status-publish","4":"has-post-thumbnail","6":"product_brand-lattafa","7":"product_cat-perfumes-y-fragancias","8":"product_tag-almizcle","9":"product_tag-ambar","10":"product_tag-bergamota","11":"product_tag-fresia","12":"product_tag-gardenia","13":"product_tag-grosella-negra","14":"product_tag-jazmin","15":"product_tag-lirio-de-los-valles","16":"product_tag-mandarin","17":"product_tag-manzana","18":"product_tag-sandalo","19":"product_tag-vainilla","21":"first","22":"instock","23":"taxable","24":"shipping-taxable","25":"product-type-simple"},"_links":{"self":[{"href":"https:\/\/novaluxeurope.com\/en\/wp-json\/wp\/v2\/product\/1765","targetHints":{"allow":["GET"]}}],"collection":[{"href":"https:\/\/novaluxeurope.com\/en\/wp-json\/wp\/v2\/product"}],"about":[{"href":"https:\/\/novaluxeurope.com\/en\/wp-json\/wp\/v2\/types\/product"}],"replies":[{"embeddable":true,"href":"https:\/\/novaluxeurope.com\/en\/wp-json\/wp\/v2\/comments?post=1765"}],"wp:featuredmedia":[{"embeddable":true,"href":"https:\/\/novaluxeurope.com\/en\/wp-json\/wp\/v2\/media\/1764"}],"wp:attachment":[{"href":"https:\/\/novaluxeurope.com\/en\/wp-json\/wp\/v2\/media?parent=1765"}],"wp:term":[{"taxonomy":"product_brand","embeddable":true,"href":"https:\/\/novaluxeurope.com\/en\/wp-json\/wp\/v2\/product_brand?post=1765"},{"taxonomy":"product_cat","embeddable":true,"href":"https:\/\/novaluxeurope.com\/en\/wp-json\/wp\/v2\/product_cat?post=1765"},{"taxonomy":"product_tag","embeddable":true,"href":"https:\/\/novaluxeurope.com\/en\/wp-json\/wp\/v2\/product_tag?post=1765"}],"curies":[{"name":"wp","href":"https:\/\/api.w.org\/{rel}","templated":true}]}}