{"id":1758,"date":"2026-04-10T15:11:30","date_gmt":"2026-04-10T15:11:30","guid":{"rendered":"https:\/\/novaluxeurope.com\/producto\/lattafa-lail-maleki-maroccon-blue-edp-u-100-ml\/"},"modified":"2026-05-07T08:01:11","modified_gmt":"2026-05-07T08:01:11","slug":"lattafa-lail-maleki-maroccon-blue-edp-u-100-ml","status":"publish","type":"product","link":"https:\/\/novaluxeurope.com\/en\/product\/lattafa-lail-maleki-maroccon-blue-edp-u-100-ml\/","title":{"rendered":"Lattafa Lail Maleki Maroccon Blue"},"content":{"rendered":"<p>Sum\u00e9rjase en la m\u00edstica de Oriente Medio con Lail Maleki Moroccan Blue de Lattafa , un Eau de Parfum unisex que encarna la elegancia, la tradici\u00f3n y la individualidad. Fabricada en los Emiratos \u00c1rabes Unidos, esta cautivadora fragancia se inspira en el rico patrimonio olfativo de la regi\u00f3n para ofrecer una fragancia llena de car\u00e1cter y profundidad, perfecta para quienes aprecian los aromas audaces y memorables. La fragancia se abre con una animada combinaci\u00f3n de bergamota , c\u00edtricos picantes , naranja y un susurro de especias c\u00e1lidas , estableciendo un tono vibrante y picante. En el coraz\u00f3n, las notas florales se despliegan suavemente junto al \u00e1mbar y el almizcle, creando una calidez suave y sensual. La fragancia se asienta en una lujosa base de s\u00e1ndalo cremoso, pachul\u00ed terroso y oud ahumado, dejando una huella profunda y duradera en la piel. Envuelto en un moderno y elegante frasco de 100 ml, Lail Maleki Moroccan Blue ofrece un rendimiento duradero como Eau de Parfum. Su formulaci\u00f3n unisex la convierte en una opci\u00f3n vers\u00e1til para cualquiera que valore la sofisticaci\u00f3n y la originalidad en su fragancia. Tanto si se dirige a un evento formal como a explorar una nueva ciudad, esta fragancia a\u00f1ade una capa de refinado encanto. Con cada pulverizaci\u00f3n, evoca la energ\u00eda y la belleza de los paisajes marroqu\u00edes, invit\u00e1ndole a experimentar un mundo de aventura, estilo y atractivo atemporal. NOTAS DE PERFUME Notas de salida: Bergamota, especias, c\u00edtricos, naranja Notas medias: Notas florales, \u00e1mbar, almizcle Notas de fondo: S\u00e1ndalo, Pachul\u00ed, Oud<\/p>\n<h4>Pir\u00e1mide olfativa<\/h4>\n<ul>\n<li><strong>Notas de entrada:<\/strong> Bergamota, Especias, C\u00edtricos, Naranja<\/li>\n<li><strong>Notas de coraz\u00f3n:<\/strong> Notas florales, \u00c1mbar, Almizcle<\/li>\n<li><strong>Notas de salida:<\/strong> S\u00e1ndalo, Pachul\u00ed, Oud<\/li>\n<\/ul>","protected":false},"excerpt":{"rendered":"<p>Sum\u00e9rjase en la m\u00edstica de Oriente Medio con Lail Maleki Moroccan Blue de Lattafa , un Eau de Parfum unisex que encarna la elegancia, la tradici\u00f3n y la individualidad. Fabricada en los Emiratos \u00c1rabes Unidos, esta cautivadora fragancia se inspira en el rico patrimonio olfativo de la regi\u00f3n para ofrecer una fragancia llena de car\u00e1cter [&hellip;]<\/p>\n","protected":false},"featured_media":1757,"comment_status":"open","ping_status":"closed","template":"","meta":[],"product_brand":[310],"product_cat":[225],"product_tag":[59,52,102,158,374,98,333,48,67,174],"class_list":{"0":"post-1758","1":"product","2":"type-product","3":"status-publish","4":"has-post-thumbnail","6":"product_brand-lattafa","7":"product_cat-perfumes-y-fragancias","8":"product_tag-almizcle","9":"product_tag-ambar","10":"product_tag-bergamota","11":"product_tag-citricos","12":"product_tag-especias","13":"product_tag-naranja","14":"product_tag-notas-florales","15":"product_tag-oud","16":"product_tag-pachuli","17":"product_tag-sandalo","19":"first","20":"instock","21":"taxable","22":"shipping-taxable","23":"product-type-simple"},"_links":{"self":[{"href":"https:\/\/novaluxeurope.com\/en\/wp-json\/wp\/v2\/product\/1758","targetHints":{"allow":["GET"]}}],"collection":[{"href":"https:\/\/novaluxeurope.com\/en\/wp-json\/wp\/v2\/product"}],"about":[{"href":"https:\/\/novaluxeurope.com\/en\/wp-json\/wp\/v2\/types\/product"}],"replies":[{"embeddable":true,"href":"https:\/\/novaluxeurope.com\/en\/wp-json\/wp\/v2\/comments?post=1758"}],"wp:featuredmedia":[{"embeddable":true,"href":"https:\/\/novaluxeurope.com\/en\/wp-json\/wp\/v2\/media\/1757"}],"wp:attachment":[{"href":"https:\/\/novaluxeurope.com\/en\/wp-json\/wp\/v2\/media?parent=1758"}],"wp:term":[{"taxonomy":"product_brand","embeddable":true,"href":"https:\/\/novaluxeurope.com\/en\/wp-json\/wp\/v2\/product_brand?post=1758"},{"taxonomy":"product_cat","embeddable":true,"href":"https:\/\/novaluxeurope.com\/en\/wp-json\/wp\/v2\/product_cat?post=1758"},{"taxonomy":"product_tag","embeddable":true,"href":"https:\/\/novaluxeurope.com\/en\/wp-json\/wp\/v2\/product_tag?post=1758"}],"curies":[{"name":"wp","href":"https:\/\/api.w.org\/{rel}","templated":true}]}}