{"id":1755,"date":"2026-04-10T15:11:28","date_gmt":"2026-04-10T15:11:28","guid":{"rendered":"https:\/\/novaluxeurope.com\/producto\/lattafa-her-confession\/"},"modified":"2026-05-10T00:01:16","modified_gmt":"2026-05-10T00:01:16","slug":"lattafa-her-confession","status":"publish","type":"product","link":"https:\/\/novaluxeurope.com\/en\/product\/lattafa-her-confession\/","title":{"rendered":"Lattafa Her Confession"},"content":{"rendered":"<p>La seducci\u00f3n es un juego y una fragancia irresistible es el arma femenina con la que siempre tendr\u00e1s ventaja. El eau de parfum Lattafa Her Confession te envolver\u00e1 en una fragancia sensual y sofisticada siempre que desees brillar. <\/p>\n<ul>\n<li>fragancia dulce<\/li>\n<li>fragancia floral<\/li>\n<li>fragancia de \u00e1mbar<\/li>\n<li>para mujeres temperamentales y llenas de energ\u00eda<\/li>\n<li>fragancia original para las ocasiones especiales<\/li>\n<\/ul>\n<h4>Pir\u00e1mide olfativa<\/h4>\n<ul>\n<li><strong>Notas de entrada:<\/strong> canela<\/li>\n<li><strong>Notas de coraz\u00f3n:<\/strong> incenso, jazm\u00edn, mahonia, tuberosa<\/li>\n<li><strong>Notas de salida:<\/strong> almizcle, haba tonka, vainilla<\/li>\n<\/ul>","protected":false},"excerpt":{"rendered":"<p>La seducci\u00f3n es un juego y una fragancia irresistible es el arma femenina con la que siempre tendr\u00e1s ventaja. El eau de parfum Lattafa Her Confession te envolver\u00e1 en una fragancia sensual y sofisticada siempre que desees brillar. fragancia dulce fragancia floral fragancia de \u00e1mbar para mujeres temperamentales y llenas de energ\u00eda fragancia original para [&hellip;]<\/p>\n","protected":false},"featured_media":1754,"comment_status":"open","ping_status":"closed","template":"","meta":[],"product_brand":[310],"product_cat":[225],"product_tag":[59,94,79,185,56,80,203,63],"class_list":{"0":"post-1755","1":"product","2":"type-product","3":"status-publish","4":"has-post-thumbnail","6":"product_brand-lattafa","7":"product_cat-perfumes-y-fragancias","8":"product_tag-almizcle","9":"product_tag-canela","10":"product_tag-haba-tonka","11":"product_tag-incenso","12":"product_tag-jazmin","13":"product_tag-mahonia","14":"product_tag-tuberosa","15":"product_tag-vainilla","17":"first","18":"instock","19":"taxable","20":"shipping-taxable","21":"product-type-simple"},"_links":{"self":[{"href":"https:\/\/novaluxeurope.com\/en\/wp-json\/wp\/v2\/product\/1755","targetHints":{"allow":["GET"]}}],"collection":[{"href":"https:\/\/novaluxeurope.com\/en\/wp-json\/wp\/v2\/product"}],"about":[{"href":"https:\/\/novaluxeurope.com\/en\/wp-json\/wp\/v2\/types\/product"}],"replies":[{"embeddable":true,"href":"https:\/\/novaluxeurope.com\/en\/wp-json\/wp\/v2\/comments?post=1755"}],"wp:featuredmedia":[{"embeddable":true,"href":"https:\/\/novaluxeurope.com\/en\/wp-json\/wp\/v2\/media\/1754"}],"wp:attachment":[{"href":"https:\/\/novaluxeurope.com\/en\/wp-json\/wp\/v2\/media?parent=1755"}],"wp:term":[{"taxonomy":"product_brand","embeddable":true,"href":"https:\/\/novaluxeurope.com\/en\/wp-json\/wp\/v2\/product_brand?post=1755"},{"taxonomy":"product_cat","embeddable":true,"href":"https:\/\/novaluxeurope.com\/en\/wp-json\/wp\/v2\/product_cat?post=1755"},{"taxonomy":"product_tag","embeddable":true,"href":"https:\/\/novaluxeurope.com\/en\/wp-json\/wp\/v2\/product_tag?post=1755"}],"curies":[{"name":"wp","href":"https:\/\/api.w.org\/{rel}","templated":true}]}}