{"id":1753,"date":"2026-04-10T15:11:27","date_gmt":"2026-04-10T15:11:27","guid":{"rendered":"https:\/\/novaluxeurope.com\/producto\/lattafa-habik-for-men-2\/"},"modified":"2026-05-07T20:01:12","modified_gmt":"2026-05-07T20:01:12","slug":"lattafa-habik-for-men-2","status":"publish","type":"product","link":"https:\/\/novaluxeurope.com\/en\/product\/lattafa-habik-for-men-2\/","title":{"rendered":"Lattafa Habik For Men"},"content":{"rendered":"<p dir=\"ltr\"><strong>Una elegancia que se graba en la memoria<\/strong><\/p>\n<p dir=\"ltr\">La fragancia Lattafa Habik for Men es como un sue\u00f1o que se extiende lentamente por la piel. Sus frescos tonos arom\u00e1ticos equilibran a la perfecci\u00f3n los acordes especiados que aportan calidez a la composici\u00f3n. Su aroma resulta natural, pero deja una impresi\u00f3n inolvidable.<\/p>\n<ul>\n<li value=\"1\">sofisticada fragancia especiada con un matiz sensual<\/li>\n<li value=\"2\">la elecci\u00f3n ideal para hombres que quieren crear una impresi\u00f3n natural pero inolvidable<\/li>\n<li value=\"3\">adecuada para llevar a diario, especialmente en los meses fr\u00edos<\/li>\n<\/ul>\n<p dir=\"ltr\"><strong>Composici\u00f3n de la fragancia:<\/strong><br \/>Las notas de salida despiertan los sentidos con la energ\u00eda picante del cardamomo, la pimienta, el ajenjo y la bergamota, que act\u00faa como una chispa que ilumina cada d\u00eda. A continuaci\u00f3n. surgen la arom\u00e1tica salvia y lavanda, complementadas con c\u00e1lidas notas de canela que aportan profundidad, calma y un atractivo carism\u00e1tico a la composici\u00f3n. La fragancia se cierra con la aterciopelada madera de s\u00e1ndalo, el pachul\u00ed terroso, la haba tonka de matices dulces, la madera de \u00e1mbar y el almizcle, dejando una estela que permanece en la piel como un toque silencioso y sensual.<\/p>\n<p dir=\"ltr\"><strong>Historia de la fragancia:<\/strong><br \/>El frasco de la fragancia Habik cautiva a primera vista: su vidrio violeta, la inscripci\u00f3n \u00e1rabe y la decoraci\u00f3n met\u00e1lica con piedras p\u00farpuras crean una sensaci\u00f3n de misterio, fuerza y elegancia. Si te gusta buscar la belleza en los detalles, esta fragancia es exactamente para ti.<\/p>\n<h4>Pir\u00e1mide olfativa<\/h4>\n<ul>\n<li><strong>Notas de entrada:<\/strong> artemisa, pimienta negra, cardamomo, bergamota<\/li>\n<li><strong>Notas de coraz\u00f3n:<\/strong> lavanda, salvia, canela<\/li>\n<li><strong>Notas de salida:<\/strong> madera \u00e1mbar, pachuli, madera de s\u00e1ndalo, haba tonka, almizcle<\/li>\n<\/ul>","protected":false},"excerpt":{"rendered":"<p>Una elegancia que se graba en la memoria La fragancia Lattafa Habik for Men es como un sue\u00f1o que se extiende lentamente por la piel. Sus frescos tonos arom\u00e1ticos equilibran a la perfecci\u00f3n los acordes especiados que aportan calidez a la composici\u00f3n. Su aroma resulta natural, pero deja una impresi\u00f3n inolvidable. sofisticada fragancia especiada con [&hellip;]<\/p>\n","protected":false},"featured_media":1567,"comment_status":"open","ping_status":"closed","template":"","meta":[],"product_brand":[310],"product_cat":[225],"product_tag":[59,322,102,94,77,79,73,219,47,67,323,242],"class_list":{"0":"post-1753","1":"product","2":"type-product","3":"status-publish","4":"has-post-thumbnail","6":"product_brand-lattafa","7":"product_cat-perfumes-y-fragancias","8":"product_tag-almizcle","9":"product_tag-artemisa","10":"product_tag-bergamota","11":"product_tag-canela","12":"product_tag-cardamomo","13":"product_tag-haba-tonka","14":"product_tag-lavanda","15":"product_tag-madera-ambar","16":"product_tag-madera-de-sandalo","17":"product_tag-pachuli","18":"product_tag-pimienta-negra","19":"product_tag-salvia","21":"first","22":"instock","23":"taxable","24":"shipping-taxable","25":"product-type-simple"},"_links":{"self":[{"href":"https:\/\/novaluxeurope.com\/en\/wp-json\/wp\/v2\/product\/1753","targetHints":{"allow":["GET"]}}],"collection":[{"href":"https:\/\/novaluxeurope.com\/en\/wp-json\/wp\/v2\/product"}],"about":[{"href":"https:\/\/novaluxeurope.com\/en\/wp-json\/wp\/v2\/types\/product"}],"replies":[{"embeddable":true,"href":"https:\/\/novaluxeurope.com\/en\/wp-json\/wp\/v2\/comments?post=1753"}],"wp:featuredmedia":[{"embeddable":true,"href":"https:\/\/novaluxeurope.com\/en\/wp-json\/wp\/v2\/media\/1567"}],"wp:attachment":[{"href":"https:\/\/novaluxeurope.com\/en\/wp-json\/wp\/v2\/media?parent=1753"}],"wp:term":[{"taxonomy":"product_brand","embeddable":true,"href":"https:\/\/novaluxeurope.com\/en\/wp-json\/wp\/v2\/product_brand?post=1753"},{"taxonomy":"product_cat","embeddable":true,"href":"https:\/\/novaluxeurope.com\/en\/wp-json\/wp\/v2\/product_cat?post=1753"},{"taxonomy":"product_tag","embeddable":true,"href":"https:\/\/novaluxeurope.com\/en\/wp-json\/wp\/v2\/product_tag?post=1753"}],"curies":[{"name":"wp","href":"https:\/\/api.w.org\/{rel}","templated":true}]}}