{"id":1750,"date":"2026-04-10T15:11:25","date_gmt":"2026-04-10T15:11:25","guid":{"rendered":"https:\/\/novaluxeurope.com\/producto\/lattafa-give-me-gourmand-vanilla-freak\/"},"modified":"2026-04-24T13:31:41","modified_gmt":"2026-04-24T13:31:41","slug":"lattafa-give-me-gourmand-vanilla-freak","status":"publish","type":"product","link":"https:\/\/novaluxeurope.com\/en\/product\/lattafa-give-me-gourmand-vanilla-freak\/","title":{"rendered":"Lattafa Give Me Gourmand Vanilla Freak"},"content":{"rendered":"<p dir=\"ltr\"><strong>Una fragancia unisex dulce<\/strong><\/p>\n<p dir=\"ltr\">Algunas fragancias son simplemente irresistibles. Una de ellas es el eau de parfum unisex Lattafa Give Me Gourmand Vanilla Freak, que se inspira en un pastel de vainilla. Este no solo est\u00e1 presente en la propia composici\u00f3n arom\u00e1tica, sino tambi\u00e9n en el dise\u00f1o del frasco, que te enamorar\u00e1 a simple vista. La fragancia conquistar\u00e1 el coraz\u00f3n de todas aquellas personas que buscan una fragancia sofisticada y alegre a la vez.<\/p>\n<ul>\n<li value=\"1\">composici\u00f3n arom\u00e1tica gourmand<\/li>\n<li value=\"2\">ideal para los d\u00edas m\u00e1s fr\u00edos<\/li>\n<li value=\"3\">se lanz\u00f3 al mercado en el a\u00f1o 2025<\/li>\n<\/ul>\n<p dir=\"ltr\"><strong>Composici\u00f3n de la fragancia:<\/strong><br \/>Al principio notar\u00e1s el aroma de los cupcakes reci\u00e9n salidos del horno. Las notas de coraz\u00f3n se despliegan con unos acordes de canela, almendras y glaseado de az\u00facar. En las notas de fondo surge una combinaci\u00f3n de deliciosa vainilla, crema de mantequilla y sensual almizcle.<\/p>\n<p dir=\"ltr\"><strong>Historia de la fragancia:<\/strong><br \/>El eau de parfum Lattafa Give Me Gourmand Vanilla Freak forma parte de la colecci\u00f3n Lattafa Give Me Gourmand. En esta colecci\u00f3n encontrar\u00e1s varias fragancias irresistibles que se inspiran en pasteles dulces.<\/p>\n<h4>Pir\u00e1mide olfativa<\/h4>\n<ul>\n<li><strong>Notas de entrada:<\/strong> cupcake<\/li>\n<li><strong>Notas de coraz\u00f3n:<\/strong> almendras, canela, az\u00facar, topping<\/li>\n<li><strong>Notas de salida:<\/strong> almizcle, vainilla, crema de mantequilla<\/li>\n<\/ul>","protected":false},"excerpt":{"rendered":"<p>Una fragancia unisex dulce Algunas fragancias son simplemente irresistibles. Una de ellas es el eau de parfum unisex Lattafa Give Me Gourmand Vanilla Freak, que se inspira en un pastel de vainilla. Este no solo est\u00e1 presente en la propia composici\u00f3n arom\u00e1tica, sino tambi\u00e9n en el dise\u00f1o del frasco, que te enamorar\u00e1 a simple vista. [&hellip;]<\/p>\n","protected":false},"featured_media":1749,"comment_status":"open","ping_status":"closed","template":"","meta":[],"product_brand":[310],"product_cat":[225],"product_tag":[244,59,114,94,371,372,373,63],"class_list":{"0":"post-1750","1":"product","2":"type-product","3":"status-publish","4":"has-post-thumbnail","6":"product_brand-lattafa","7":"product_cat-perfumes-y-fragancias","8":"product_tag-almendras","9":"product_tag-almizcle","10":"product_tag-azucar","11":"product_tag-canela","12":"product_tag-crema-de-mantequilla","13":"product_tag-cupcake","14":"product_tag-topping","15":"product_tag-vainilla","17":"first","18":"instock","19":"taxable","20":"shipping-taxable","21":"product-type-simple"},"_links":{"self":[{"href":"https:\/\/novaluxeurope.com\/en\/wp-json\/wp\/v2\/product\/1750","targetHints":{"allow":["GET"]}}],"collection":[{"href":"https:\/\/novaluxeurope.com\/en\/wp-json\/wp\/v2\/product"}],"about":[{"href":"https:\/\/novaluxeurope.com\/en\/wp-json\/wp\/v2\/types\/product"}],"replies":[{"embeddable":true,"href":"https:\/\/novaluxeurope.com\/en\/wp-json\/wp\/v2\/comments?post=1750"}],"wp:featuredmedia":[{"embeddable":true,"href":"https:\/\/novaluxeurope.com\/en\/wp-json\/wp\/v2\/media\/1749"}],"wp:attachment":[{"href":"https:\/\/novaluxeurope.com\/en\/wp-json\/wp\/v2\/media?parent=1750"}],"wp:term":[{"taxonomy":"product_brand","embeddable":true,"href":"https:\/\/novaluxeurope.com\/en\/wp-json\/wp\/v2\/product_brand?post=1750"},{"taxonomy":"product_cat","embeddable":true,"href":"https:\/\/novaluxeurope.com\/en\/wp-json\/wp\/v2\/product_cat?post=1750"},{"taxonomy":"product_tag","embeddable":true,"href":"https:\/\/novaluxeurope.com\/en\/wp-json\/wp\/v2\/product_tag?post=1750"}],"curies":[{"name":"wp","href":"https:\/\/api.w.org\/{rel}","templated":true}]}}