{"id":1747,"date":"2026-04-10T15:11:23","date_gmt":"2026-04-10T15:11:23","guid":{"rendered":"https:\/\/novaluxeurope.com\/producto\/lattafa-fire-on-ice\/"},"modified":"2026-05-08T12:01:34","modified_gmt":"2026-05-08T12:01:34","slug":"lattafa-fire-on-ice","status":"publish","type":"product","link":"https:\/\/novaluxeurope.com\/en\/product\/lattafa-fire-on-ice\/","title":{"rendered":"Lattafa Fire On Ice"},"content":{"rendered":"<p>\u00bfTienes una cita, vas a una fiesta o has quedado con tus amigos? El eau de parfum unisex Lattafa Fire On Ice es perfecto para cualquier ocasi\u00f3n en la que desees brillar. Descubre t\u00fa tambi\u00e9n una fragancia que resaltar\u00e1 a la perfecci\u00f3n tu extraordinario atractivo.<\/p>\n<ul>\n<li>fragancia amaderada<\/li>\n<li>fragancia especiada<\/li>\n<li>fragancia dulce<\/li>\n<li>una fragancia que no se atiene a las tendencias<\/li>\n<li>para optimistas incorregibles<\/li>\n<li>fragancia c\u00e1lida, ideal para las \u00e9pocas fr\u00edas<\/li>\n<\/ul>\n<h4>Pir\u00e1mide olfativa<\/h4>\n<ul>\n<li><strong>Notas de entrada:<\/strong> moras, canela, licor<\/li>\n<li><strong>Notas de coraz\u00f3n:<\/strong> caramelo, p\u00e9talos de rosa, musgo<\/li>\n<li><strong>Notas de salida:<\/strong> madera de cedro, mirra, musgo de roble, ambroxan<\/li>\n<\/ul>","protected":false},"excerpt":{"rendered":"<p>\u00bfTienes una cita, vas a una fiesta o has quedado con tus amigos? El eau de parfum unisex Lattafa Fire On Ice es perfecto para cualquier ocasi\u00f3n en la que desees brillar. Descubre t\u00fa tambi\u00e9n una fragancia que resaltar\u00e1 a la perfecci\u00f3n tu extraordinario atractivo. fragancia amaderada fragancia especiada fragancia dulce una fragancia que no [&hellip;]<\/p>\n","protected":false},"featured_media":1746,"comment_status":"open","ping_status":"closed","template":"","meta":[],"product_brand":[310],"product_cat":[225],"product_tag":[76,94,60,105,46,210,166,161,61,370],"class_list":{"0":"post-1747","1":"product","2":"type-product","3":"status-publish","4":"has-post-thumbnail","6":"product_brand-lattafa","7":"product_cat-perfumes-y-fragancias","8":"product_tag-ambroxan","9":"product_tag-canela","10":"product_tag-caramelo","11":"product_tag-licor","12":"product_tag-madera-de-cedro","13":"product_tag-mirra","14":"product_tag-moras","15":"product_tag-musgo","16":"product_tag-musgo-de-roble","17":"product_tag-petalos-de-rosa","19":"first","20":"instock","21":"taxable","22":"shipping-taxable","23":"product-type-simple"},"_links":{"self":[{"href":"https:\/\/novaluxeurope.com\/en\/wp-json\/wp\/v2\/product\/1747","targetHints":{"allow":["GET"]}}],"collection":[{"href":"https:\/\/novaluxeurope.com\/en\/wp-json\/wp\/v2\/product"}],"about":[{"href":"https:\/\/novaluxeurope.com\/en\/wp-json\/wp\/v2\/types\/product"}],"replies":[{"embeddable":true,"href":"https:\/\/novaluxeurope.com\/en\/wp-json\/wp\/v2\/comments?post=1747"}],"wp:featuredmedia":[{"embeddable":true,"href":"https:\/\/novaluxeurope.com\/en\/wp-json\/wp\/v2\/media\/1746"}],"wp:attachment":[{"href":"https:\/\/novaluxeurope.com\/en\/wp-json\/wp\/v2\/media?parent=1747"}],"wp:term":[{"taxonomy":"product_brand","embeddable":true,"href":"https:\/\/novaluxeurope.com\/en\/wp-json\/wp\/v2\/product_brand?post=1747"},{"taxonomy":"product_cat","embeddable":true,"href":"https:\/\/novaluxeurope.com\/en\/wp-json\/wp\/v2\/product_cat?post=1747"},{"taxonomy":"product_tag","embeddable":true,"href":"https:\/\/novaluxeurope.com\/en\/wp-json\/wp\/v2\/product_tag?post=1747"}],"curies":[{"name":"wp","href":"https:\/\/api.w.org\/{rel}","templated":true}]}}