{"id":1740,"date":"2026-04-10T14:48:30","date_gmt":"2026-04-10T14:48:30","guid":{"rendered":"https:\/\/novaluxeurope.com\/producto\/lattafa-fakhar-platin\/"},"modified":"2026-05-09T16:01:11","modified_gmt":"2026-05-09T16:01:11","slug":"lattafa-fakhar-platin","status":"publish","type":"product","link":"https:\/\/novaluxeurope.com\/en\/product\/lattafa-fakhar-platin\/","title":{"rendered":"Lattafa Fakhar Platin"},"content":{"rendered":"<p>Olv\u00eddate de las reglas, los l\u00edmites y los obst\u00e1culos. El eau de parfum unisex Lattafa Fakhar Platin es perfecto para cualquier persona que no tenga miedo a destacar.<\/p>\n<ul>\n<li>fragancia especiada<\/li>\n<li>fragancia c\u00edtrica<\/li>\n<li>fragancia arom\u00e1tica con notas herbales<\/li>\n<li>fragancia amaderada<\/li>\n<li>para todas aquellas personas que no tienen miedo a destacar<\/li>\n<li>fragancia alegre que no dejar\u00e1 de gustarte<\/li>\n<li>fragancia adecuada para uso diario<\/li>\n<\/ul>\n<h4>Pir\u00e1mide olfativa<\/h4>\n<ul>\n<li><strong>Notas de entrada:<\/strong> bergamota, pimienta rosada, cardamomo<\/li>\n<li><strong>Notas de coraz\u00f3n:<\/strong> jengibre, lavanda, guayaba<\/li>\n<li><strong>Notas de salida:<\/strong> incenso, palo santo, madera de s\u00e1ndalo<\/li>\n<\/ul>","protected":false},"excerpt":{"rendered":"<p>Olv\u00eddate de las reglas, los l\u00edmites y los obst\u00e1culos. El eau de parfum unisex Lattafa Fakhar Platin es perfecto para cualquier persona que no tenga miedo a destacar. fragancia especiada fragancia c\u00edtrica fragancia arom\u00e1tica con notas herbales fragancia amaderada para todas aquellas personas que no tienen miedo a destacar fragancia alegre que no dejar\u00e1 de [&hellip;]<\/p>\n","protected":false},"featured_media":1739,"comment_status":"open","ping_status":"closed","template":"","meta":[],"product_brand":[310],"product_cat":[225],"product_tag":[102,77,365,185,180,73,47,366,181],"class_list":{"0":"post-1740","1":"product","2":"type-product","3":"status-publish","4":"has-post-thumbnail","6":"product_brand-lattafa","7":"product_cat-perfumes-y-fragancias","8":"product_tag-bergamota","9":"product_tag-cardamomo","10":"product_tag-guayaba","11":"product_tag-incenso","12":"product_tag-jengibre","13":"product_tag-lavanda","14":"product_tag-madera-de-sandalo","15":"product_tag-palo-santo","16":"product_tag-pimienta-rosada","18":"first","19":"instock","20":"taxable","21":"shipping-taxable","22":"product-type-simple"},"_links":{"self":[{"href":"https:\/\/novaluxeurope.com\/en\/wp-json\/wp\/v2\/product\/1740","targetHints":{"allow":["GET"]}}],"collection":[{"href":"https:\/\/novaluxeurope.com\/en\/wp-json\/wp\/v2\/product"}],"about":[{"href":"https:\/\/novaluxeurope.com\/en\/wp-json\/wp\/v2\/types\/product"}],"replies":[{"embeddable":true,"href":"https:\/\/novaluxeurope.com\/en\/wp-json\/wp\/v2\/comments?post=1740"}],"wp:featuredmedia":[{"embeddable":true,"href":"https:\/\/novaluxeurope.com\/en\/wp-json\/wp\/v2\/media\/1739"}],"wp:attachment":[{"href":"https:\/\/novaluxeurope.com\/en\/wp-json\/wp\/v2\/media?parent=1740"}],"wp:term":[{"taxonomy":"product_brand","embeddable":true,"href":"https:\/\/novaluxeurope.com\/en\/wp-json\/wp\/v2\/product_brand?post=1740"},{"taxonomy":"product_cat","embeddable":true,"href":"https:\/\/novaluxeurope.com\/en\/wp-json\/wp\/v2\/product_cat?post=1740"},{"taxonomy":"product_tag","embeddable":true,"href":"https:\/\/novaluxeurope.com\/en\/wp-json\/wp\/v2\/product_tag?post=1740"}],"curies":[{"name":"wp","href":"https:\/\/api.w.org\/{rel}","templated":true}]}}