{"id":1732,"date":"2026-04-10T14:48:25","date_gmt":"2026-04-10T14:48:25","guid":{"rendered":"https:\/\/novaluxeurope.com\/producto\/lattafa-confidential-private-gold\/"},"modified":"2026-05-09T20:01:12","modified_gmt":"2026-05-09T20:01:12","slug":"lattafa-confidential-private-gold","status":"publish","type":"product","link":"https:\/\/novaluxeurope.com\/en\/product\/lattafa-confidential-private-gold\/","title":{"rendered":"Lattafa Confidential Private Gold"},"content":{"rendered":"<p>El eau de parfum Lattafa Confidential Private Gold te envolver\u00e1 en una nube arom\u00e1tica que te har\u00e1 estar de muy buen humor durante todo el d\u00eda. Es la expresi\u00f3n del optimismo y la sensaci\u00f3n de felicidad absoluta, que te cautivar\u00e1 con su aroma frutal de jugoso melocot\u00f3n y dulces frambuesas.<\/p>\n<ul>\n<li>fragancia frutal-floral con acordes amaderados<\/li>\n<li>pensada tanto para hombre como para mujer<\/li>\n<li>adecuada para uso diario<\/li>\n<\/ul>\n<p> <strong>Composici\u00f3n de la fragancia:<\/strong><br \/>la fragancia Lattafa Confidential Private Gold se despierta con notas dulces de frutas, como la ex\u00f3tica maracuy\u00e1, las frambuesas frescas, el jugoso melocot\u00f3n y la grosella, agradablemente \u00e1cida. Despu\u00e9s te espera una embriagadora explosi\u00f3n de dulces flores de lirio de los valles, impregnadas del jugoso aroma de la pera. En cuanto estas notas se van disipando, toma la palabra el pachuli amaderado y ligeramente jabonoso en combinaci\u00f3n con la dulce madera de s\u00e1ndalo, el sensual almizcle y la c\u00e1lida vanilla.<\/p>\n<p><strong>Notino recomienda:<\/strong><br \/>Prueba tambi\u00e9n la \u00abhermana\u00bb c\u00edtrica de esta fragancia: el eau de parfum Confidential Platinium, en el que, adem\u00e1s de la bergamota, sentir\u00e1s el cipr\u00e9s o las notas de flores marinas.<\/p>\n<h4>Pir\u00e1mide olfativa<\/h4>\n<ul>\n<li><strong>Notas de entrada:<\/strong> melocot\u00f3n, frambuesa<\/li>\n<li><strong>Notas de coraz\u00f3n:<\/strong> lirio de los valles, verrucaria, cassis, oud<\/li>\n<li><strong>Notas de salida:<\/strong> \u00e1mbar, madera de s\u00e1ndalo, vainilla, almizcle<\/li>\n<\/ul>","protected":false},"excerpt":{"rendered":"<p>El eau de parfum Lattafa Confidential Private Gold te envolver\u00e1 en una nube arom\u00e1tica que te har\u00e1 estar de muy buen humor durante todo el d\u00eda. Es la expresi\u00f3n del optimismo y la sensaci\u00f3n de felicidad absoluta, que te cautivar\u00e1 con su aroma frutal de jugoso melocot\u00f3n y dulces frambuesas. fragancia frutal-floral con acordes amaderados [&hellip;]<\/p>\n","protected":false},"featured_media":1731,"comment_status":"open","ping_status":"closed","template":"","meta":[],"product_brand":[310],"product_cat":[225],"product_tag":[59,52,134,97,85,47,186,48,63,249],"class_list":{"0":"post-1732","1":"product","2":"type-product","3":"status-publish","4":"has-post-thumbnail","6":"product_brand-lattafa","7":"product_cat-perfumes-y-fragancias","8":"product_tag-almizcle","9":"product_tag-ambar","10":"product_tag-cassis","11":"product_tag-frambuesa","12":"product_tag-lirio-de-los-valles","13":"product_tag-madera-de-sandalo","14":"product_tag-melocoton","15":"product_tag-oud","16":"product_tag-vainilla","17":"product_tag-verrucaria","19":"first","20":"instock","21":"taxable","22":"shipping-taxable","23":"product-type-simple"},"_links":{"self":[{"href":"https:\/\/novaluxeurope.com\/en\/wp-json\/wp\/v2\/product\/1732","targetHints":{"allow":["GET"]}}],"collection":[{"href":"https:\/\/novaluxeurope.com\/en\/wp-json\/wp\/v2\/product"}],"about":[{"href":"https:\/\/novaluxeurope.com\/en\/wp-json\/wp\/v2\/types\/product"}],"replies":[{"embeddable":true,"href":"https:\/\/novaluxeurope.com\/en\/wp-json\/wp\/v2\/comments?post=1732"}],"wp:featuredmedia":[{"embeddable":true,"href":"https:\/\/novaluxeurope.com\/en\/wp-json\/wp\/v2\/media\/1731"}],"wp:attachment":[{"href":"https:\/\/novaluxeurope.com\/en\/wp-json\/wp\/v2\/media?parent=1732"}],"wp:term":[{"taxonomy":"product_brand","embeddable":true,"href":"https:\/\/novaluxeurope.com\/en\/wp-json\/wp\/v2\/product_brand?post=1732"},{"taxonomy":"product_cat","embeddable":true,"href":"https:\/\/novaluxeurope.com\/en\/wp-json\/wp\/v2\/product_cat?post=1732"},{"taxonomy":"product_tag","embeddable":true,"href":"https:\/\/novaluxeurope.com\/en\/wp-json\/wp\/v2\/product_tag?post=1732"}],"curies":[{"name":"wp","href":"https:\/\/api.w.org\/{rel}","templated":true}]}}