{"id":1711,"date":"2026-04-10T14:48:18","date_gmt":"2026-04-10T14:48:18","guid":{"rendered":"https:\/\/novaluxeurope.com\/producto\/lattafa-atlas-edp-u-55-ml_x000d_\/"},"modified":"2026-05-10T00:01:16","modified_gmt":"2026-05-10T00:01:16","slug":"lattafa-atlas-edp-u-55-ml_x000d_","status":"publish","type":"product","link":"https:\/\/novaluxeurope.com\/en\/product\/lattafa-atlas-edp-u-55-ml_x000d_\/","title":{"rendered":"Lattafa Atlas 55 ml_x000D_"},"content":{"rendered":"<p>Lattafa Atlas 55 ml Eau de Parfum es una fragancia unisex audaz y vigorizante que canaliza la energ\u00eda bruta del oc\u00e9ano en un aroma complejo y duradero. Comienza con una combinaci\u00f3n fresca y vigorizante de sal, notas marinas y lim\u00f3n, que proporciona una apertura n\u00edtida y azotada por el viento que evoca inmediatamente el poder de las olas y las aguas abiertas. A medida que la fragancia se despliega, la n\u00edtida frescura marina se suaviza con un elegante coraz\u00f3n de iris y davana , que a\u00f1ade un car\u00e1cter arom\u00e1tico y ligeramente floral que equilibra el entusiasmo inicial. Estas notas aportan un sutil refinamiento a la composici\u00f3n, realzando su profundidad sin apagar su brillo. La fase de secado revela una base c\u00e1lida y terrosa de \u00e1mbar gris, s\u00e1ndalo y musgo de roble, que aporta a la composici\u00f3n una calidez rica y natural. Estas notas de fondo proporcionan una estela duradera que se adhiere a la piel y a los tejidos, convirtiendo a Atlas en una fragancia destacada para quienes aprecian las fragancias acu\u00e1ticas y atrevidas con una fuerte proyecci\u00f3n y una presencia duradera. Perfecto para el verano, las escapadas junto al mar o cualquier ocasi\u00f3n que requiera una declaraci\u00f3n de frescura y fuerza. NOTAS DE PERFUME Notas de salida: Sal, notas marinas, lim\u00f3n Notas medias: Iris, Davana Notas de Fondo: \u00c1mbar gris, s\u00e1ndalo, musgo de roble<\/p>\n<h4>Pir\u00e1mide olfativa<\/h4>\n<ul>\n<li><strong>Notas de entrada:<\/strong> Notas de mar, Sal, Lim\u00f3n<\/li>\n<li><strong>Notas de coraz\u00f3n:<\/strong> Davana, Iris<\/li>\n<li><strong>Notas de salida:<\/strong> Ambergris, Oakmoss, S\u00e1ndalo<\/li>\n<\/ul>","protected":false},"excerpt":{"rendered":"<p>Lattafa Atlas 55 ml Eau de Parfum es una fragancia unisex audaz y vigorizante que canaliza la energ\u00eda bruta del oc\u00e9ano en un aroma complejo y duradero. Comienza con una combinaci\u00f3n fresca y vigorizante de sal, notas marinas y lim\u00f3n, que proporciona una apertura n\u00edtida y azotada por el viento que evoca inmediatamente el poder [&hellip;]<\/p>\n","protected":false},"featured_media":1710,"comment_status":"open","ping_status":"closed","template":"","meta":[],"product_brand":[310],"product_cat":[225],"product_tag":[234,130,55,140,358,124,142,174],"class_list":{"0":"post-1711","1":"product","2":"type-product","3":"status-publish","4":"has-post-thumbnail","6":"product_brand-lattafa","7":"product_cat-perfumes-y-fragancias","8":"product_tag-ambergris","9":"product_tag-davana","10":"product_tag-iris","11":"product_tag-limon","12":"product_tag-notas-de-mar","13":"product_tag-oakmoss","14":"product_tag-sal","15":"product_tag-sandalo","17":"first","18":"instock","19":"taxable","20":"shipping-taxable","21":"product-type-simple"},"_links":{"self":[{"href":"https:\/\/novaluxeurope.com\/en\/wp-json\/wp\/v2\/product\/1711","targetHints":{"allow":["GET"]}}],"collection":[{"href":"https:\/\/novaluxeurope.com\/en\/wp-json\/wp\/v2\/product"}],"about":[{"href":"https:\/\/novaluxeurope.com\/en\/wp-json\/wp\/v2\/types\/product"}],"replies":[{"embeddable":true,"href":"https:\/\/novaluxeurope.com\/en\/wp-json\/wp\/v2\/comments?post=1711"}],"wp:featuredmedia":[{"embeddable":true,"href":"https:\/\/novaluxeurope.com\/en\/wp-json\/wp\/v2\/media\/1710"}],"wp:attachment":[{"href":"https:\/\/novaluxeurope.com\/en\/wp-json\/wp\/v2\/media?parent=1711"}],"wp:term":[{"taxonomy":"product_brand","embeddable":true,"href":"https:\/\/novaluxeurope.com\/en\/wp-json\/wp\/v2\/product_brand?post=1711"},{"taxonomy":"product_cat","embeddable":true,"href":"https:\/\/novaluxeurope.com\/en\/wp-json\/wp\/v2\/product_cat?post=1711"},{"taxonomy":"product_tag","embeddable":true,"href":"https:\/\/novaluxeurope.com\/en\/wp-json\/wp\/v2\/product_tag?post=1711"}],"curies":[{"name":"wp","href":"https:\/\/api.w.org\/{rel}","templated":true}]}}