{"id":1708,"date":"2026-04-10T14:48:17","date_gmt":"2026-04-10T14:48:17","guid":{"rendered":"https:\/\/novaluxeurope.com\/producto\/lattafa-atheeri\/"},"modified":"2026-05-10T00:01:16","modified_gmt":"2026-05-10T00:01:16","slug":"lattafa-atheeri","status":"publish","type":"product","link":"https:\/\/novaluxeurope.com\/en\/product\/lattafa-atheeri\/","title":{"rendered":"Lattafa Atheeri"},"content":{"rendered":"<p>El eau de parfum para mujer Lattafa Atheeri te revelar\u00e1 lo sensual que puede ser una fragancia oriental. El enigma y la pizca de misterio que emanan de ella te cautivar\u00e1n al instante y no dejar\u00e1n indiferentes a los que te rodean.<\/p>\n<ul>\n<li>fragancia floral<\/li>\n<li>fragancia dulce<\/li>\n<li>fragancia de \u00e1mbar<\/li>\n<li>las mujeres con alma rom\u00e1ntica la apreciar\u00e1n<\/li>\n<li>fragancia c\u00e1lida, ideal para las \u00e9pocas fr\u00edas<\/li>\n<\/ul>\n<h4>Pir\u00e1mide olfativa<\/h4>\n<ul>\n<li><strong>Notas de entrada:<\/strong> flor de maracuj\u00e1, gotas de roc\u00edo<\/li>\n<li><strong>Notas de coraz\u00f3n:<\/strong> orqu\u00eddea, jazm\u00edn<\/li>\n<li><strong>Notas de salida:<\/strong> vainilla, madera \u00e1mbar<\/li>\n<\/ul>","protected":false},"excerpt":{"rendered":"<p>El eau de parfum para mujer Lattafa Atheeri te revelar\u00e1 lo sensual que puede ser una fragancia oriental. El enigma y la pizca de misterio que emanan de ella te cautivar\u00e1n al instante y no dejar\u00e1n indiferentes a los que te rodean. fragancia floral fragancia dulce fragancia de \u00e1mbar las mujeres con alma rom\u00e1ntica la [&hellip;]<\/p>\n","protected":false},"featured_media":1707,"comment_status":"open","ping_status":"closed","template":"","meta":[],"product_brand":[310],"product_cat":[225],"product_tag":[355,356,56,219,248,63],"class_list":{"0":"post-1708","1":"product","2":"type-product","3":"status-publish","4":"has-post-thumbnail","6":"product_brand-lattafa","7":"product_cat-perfumes-y-fragancias","8":"product_tag-flor-de-maracuja","9":"product_tag-gotas-de-rocio","10":"product_tag-jazmin","11":"product_tag-madera-ambar","12":"product_tag-orquidea","13":"product_tag-vainilla","15":"first","16":"instock","17":"taxable","18":"shipping-taxable","19":"product-type-simple"},"_links":{"self":[{"href":"https:\/\/novaluxeurope.com\/en\/wp-json\/wp\/v2\/product\/1708","targetHints":{"allow":["GET"]}}],"collection":[{"href":"https:\/\/novaluxeurope.com\/en\/wp-json\/wp\/v2\/product"}],"about":[{"href":"https:\/\/novaluxeurope.com\/en\/wp-json\/wp\/v2\/types\/product"}],"replies":[{"embeddable":true,"href":"https:\/\/novaluxeurope.com\/en\/wp-json\/wp\/v2\/comments?post=1708"}],"wp:featuredmedia":[{"embeddable":true,"href":"https:\/\/novaluxeurope.com\/en\/wp-json\/wp\/v2\/media\/1707"}],"wp:attachment":[{"href":"https:\/\/novaluxeurope.com\/en\/wp-json\/wp\/v2\/media?parent=1708"}],"wp:term":[{"taxonomy":"product_brand","embeddable":true,"href":"https:\/\/novaluxeurope.com\/en\/wp-json\/wp\/v2\/product_brand?post=1708"},{"taxonomy":"product_cat","embeddable":true,"href":"https:\/\/novaluxeurope.com\/en\/wp-json\/wp\/v2\/product_cat?post=1708"},{"taxonomy":"product_tag","embeddable":true,"href":"https:\/\/novaluxeurope.com\/en\/wp-json\/wp\/v2\/product_tag?post=1708"}],"curies":[{"name":"wp","href":"https:\/\/api.w.org\/{rel}","templated":true}]}}