{"id":1702,"date":"2026-04-10T14:48:13","date_gmt":"2026-04-10T14:48:13","guid":{"rendered":"https:\/\/novaluxeurope.com\/producto\/lattafa-art-of-universe-gift-set-edp-100-ml-edp-20-ml-deospray-200-ml\/"},"modified":"2026-05-06T04:01:17","modified_gmt":"2026-05-06T04:01:17","slug":"lattafa-art-of-universe-gift-set-edp-100-ml-edp-20-ml-deospray-200-ml","status":"publish","type":"product","link":"https:\/\/novaluxeurope.com\/en\/product\/lattafa-art-of-universe-gift-set-edp-100-ml-edp-20-ml-deospray-200-ml\/","title":{"rendered":"Lattafa Art of Universe gift set &#8211; + + deospray"},"content":{"rendered":"<p>Lattafa Pride Art Of Universe Gift Set es un refinado set de fragancias unisex presentado en 2025 por Lattafa Perfumes. Dise\u00f1ado como un ritual de fragancia completo, este elegante estuche re\u00fane varios formatos de la misma fragancia, por lo que es ideal para llevar a diario, viajar y regalar. La fragancia pertenece a la familia olfativa C\u00edtrica Arom\u00e1tica y se abre con una en\u00e9rgica mezcla de mandarina y bergamota, realzada por el brillo especiado del jengibre y la frescura refrescante de la menta. Esta vibrante apertura resulta limpia, moderna y estimulante, creando una inmediata sensaci\u00f3n de frescor. En el coraz\u00f3n, la composici\u00f3n se vuelve m\u00e1s suave y redondeada. La Pera introduce un suave dulzor afrutado, mientras que el Azahar a\u00f1ade un ligero matiz floral que suaviza la transici\u00f3n de la frescura c\u00edtrica a una base m\u00e1s c\u00e1lida y reconfortante. La base se compone de almizcle, \u00e1mbar y cedro, que aportan a la fragancia profundidad, calidez y un sutil car\u00e1cter amaderado. Estas notas garantizan un buen equilibrio y capacidad de uso, lo que permite que la fragancia se mantenga fresca pero firme durante todo el d\u00eda. Lo que hace que este producto sea especialmente atractivo es su presentaci\u00f3n como set de regalo completo, que ofrece versatilidad y opciones de estratificaci\u00f3n. El frasco de tama\u00f1o normal es perfecto para el uso diario, el vaporizador m\u00e1s peque\u00f1o es ideal para llevar de viaje o en el bolso, y el desodorante perfumado prolonga la experiencia de la fragancia con un frescor perfumado de larga duraci\u00f3n. Contenido del estuche de regalo Eau de Parfum 100 ml &#8211; frasco de tama\u00f1o normal para uso diario Eau de Parfum 20 ml &#8211; versi\u00f3n compacta de viaje Desodorante perfumado en spray 200 ml &#8211; complementa la fragancia y aumenta su duraci\u00f3n El estuche de regalo Art Of Universe de Lattafa Pride es una opci\u00f3n vers\u00e1til tanto para hombres como para mujeres que aprecian las frescas aperturas c\u00edtricas equilibradas con la calidez arom\u00e1tica. Su perfil moderno y su composici\u00f3n pr\u00e1ctica lo hacen adecuado para el uso diario, ocasiones informales y como un regalo bien pensado y completo. NOTAS DE PERFUME Notas de salida: Mandarina, Bergamota, Jengibre, Menta Notas medias: Pera, Azahar Notas de Fondo: Almizcle, \u00c1mbar, Cedro<\/p>\n<h4>Pir\u00e1mide olfativa<\/h4>\n<ul>\n<li><strong>Notas de entrada:<\/strong> Mandar\u00edn, Bergamota, Menta, Jengibre<\/li>\n<li><strong>Notas de coraz\u00f3n:<\/strong> Pera, Azahar<\/li>\n<li><strong>Notas de salida:<\/strong> Almizcle, \u00c1mbar, Cedro<\/li>\n<\/ul>","protected":false},"excerpt":{"rendered":"<p>Lattafa Pride Art Of Universe Gift Set es un refinado set de fragancias unisex presentado en 2025 por Lattafa Perfumes. Dise\u00f1ado como un ritual de fragancia completo, este elegante estuche re\u00fane varios formatos de la misma fragancia, por lo que es ideal para llevar a diario, viajar y regalar. La fragancia pertenece a la familia [&hellip;]<\/p>\n","protected":false},"featured_media":1701,"comment_status":"open","ping_status":"closed","template":"","meta":[],"product_brand":[310],"product_cat":[225],"product_tag":[59,52,353,102,53,180,122,194,112],"class_list":{"0":"post-1702","1":"product","2":"type-product","3":"status-publish","4":"has-post-thumbnail","6":"product_brand-lattafa","7":"product_cat-perfumes-y-fragancias","8":"product_tag-almizcle","9":"product_tag-ambar","10":"product_tag-azahar","11":"product_tag-bergamota","12":"product_tag-cedro","13":"product_tag-jengibre","14":"product_tag-mandarin","15":"product_tag-menta","16":"product_tag-pera","18":"first","19":"instock","20":"taxable","21":"shipping-taxable","22":"product-type-simple"},"_links":{"self":[{"href":"https:\/\/novaluxeurope.com\/en\/wp-json\/wp\/v2\/product\/1702","targetHints":{"allow":["GET"]}}],"collection":[{"href":"https:\/\/novaluxeurope.com\/en\/wp-json\/wp\/v2\/product"}],"about":[{"href":"https:\/\/novaluxeurope.com\/en\/wp-json\/wp\/v2\/types\/product"}],"replies":[{"embeddable":true,"href":"https:\/\/novaluxeurope.com\/en\/wp-json\/wp\/v2\/comments?post=1702"}],"wp:featuredmedia":[{"embeddable":true,"href":"https:\/\/novaluxeurope.com\/en\/wp-json\/wp\/v2\/media\/1701"}],"wp:attachment":[{"href":"https:\/\/novaluxeurope.com\/en\/wp-json\/wp\/v2\/media?parent=1702"}],"wp:term":[{"taxonomy":"product_brand","embeddable":true,"href":"https:\/\/novaluxeurope.com\/en\/wp-json\/wp\/v2\/product_brand?post=1702"},{"taxonomy":"product_cat","embeddable":true,"href":"https:\/\/novaluxeurope.com\/en\/wp-json\/wp\/v2\/product_cat?post=1702"},{"taxonomy":"product_tag","embeddable":true,"href":"https:\/\/novaluxeurope.com\/en\/wp-json\/wp\/v2\/product_tag?post=1702"}],"curies":[{"name":"wp","href":"https:\/\/api.w.org\/{rel}","templated":true}]}}