{"id":1690,"date":"2026-04-10T14:48:10","date_gmt":"2026-04-10T14:48:10","guid":{"rendered":"https:\/\/novaluxeurope.com\/producto\/lattafa-art-of-nature-i-gift-set-edp-100-ml-edp-20-ml-deospray-200-ml\/"},"modified":"2026-04-24T13:31:39","modified_gmt":"2026-04-24T13:31:39","slug":"lattafa-art-of-nature-i-gift-set-edp-100-ml-edp-20-ml-deospray-200-ml","status":"publish","type":"product","link":"https:\/\/novaluxeurope.com\/en\/product\/lattafa-art-of-nature-i-gift-set-edp-100-ml-edp-20-ml-deospray-200-ml\/","title":{"rendered":"Lattafa Art of Nature I gift set &#8211; + + deospray"},"content":{"rendered":"<p>El set de regalo Art of Nature I de Lattafa Pride es una refinada colecci\u00f3n de fragancias unisex dise\u00f1ada para ofrecer lujo y funcionalidad en una elegante presentaci\u00f3n. Creado para aquellos que aprecian la profundidad, el car\u00e1cter y la versatilidad, este set de tres piezas re\u00fane la ic\u00f3nica fragancia Art of Nature I en m\u00faltiples formatos, por lo que es adecuado para el uso diario, los viajes y la superposici\u00f3n. Con un Eau de Parfum de tama\u00f1o completo, un vaporizador compacto de viaje y un desodorante complementario, este set de regalo refleja el enfoque moderno de Lattafa Pride hacia una perfumer\u00eda sofisticada y completa. La fragancia pertenece a una familia floral oriental enriquecida con matices afrutados, amaderados y ambarinos. Se abre con una exuberante y expresiva mezcla de ciruela, grosella negra e higo, que ofrece una introducci\u00f3n madura y atractiva que capta inmediatamente la atenci\u00f3n. A medida que la composici\u00f3n evoluciona, el coraz\u00f3n revela un car\u00e1cter m\u00e1s texturizado e intrigante, donde la rosa se encuentra con la frescura y la nitidez del ruibarbo, sutilmente acentuado por el cuero. Esta interacci\u00f3n crea un contraste distintivo entre elegancia y profundidad, confiriendo a la fragancia su personalidad \u00fanica y memorable. En la base, Art of Nature I se vuelve c\u00e1lida y duradera. El Oud forma la base, complementada por el \u00c1mbar gris y la Vainilla , dando como resultado un acabado rico y sensual que perdura c\u00f3modamente en la piel. El desodorante en spray a juego permite una f\u00e1cil superposici\u00f3n, mientras que el Eau de Parfum de 20 ml a\u00f1ade comodidad para viajar o refrescarse sobre la marcha, convirtiendo este set de regalo en una experiencia de fragancia completa y vers\u00e1til. EL JUEGO CONTIENE Eau de Parfum 100 ml &#8211; frasco de tama\u00f1o normal para uso habitual, Desodorante Perfumado en Spray 200 ml &#8211; complementa la fragancia y aumenta su duraci\u00f3n, Eau de Parfum 20 ml &#8211; versi\u00f3n compacta de viaje NOTAS DE PERFUME Notas de salida: Ciruela, grosella negra, higo Notas medias: Rosa, ruibarbo, cuero Notas de fondo: Oud, \u00c1mbar gris, Vainilla<\/p>\n<h4>Pir\u00e1mide olfativa<\/h4>\n<ul>\n<li><strong>Notas de entrada:<\/strong> Ciruela, Figura, Grosella negra<\/li>\n<li><strong>Notas de coraz\u00f3n:<\/strong> Piel, Ruibarbo, Rosa<\/li>\n<li><strong>Notas de salida:<\/strong> Oud, Ambergris, Vainilla<\/li>\n<\/ul>","protected":false},"excerpt":{"rendered":"<p>El set de regalo Art of Nature I de Lattafa Pride es una refinada colecci\u00f3n de fragancias unisex dise\u00f1ada para ofrecer lujo y funcionalidad en una elegante presentaci\u00f3n. Creado para aquellos que aprecian la profundidad, el car\u00e1cter y la versatilidad, este set de tres piezas re\u00fane la ic\u00f3nica fragancia Art of Nature I en m\u00faltiples [&hellip;]<\/p>\n","protected":false},"featured_media":1689,"comment_status":"open","ping_status":"closed","template":"","meta":[],"product_brand":[310],"product_cat":[225],"product_tag":[234,198,172,111,48,137,49,191,63],"class_list":{"0":"post-1690","1":"product","2":"type-product","3":"status-publish","4":"has-post-thumbnail","6":"product_brand-lattafa","7":"product_cat-perfumes-y-fragancias","8":"product_tag-ambergris","9":"product_tag-ciruela","10":"product_tag-figura","11":"product_tag-grosella-negra","12":"product_tag-oud","13":"product_tag-piel","14":"product_tag-rosa","15":"product_tag-ruibarbo","16":"product_tag-vainilla","18":"first","19":"instock","20":"taxable","21":"shipping-taxable","22":"product-type-simple"},"_links":{"self":[{"href":"https:\/\/novaluxeurope.com\/en\/wp-json\/wp\/v2\/product\/1690","targetHints":{"allow":["GET"]}}],"collection":[{"href":"https:\/\/novaluxeurope.com\/en\/wp-json\/wp\/v2\/product"}],"about":[{"href":"https:\/\/novaluxeurope.com\/en\/wp-json\/wp\/v2\/types\/product"}],"replies":[{"embeddable":true,"href":"https:\/\/novaluxeurope.com\/en\/wp-json\/wp\/v2\/comments?post=1690"}],"wp:featuredmedia":[{"embeddable":true,"href":"https:\/\/novaluxeurope.com\/en\/wp-json\/wp\/v2\/media\/1689"}],"wp:attachment":[{"href":"https:\/\/novaluxeurope.com\/en\/wp-json\/wp\/v2\/media?parent=1690"}],"wp:term":[{"taxonomy":"product_brand","embeddable":true,"href":"https:\/\/novaluxeurope.com\/en\/wp-json\/wp\/v2\/product_brand?post=1690"},{"taxonomy":"product_cat","embeddable":true,"href":"https:\/\/novaluxeurope.com\/en\/wp-json\/wp\/v2\/product_cat?post=1690"},{"taxonomy":"product_tag","embeddable":true,"href":"https:\/\/novaluxeurope.com\/en\/wp-json\/wp\/v2\/product_tag?post=1690"}],"curies":[{"name":"wp","href":"https:\/\/api.w.org\/{rel}","templated":true}]}}