{"id":1687,"date":"2026-04-10T14:48:08","date_gmt":"2026-04-10T14:48:08","guid":{"rendered":"https:\/\/novaluxeurope.com\/producto\/lattafa-ana-abiyedh-coral\/"},"modified":"2026-05-08T20:01:10","modified_gmt":"2026-05-08T20:01:10","slug":"lattafa-ana-abiyedh-coral","status":"publish","type":"product","link":"https:\/\/novaluxeurope.com\/en\/product\/lattafa-ana-abiyedh-coral\/","title":{"rendered":"Lattafa Ana Abiyedh Coral"},"content":{"rendered":"<p>Fresco y misterioso al mismo tiempo. Moderno y, sin embargo, atemporal. Es el eau de parfum unisex Lattafa Ana Abiyedh Coral, con una composici\u00f3n arom\u00e1tica perfecta tanto para hombre como para mujer.<\/p>\n<ul>\n<li>fragancia acu\u00e1tica<\/li>\n<li>fragancia frutal<\/li>\n<li>fragancia dulce<\/li>\n<li>una fragancia que deleitar\u00e1 a quienes les gustan las composiciones originales e inusuales<\/li>\n<li>fragancia fresca, ideal para las \u00e9pocas c\u00e1lidas<\/li>\n<li>fragancia unisex<\/li>\n<\/ul>\n<h4>Pir\u00e1mide olfativa<\/h4>\n<ul>\n<li><strong>Notas de entrada:<\/strong> sand\u00eda, melocot\u00f3n, naranja<\/li>\n<li><strong>Notas de coraz\u00f3n:<\/strong> coco, flores blancas<\/li>\n<li><strong>Notas de salida:<\/strong> vainilla, \u00e1mbar, almizcle<\/li>\n<\/ul>","protected":false},"excerpt":{"rendered":"<p>Fresco y misterioso al mismo tiempo. Moderno y, sin embargo, atemporal. Es el eau de parfum unisex Lattafa Ana Abiyedh Coral, con una composici\u00f3n arom\u00e1tica perfecta tanto para hombre como para mujer. fragancia acu\u00e1tica fragancia frutal fragancia dulce una fragancia que deleitar\u00e1 a quienes les gustan las composiciones originales e inusuales fragancia fresca, ideal para [&hellip;]<\/p>\n","protected":false},"featured_media":1686,"comment_status":"open","ping_status":"closed","template":"","meta":[],"product_brand":[310],"product_cat":[225],"product_tag":[59,52,144,110,186,98,352,63],"class_list":{"0":"post-1687","1":"product","2":"type-product","3":"status-publish","4":"has-post-thumbnail","6":"product_brand-lattafa","7":"product_cat-perfumes-y-fragancias","8":"product_tag-almizcle","9":"product_tag-ambar","10":"product_tag-coco","11":"product_tag-flores-blancas","12":"product_tag-melocoton","13":"product_tag-naranja","14":"product_tag-sandia","15":"product_tag-vainilla","17":"first","18":"instock","19":"taxable","20":"shipping-taxable","21":"product-type-simple"},"_links":{"self":[{"href":"https:\/\/novaluxeurope.com\/en\/wp-json\/wp\/v2\/product\/1687","targetHints":{"allow":["GET"]}}],"collection":[{"href":"https:\/\/novaluxeurope.com\/en\/wp-json\/wp\/v2\/product"}],"about":[{"href":"https:\/\/novaluxeurope.com\/en\/wp-json\/wp\/v2\/types\/product"}],"replies":[{"embeddable":true,"href":"https:\/\/novaluxeurope.com\/en\/wp-json\/wp\/v2\/comments?post=1687"}],"wp:featuredmedia":[{"embeddable":true,"href":"https:\/\/novaluxeurope.com\/en\/wp-json\/wp\/v2\/media\/1686"}],"wp:attachment":[{"href":"https:\/\/novaluxeurope.com\/en\/wp-json\/wp\/v2\/media?parent=1687"}],"wp:term":[{"taxonomy":"product_brand","embeddable":true,"href":"https:\/\/novaluxeurope.com\/en\/wp-json\/wp\/v2\/product_brand?post=1687"},{"taxonomy":"product_cat","embeddable":true,"href":"https:\/\/novaluxeurope.com\/en\/wp-json\/wp\/v2\/product_cat?post=1687"},{"taxonomy":"product_tag","embeddable":true,"href":"https:\/\/novaluxeurope.com\/en\/wp-json\/wp\/v2\/product_tag?post=1687"}],"curies":[{"name":"wp","href":"https:\/\/api.w.org\/{rel}","templated":true}]}}