{"id":1684,"date":"2026-04-10T14:48:06","date_gmt":"2026-04-10T14:48:06","guid":{"rendered":"https:\/\/novaluxeurope.com\/producto\/lattafa-badee-al-oud-noble-blush\/"},"modified":"2026-05-09T12:01:12","modified_gmt":"2026-05-09T12:01:12","slug":"lattafa-badee-al-oud-noble-blush","status":"publish","type":"product","link":"https:\/\/novaluxeurope.com\/en\/product\/lattafa-badee-al-oud-noble-blush\/","title":{"rendered":"Lattafa Badee Al Oud Noble Blush"},"content":{"rendered":"<p dir=\"ltr\"><strong>Una elegancia rosada y dulce<\/strong><\/p>\n<p dir=\"ltr\">El eau de parfum Lattafa Badee Al Oud Noble Blush es como una tierna caricia en la piel: delicada y so\u00f1adora. Una fragancia que hace volar tu imaginaci\u00f3n, envolviendo tus sentidos en una bruma rosa de ensue\u00f1o. Cada gota de este eau de parfum es como un dulce para el alma: gourmand e irresistiblemente cremoso.<\/p>\n<ul>\n<li value=\"1\">fragancia dulce y atalcada con un acorde de almendra<\/li>\n<li value=\"2\">ideal para las mujeres a las que les gusta la suavidad con un matiz profundo<\/li>\n<li value=\"3\">para los d\u00edas m\u00e1s fr\u00edos, las veladas rom\u00e1nticas y los momentos extraordinarios<\/li>\n<\/ul>\n<p dir=\"ltr\"><strong>Composici\u00f3n de la fragancia:<\/strong><br \/>Las notas de salida se componen del aroma gourmand de la leche de rosa, creando una impresi\u00f3n suave y rom\u00e1ntica. A continuaci\u00f3n surge un delicado velo de almendras y dulces merengues a punto de nieve, que aportan redondez y una riqueza cremosa a la fragancia. Al final, toda la composici\u00f3n se asienta sobre el abrazo aterciopelado de la vainilla, la madera de s\u00e1ndalo y el aroma limpio del almizcle.<\/p>\n<p dir=\"ltr\"><strong>Historia de la fragancia:<\/strong><br \/>El eau de parfum Noble Blush pertenece a la popular colecci\u00f3n Badee Al Oud y representa su lado m\u00e1s tierno y dulce. Cada uno de sus elementos, desde el frasco rosa hasta los ingredientes que contiene, ha sido pensado para crear una impresi\u00f3n encantadora y de ensue\u00f1o. Es como una peque\u00f1a escapada a un mundo donde todo huele a almendras, rosas y ternura.<\/p>\n<h4>Pir\u00e1mide olfativa<\/h4>\n<ul>\n<li><strong>Notas de entrada:<\/strong> rosa, leche<\/li>\n<li><strong>Notas de coraz\u00f3n:<\/strong> almendras, merengue<\/li>\n<li><strong>Notas de salida:<\/strong> madera de s\u00e1ndalo, vainilla, almizcle<\/li>\n<\/ul>","protected":false},"excerpt":{"rendered":"<p>Una elegancia rosada y dulce El eau de parfum Lattafa Badee Al Oud Noble Blush es como una tierna caricia en la piel: delicada y so\u00f1adora. Una fragancia que hace volar tu imaginaci\u00f3n, envolviendo tus sentidos en una bruma rosa de ensue\u00f1o. Cada gota de este eau de parfum es como un dulce para el [&hellip;]<\/p>\n","protected":false},"featured_media":1683,"comment_status":"open","ping_status":"closed","template":"","meta":[],"product_brand":[310],"product_cat":[225],"product_tag":[244,59,146,47,351,49,63],"class_list":{"0":"post-1684","1":"product","2":"type-product","3":"status-publish","4":"has-post-thumbnail","6":"product_brand-lattafa","7":"product_cat-perfumes-y-fragancias","8":"product_tag-almendras","9":"product_tag-almizcle","10":"product_tag-leche","11":"product_tag-madera-de-sandalo","12":"product_tag-merengue","13":"product_tag-rosa","14":"product_tag-vainilla","16":"first","17":"instock","18":"taxable","19":"shipping-taxable","20":"product-type-simple"},"_links":{"self":[{"href":"https:\/\/novaluxeurope.com\/en\/wp-json\/wp\/v2\/product\/1684","targetHints":{"allow":["GET"]}}],"collection":[{"href":"https:\/\/novaluxeurope.com\/en\/wp-json\/wp\/v2\/product"}],"about":[{"href":"https:\/\/novaluxeurope.com\/en\/wp-json\/wp\/v2\/types\/product"}],"replies":[{"embeddable":true,"href":"https:\/\/novaluxeurope.com\/en\/wp-json\/wp\/v2\/comments?post=1684"}],"wp:featuredmedia":[{"embeddable":true,"href":"https:\/\/novaluxeurope.com\/en\/wp-json\/wp\/v2\/media\/1683"}],"wp:attachment":[{"href":"https:\/\/novaluxeurope.com\/en\/wp-json\/wp\/v2\/media?parent=1684"}],"wp:term":[{"taxonomy":"product_brand","embeddable":true,"href":"https:\/\/novaluxeurope.com\/en\/wp-json\/wp\/v2\/product_brand?post=1684"},{"taxonomy":"product_cat","embeddable":true,"href":"https:\/\/novaluxeurope.com\/en\/wp-json\/wp\/v2\/product_cat?post=1684"},{"taxonomy":"product_tag","embeddable":true,"href":"https:\/\/novaluxeurope.com\/en\/wp-json\/wp\/v2\/product_tag?post=1684"}],"curies":[{"name":"wp","href":"https:\/\/api.w.org\/{rel}","templated":true}]}}