{"id":1681,"date":"2026-04-10T14:48:03","date_gmt":"2026-04-10T14:48:03","guid":{"rendered":"https:\/\/novaluxeurope.com\/producto\/lattafa-al-nashama-caprice\/"},"modified":"2026-04-24T13:31:39","modified_gmt":"2026-04-24T13:31:39","slug":"lattafa-al-nashama-caprice","status":"publish","type":"product","link":"https:\/\/novaluxeurope.com\/en\/product\/lattafa-al-nashama-caprice\/","title":{"rendered":"Lattafa Al Nashama Caprice"},"content":{"rendered":"<p>Cada d\u00eda es una nueva oportunidad para afrontar retos. El eau de parfum unisex Lattafa Al Nashama Caprice refresca tu mente para que puedas seguir tu instinto con valent\u00eda. L\u00e1nzate al encuentro de la aventura diaria.<\/p>\n<ul>\n<li>fragancia c\u00edtrica<\/li>\n<li>fragancia arom\u00e1tica con notas herbales<\/li>\n<li>fragancia oriental<\/li>\n<\/ul>\n<h4>Pir\u00e1mide olfativa<\/h4>\n<ul>\n<li><strong>Notas de entrada:<\/strong> bergamota, lim\u00f3n, jengibre, cardamomo<\/li>\n<li><strong>Notas de coraz\u00f3n:<\/strong> geranio, menta, lavanda<\/li>\n<li><strong>Notas de salida:<\/strong> \u00e1mbar, pachuli, vetiver, madera de cedro<\/li>\n<\/ul>","protected":false},"excerpt":{"rendered":"<p>Cada d\u00eda es una nueva oportunidad para afrontar retos. El eau de parfum unisex Lattafa Al Nashama Caprice refresca tu mente para que puedas seguir tu instinto con valent\u00eda. L\u00e1nzate al encuentro de la aventura diaria. fragancia c\u00edtrica fragancia arom\u00e1tica con notas herbales fragancia oriental Pir\u00e1mide olfativa Notas de entrada: bergamota, lim\u00f3n, jengibre, cardamomo Notas [&hellip;]<\/p>\n","protected":false},"featured_media":1680,"comment_status":"open","ping_status":"closed","template":"","meta":[],"product_brand":[310],"product_cat":[225],"product_tag":[52,102,77,131,180,73,140,46,194,67,50],"class_list":{"0":"post-1681","1":"product","2":"type-product","3":"status-publish","4":"has-post-thumbnail","6":"product_brand-lattafa","7":"product_cat-perfumes-y-fragancias","8":"product_tag-ambar","9":"product_tag-bergamota","10":"product_tag-cardamomo","11":"product_tag-geranio","12":"product_tag-jengibre","13":"product_tag-lavanda","14":"product_tag-limon","15":"product_tag-madera-de-cedro","16":"product_tag-menta","17":"product_tag-pachuli","18":"product_tag-vetiver","20":"first","21":"outofstock","22":"taxable","23":"shipping-taxable","24":"product-type-simple"},"_links":{"self":[{"href":"https:\/\/novaluxeurope.com\/en\/wp-json\/wp\/v2\/product\/1681","targetHints":{"allow":["GET"]}}],"collection":[{"href":"https:\/\/novaluxeurope.com\/en\/wp-json\/wp\/v2\/product"}],"about":[{"href":"https:\/\/novaluxeurope.com\/en\/wp-json\/wp\/v2\/types\/product"}],"replies":[{"embeddable":true,"href":"https:\/\/novaluxeurope.com\/en\/wp-json\/wp\/v2\/comments?post=1681"}],"wp:featuredmedia":[{"embeddable":true,"href":"https:\/\/novaluxeurope.com\/en\/wp-json\/wp\/v2\/media\/1680"}],"wp:attachment":[{"href":"https:\/\/novaluxeurope.com\/en\/wp-json\/wp\/v2\/media?parent=1681"}],"wp:term":[{"taxonomy":"product_brand","embeddable":true,"href":"https:\/\/novaluxeurope.com\/en\/wp-json\/wp\/v2\/product_brand?post=1681"},{"taxonomy":"product_cat","embeddable":true,"href":"https:\/\/novaluxeurope.com\/en\/wp-json\/wp\/v2\/product_cat?post=1681"},{"taxonomy":"product_tag","embeddable":true,"href":"https:\/\/novaluxeurope.com\/en\/wp-json\/wp\/v2\/product_tag?post=1681"}],"curies":[{"name":"wp","href":"https:\/\/api.w.org\/{rel}","templated":true}]}}