{"id":1678,"date":"2026-04-10T14:48:01","date_gmt":"2026-04-10T14:48:01","guid":{"rendered":"https:\/\/novaluxeurope.com\/producto\/lattafa-pride-al-areeq-gold\/"},"modified":"2026-05-07T12:01:23","modified_gmt":"2026-05-07T12:01:23","slug":"lattafa-pride-al-areeq-gold","status":"publish","type":"product","link":"https:\/\/novaluxeurope.com\/en\/product\/lattafa-pride-al-areeq-gold\/","title":{"rendered":"Lattafa Pride Al Areeq Gold"},"content":{"rendered":"<p dir=\"ltr\">\u00bfAprecias la excepcionalidad? Entonces sin duda te cautivar\u00e1 el eau de parfum unisex Lattafa Pride Al Areeq Gold. Esta fragancia oriental, de cuero y especias te ayudar\u00e1 a estimular tus sentidos y a estar alerta.\u00a0<\/p>\n<ul>\n<li value=\"1\">fragancia unisex de cuero y especias<\/li>\n<li value=\"2\">forma parte de la colecci\u00f3n Lattafa Pride<\/li>\n<li value=\"3\">se lanz\u00f3 al mercado en el a\u00f1o 2022<\/li>\n<\/ul>\n<p dir=\"ltr\"><strong>Composici\u00f3n de la fragancia:<\/strong><br \/>La fragancia se abre con un soplo agridulce de azafr\u00e1n y t\u00e9 negro. Despu\u00e9s toma la palabra el ante envuelto en una nube de incienso. La composici\u00f3n arom\u00e1tica se cierra dulcemente con vainilla combinada con madera de \u00e1mbar y sensual almizcle.<\/p>\n<p dir=\"ltr\"><strong>Historia de la fragancia:<\/strong><br \/>La marca Lattafa funciona como una empresa familiar que lleva ya tres generaciones en activo. Sigue las tradiciones establecidas, pero, al mismo tiempo, concibe sus perfumes para encajar en el mundo moderno, sobre todo con la generaci\u00f3n Z.<\/p>\n<h4>Pir\u00e1mide olfativa<\/h4>\n<ul>\n<li><strong>Notas de entrada:<\/strong> azafr\u00e1n, t\u00e9 negro<\/li>\n<li><strong>Notas de coraz\u00f3n:<\/strong> incenso, cuero<\/li>\n<li><strong>Notas de salida:<\/strong> madera \u00e1mbar, vainilla, almizcle<\/li>\n<\/ul>","protected":false},"excerpt":{"rendered":"<p>\u00bfAprecias la excepcionalidad? Entonces sin duda te cautivar\u00e1 el eau de parfum unisex Lattafa Pride Al Areeq Gold. Esta fragancia oriental, de cuero y especias te ayudar\u00e1 a estimular tus sentidos y a estar alerta.\u00a0 fragancia unisex de cuero y especias forma parte de la colecci\u00f3n Lattafa Pride se lanz\u00f3 al mercado en el a\u00f1o [&hellip;]<\/p>\n","protected":false},"featured_media":1677,"comment_status":"open","ping_status":"closed","template":"","meta":[],"product_brand":[310],"product_cat":[225],"product_tag":[59,87,69,185,219,350,63],"class_list":{"0":"post-1678","1":"product","2":"type-product","3":"status-publish","4":"has-post-thumbnail","6":"product_brand-lattafa","7":"product_cat-perfumes-y-fragancias","8":"product_tag-almizcle","9":"product_tag-azafran","10":"product_tag-cuero","11":"product_tag-incenso","12":"product_tag-madera-ambar","13":"product_tag-te-negro","14":"product_tag-vainilla","16":"first","17":"instock","18":"taxable","19":"shipping-taxable","20":"product-type-simple"},"_links":{"self":[{"href":"https:\/\/novaluxeurope.com\/en\/wp-json\/wp\/v2\/product\/1678","targetHints":{"allow":["GET"]}}],"collection":[{"href":"https:\/\/novaluxeurope.com\/en\/wp-json\/wp\/v2\/product"}],"about":[{"href":"https:\/\/novaluxeurope.com\/en\/wp-json\/wp\/v2\/types\/product"}],"replies":[{"embeddable":true,"href":"https:\/\/novaluxeurope.com\/en\/wp-json\/wp\/v2\/comments?post=1678"}],"wp:featuredmedia":[{"embeddable":true,"href":"https:\/\/novaluxeurope.com\/en\/wp-json\/wp\/v2\/media\/1677"}],"wp:attachment":[{"href":"https:\/\/novaluxeurope.com\/en\/wp-json\/wp\/v2\/media?parent=1678"}],"wp:term":[{"taxonomy":"product_brand","embeddable":true,"href":"https:\/\/novaluxeurope.com\/en\/wp-json\/wp\/v2\/product_brand?post=1678"},{"taxonomy":"product_cat","embeddable":true,"href":"https:\/\/novaluxeurope.com\/en\/wp-json\/wp\/v2\/product_cat?post=1678"},{"taxonomy":"product_tag","embeddable":true,"href":"https:\/\/novaluxeurope.com\/en\/wp-json\/wp\/v2\/product_tag?post=1678"}],"curies":[{"name":"wp","href":"https:\/\/api.w.org\/{rel}","templated":true}]}}