{"id":1675,"date":"2026-04-10T14:47:58","date_gmt":"2026-04-10T14:47:58","guid":{"rendered":"https:\/\/novaluxeurope.com\/producto\/lattafa-afeef\/"},"modified":"2026-05-13T18:09:35","modified_gmt":"2026-05-13T18:09:35","slug":"lattafa-afeef","status":"publish","type":"product","link":"https:\/\/novaluxeurope.com\/en\/product\/lattafa-afeef\/","title":{"rendered":"Lattafa Afeef"},"content":{"rendered":"<p dir=\"ltr\">ya que garantiza una mejor conductividad y un contacto m\u00e1s c\u00f3modo con la piel, de forma que conseguir\u00e1s resultados realmente evidentes con el tratamiento. Una fragancia para todos: universal, pero nada corriente. El eau de parfum Lattafa Afeef es la esencia del equilibrio. Combina frescor, una elegancia floral y una c\u00e1lida sensualidad en una composici\u00f3n armoniosa \u00fanica. Es adecuado para todo el mundo y para cualquier ocasi\u00f3n, tanto si quieres brillar de d\u00eda como cautivar de noche.<\/p>\n<ul>\n<li value=\"1\">La fragancia Afeef te envolver\u00e1 en delicadeza, naturalidad y un encanto que nadie pasar\u00e1 por alto.<\/li>\n<li value=\"2\">fragancia floral y oriental con notas frescas y c\u00e1lidas<\/li>\n<li value=\"3\">adecuado tanto para uso diario como para momentos especiales<\/li>\n<\/ul>\n<p dir=\"ltr\">unisex<br \/><strong>Composici\u00f3n de la fragancia:<\/strong> Al principio te llamar\u00e1 la atenci\u00f3n la en\u00e9rgica bergamota, ligeramente condimentada con pimienta rosa y suavizada por el dulce melocot\u00f3n. A continuaci\u00f3n surge un toque sensual de jazm\u00edn, fresca flor de azahar y embriagador nardo, creando juntos un fascinante ramo lleno de elegancia.<\/p>\n<h4>Pir\u00e1mide olfativa<\/h4>\n<ul>\n<li><strong>Notas de entrada:<\/strong> bergamota, pimienta rosada, melocot\u00f3n<\/li>\n<li><strong>Notas de coraz\u00f3n:<\/strong> jazm\u00edn, flor de naranjo, tuberosa<\/li>\n<li><strong>Notas de salida:<\/strong> madera de s\u00e1ndalo, \u00e1mbar, pralin\u00e9, pachuli<\/li>\n<\/ul>","protected":false},"excerpt":{"rendered":"<p>ya que garantiza una mejor conductividad y un contacto m\u00e1s c\u00f3modo con la piel, de forma que conseguir\u00e1s resultados realmente evidentes con el tratamiento. Una fragancia para todos: universal, pero nada corriente. El eau de parfum Lattafa Afeef es la esencia del equilibrio. Combina frescor, una elegancia floral y una c\u00e1lida sensualidad en una composici\u00f3n [&hellip;]<\/p>\n","protected":false},"featured_media":1674,"comment_status":"open","ping_status":"closed","template":"","meta":[],"product_brand":[310],"product_cat":[225],"product_tag":[52,102,84,56,47,186,67,181,159,203],"class_list":{"0":"post-1675","1":"product","2":"type-product","3":"status-publish","4":"has-post-thumbnail","6":"product_brand-lattafa","7":"product_cat-perfumes-y-fragancias","8":"product_tag-ambar","9":"product_tag-bergamota","10":"product_tag-flor-de-naranjo","11":"product_tag-jazmin","12":"product_tag-madera-de-sandalo","13":"product_tag-melocoton","14":"product_tag-pachuli","15":"product_tag-pimienta-rosada","16":"product_tag-praline","17":"product_tag-tuberosa","19":"first","20":"instock","21":"featured","22":"taxable","23":"shipping-taxable","24":"product-type-simple"},"_links":{"self":[{"href":"https:\/\/novaluxeurope.com\/en\/wp-json\/wp\/v2\/product\/1675","targetHints":{"allow":["GET"]}}],"collection":[{"href":"https:\/\/novaluxeurope.com\/en\/wp-json\/wp\/v2\/product"}],"about":[{"href":"https:\/\/novaluxeurope.com\/en\/wp-json\/wp\/v2\/types\/product"}],"replies":[{"embeddable":true,"href":"https:\/\/novaluxeurope.com\/en\/wp-json\/wp\/v2\/comments?post=1675"}],"wp:featuredmedia":[{"embeddable":true,"href":"https:\/\/novaluxeurope.com\/en\/wp-json\/wp\/v2\/media\/1674"}],"wp:attachment":[{"href":"https:\/\/novaluxeurope.com\/en\/wp-json\/wp\/v2\/media?parent=1675"}],"wp:term":[{"taxonomy":"product_brand","embeddable":true,"href":"https:\/\/novaluxeurope.com\/en\/wp-json\/wp\/v2\/product_brand?post=1675"},{"taxonomy":"product_cat","embeddable":true,"href":"https:\/\/novaluxeurope.com\/en\/wp-json\/wp\/v2\/product_cat?post=1675"},{"taxonomy":"product_tag","embeddable":true,"href":"https:\/\/novaluxeurope.com\/en\/wp-json\/wp\/v2\/product_tag?post=1675"}],"curies":[{"name":"wp","href":"https:\/\/api.w.org\/{rel}","templated":true}]}}