{"id":1669,"date":"2026-04-10T14:47:56","date_gmt":"2026-04-10T14:47:56","guid":{"rendered":"https:\/\/novaluxeurope.com\/producto\/deodorant-200-ml-eclaire\/"},"modified":"2026-04-24T13:14:16","modified_gmt":"2026-04-24T13:14:16","slug":"deodorant-200-ml-eclaire","status":"publish","type":"product","link":"https:\/\/novaluxeurope.com\/en\/product\/deodorant-200-ml-eclaire\/","title":{"rendered":"Deodorant &#8211; Eclaire"},"content":{"rendered":"<p>Lattafa Eclaire 200 ml Desodorante en Spray es una lujosa fragancia especialmente creada para la mujer, que la envuelve en un suave aroma gourmand. Este desodorante de 200 ml, inspirado en el apreciado perfume Eclaire, proporciona un aroma duradero y reconfortante que permanece contigo todo el d\u00eda, a\u00f1adiendo un toque de indulgencia a tu rutina diaria. La fragancia se abre con una dulce y rica mezcla de caramelo, leche y az\u00facar, creando una introducci\u00f3n deliciosamente acogedora. En el coraz\u00f3n, las flores blancas y la miel se combinan para formar una suave armon\u00eda floral que irradia calidez y feminidad. Las notas de fondo de vainilla, pralin\u00e9 y almizcle proporcionan un acabado suave y acogedor que perdura elegantemente en la piel. Dise\u00f1ado pensando en la mujer, el Desodorante en Spray Lattafa Eclaire ofrece un frescor duradero sin dejar de ser suave y cuidadoso con la piel. Su elegante frasco pulverizador de 200 ml a\u00f1ade sofisticaci\u00f3n a su rutina de belleza, convirti\u00e9ndolo en un complemento perfecto para sus b\u00e1sicos diarios. Ideal para los amantes de las fragancias dulces inspiradas en los postres, este desodorante es perfecto tanto para los d\u00edas informales como para las ocasiones especiales. Sus reconfortantes notas gourmand dejan una impresi\u00f3n duradera, ayud\u00e1ndote a sentirte segura, fresca y femenina durante todo el d\u00eda. NOTAS DE PERFUME Notas de salida: Caramelo, Leche, Az\u00facar Notas medias: Flores blancas, Miel Notas de Fondo: Vainilla, Pralin\u00e9, Almizcle<\/p>\n<h4>Pir\u00e1mide olfativa<\/h4>\n<ul>\n<li><strong>Notas de entrada:<\/strong> Caramelo, Leche, Az\u00facar<\/li>\n<li><strong>Notas de coraz\u00f3n:<\/strong> Flores blancas, Miel<\/li>\n<li><strong>Notas de salida:<\/strong> Vainilla, Pralin\u00e9, Almizcle<\/li>\n<\/ul>","protected":false},"excerpt":{"rendered":"<p>Lattafa Eclaire 200 ml Desodorante en Spray es una lujosa fragancia especialmente creada para la mujer, que la envuelve en un suave aroma gourmand. Este desodorante de 200 ml, inspirado en el apreciado perfume Eclaire, proporciona un aroma duradero y reconfortante que permanece contigo todo el d\u00eda, a\u00f1adiendo un toque de indulgencia a tu rutina [&hellip;]<\/p>\n","protected":false},"featured_media":1668,"comment_status":"open","ping_status":"closed","template":"","meta":[],"product_brand":[310],"product_cat":[225],"product_tag":[59,114,60,110,146,200,159,63],"class_list":{"0":"post-1669","1":"product","2":"type-product","3":"status-publish","4":"has-post-thumbnail","6":"product_brand-lattafa","7":"product_cat-perfumes-y-fragancias","8":"product_tag-almizcle","9":"product_tag-azucar","10":"product_tag-caramelo","11":"product_tag-flores-blancas","12":"product_tag-leche","13":"product_tag-miel","14":"product_tag-praline","15":"product_tag-vainilla","17":"first","18":"outofstock","19":"taxable","20":"shipping-taxable","21":"product-type-simple"},"_links":{"self":[{"href":"https:\/\/novaluxeurope.com\/en\/wp-json\/wp\/v2\/product\/1669","targetHints":{"allow":["GET"]}}],"collection":[{"href":"https:\/\/novaluxeurope.com\/en\/wp-json\/wp\/v2\/product"}],"about":[{"href":"https:\/\/novaluxeurope.com\/en\/wp-json\/wp\/v2\/types\/product"}],"replies":[{"embeddable":true,"href":"https:\/\/novaluxeurope.com\/en\/wp-json\/wp\/v2\/comments?post=1669"}],"wp:featuredmedia":[{"embeddable":true,"href":"https:\/\/novaluxeurope.com\/en\/wp-json\/wp\/v2\/media\/1668"}],"wp:attachment":[{"href":"https:\/\/novaluxeurope.com\/en\/wp-json\/wp\/v2\/media?parent=1669"}],"wp:term":[{"taxonomy":"product_brand","embeddable":true,"href":"https:\/\/novaluxeurope.com\/en\/wp-json\/wp\/v2\/product_brand?post=1669"},{"taxonomy":"product_cat","embeddable":true,"href":"https:\/\/novaluxeurope.com\/en\/wp-json\/wp\/v2\/product_cat?post=1669"},{"taxonomy":"product_tag","embeddable":true,"href":"https:\/\/novaluxeurope.com\/en\/wp-json\/wp\/v2\/product_tag?post=1669"}],"curies":[{"name":"wp","href":"https:\/\/api.w.org\/{rel}","templated":true}]}}