{"id":1664,"date":"2026-04-10T14:47:55","date_gmt":"2026-04-10T14:47:55","guid":{"rendered":"https:\/\/novaluxeurope.com\/producto\/deodorant-200-ml-ana-abiyedh\/"},"modified":"2026-04-24T13:14:16","modified_gmt":"2026-04-24T13:14:16","slug":"deodorant-200-ml-ana-abiyedh","status":"publish","type":"product","link":"https:\/\/novaluxeurope.com\/en\/product\/deodorant-200-ml-ana-abiyedh\/","title":{"rendered":"Deodorant &#8211; Ana Abiyedh"},"content":{"rendered":"<p>Experimente el vigorizante frescor del desodorante I Am White de Lattafa. Dise\u00f1ado por la renombrada casa de fragancias Lattafa, este aroma \u00fanico es perfecto tanto para hombres como para mujeres. El tama\u00f1o de 200 ml garantiza que tendr\u00e1 suficiente para durar, lo que lo convierte en un producto incre\u00edble. El c\u00f3digo de barras es 6291107454375, prueba de su autenticidad y calidad. Creado para personas sofisticadas, este desodorante trasciende las normas tradicionales de g\u00e9nero, por lo que es una opci\u00f3n fant\u00e1stica para todos. I Am White es m\u00e1s que una fragancia: es una declaraci\u00f3n. Representa la libertad, la individualidad y la audacia de ser quien eres. Este perfume no es s\u00f3lo una fragancia, sino una elecci\u00f3n de estilo de vida, que encierra la esencia de la modernidad y el estilo en un solo vaporizador. Esta fragancia se abre con un d\u00fao brillante y c\u00edtrico de bergamota y naranja, que aporta una frescura estimulante. El coraz\u00f3n combina la dulzura cremosa de la vainilla con la pera jugosa para una calidez suave y acogedora. Se seca en una suave base de almizcle y \u00e1mbar, dejando una estela acogedora y elegante. Perteneciente a la ilustre categor\u00eda de perfumes, I Am White es una sublime mezcla de elementos ex\u00f3ticos que se unen para crear una fragancia verdaderamente \u00fanica. El subtipo desodorante a\u00f1ade una capa adicional de practicidad, asegurando que huelas fant\u00e1sticamente a la vez que te mantienes fresca durante todo el d\u00eda. Es el accesorio perfecto tanto para tus rutinas diarias como para las ocasiones especiales. I Am White de Lattafa es una fragancia unisex que consigue el equilibrio perfecto entre notas masculinas y femeninas. Es una fusi\u00f3n armoniosa que crea un aroma distintivo e inolvidable. Esto lo convierte en un regalo incre\u00edble para sus seres queridos o en un maravilloso capricho para usted mismo. No pierda la oportunidad de experimentar la magia de esta extraordinaria fragancia. NOTAS DE PERFUME Notas altas: Bergamota, Naranja Notas medias: Vainilla, Pera Notas de Fondo: Almizcle, \u00c1mbar<\/p>\n<h4>Pir\u00e1mide olfativa<\/h4>\n<ul>\n<li><strong>Notas de entrada:<\/strong> Bergamota, Naranja<\/li>\n<li><strong>Notas de coraz\u00f3n:<\/strong> Vainilla, Pera<\/li>\n<li><strong>Notas de salida:<\/strong> Almizcle, \u00c1mbar<\/li>\n<\/ul>","protected":false},"excerpt":{"rendered":"<p>Experimente el vigorizante frescor del desodorante I Am White de Lattafa. Dise\u00f1ado por la renombrada casa de fragancias Lattafa, este aroma \u00fanico es perfecto tanto para hombres como para mujeres. El tama\u00f1o de 200 ml garantiza que tendr\u00e1 suficiente para durar, lo que lo convierte en un producto incre\u00edble. El c\u00f3digo de barras es 6291107454375, [&hellip;]<\/p>\n","protected":false},"featured_media":1663,"comment_status":"open","ping_status":"closed","template":"","meta":[],"product_brand":[310],"product_cat":[225],"product_tag":[59,52,102,98,112,63],"class_list":{"0":"post-1664","1":"product","2":"type-product","3":"status-publish","4":"has-post-thumbnail","6":"product_brand-lattafa","7":"product_cat-perfumes-y-fragancias","8":"product_tag-almizcle","9":"product_tag-ambar","10":"product_tag-bergamota","11":"product_tag-naranja","12":"product_tag-pera","13":"product_tag-vainilla","15":"first","16":"outofstock","17":"taxable","18":"shipping-taxable","19":"product-type-simple"},"_links":{"self":[{"href":"https:\/\/novaluxeurope.com\/en\/wp-json\/wp\/v2\/product\/1664","targetHints":{"allow":["GET"]}}],"collection":[{"href":"https:\/\/novaluxeurope.com\/en\/wp-json\/wp\/v2\/product"}],"about":[{"href":"https:\/\/novaluxeurope.com\/en\/wp-json\/wp\/v2\/types\/product"}],"replies":[{"embeddable":true,"href":"https:\/\/novaluxeurope.com\/en\/wp-json\/wp\/v2\/comments?post=1664"}],"wp:featuredmedia":[{"embeddable":true,"href":"https:\/\/novaluxeurope.com\/en\/wp-json\/wp\/v2\/media\/1663"}],"wp:attachment":[{"href":"https:\/\/novaluxeurope.com\/en\/wp-json\/wp\/v2\/media?parent=1664"}],"wp:term":[{"taxonomy":"product_brand","embeddable":true,"href":"https:\/\/novaluxeurope.com\/en\/wp-json\/wp\/v2\/product_brand?post=1664"},{"taxonomy":"product_cat","embeddable":true,"href":"https:\/\/novaluxeurope.com\/en\/wp-json\/wp\/v2\/product_cat?post=1664"},{"taxonomy":"product_tag","embeddable":true,"href":"https:\/\/novaluxeurope.com\/en\/wp-json\/wp\/v2\/product_tag?post=1664"}],"curies":[{"name":"wp","href":"https:\/\/api.w.org\/{rel}","templated":true}]}}