{"id":1661,"date":"2026-04-10T14:47:54","date_gmt":"2026-04-10T14:47:54","guid":{"rendered":"https:\/\/novaluxeurope.com\/producto\/asdaaf-ameerat-al-arab-gift-set-edp-100-ml-perfumed-spray-200-ml-room-freshener-300-ml\/"},"modified":"2026-04-24T13:31:38","modified_gmt":"2026-04-24T13:31:38","slug":"asdaaf-ameerat-al-arab-gift-set-edp-100-ml-perfumed-spray-200-ml-room-freshener-300-ml","status":"publish","type":"product","link":"https:\/\/novaluxeurope.com\/en\/product\/asdaaf-ameerat-al-arab-gift-set-edp-100-ml-perfumed-spray-200-ml-room-freshener-300-ml\/","title":{"rendered":"Asdaaf Ameerat Al Arab gift set &#8211; + Perfumed Spray +Room Freshener"},"content":{"rendered":"<p>Experimente la elegancia \u00e1rabe atemporal con Ameerat Al Arab de Asdaaf , una refinada fragancia que encarna la sofisticaci\u00f3n, la gracia y el encanto. Este lujoso set de regalo incluye un Eau de Parfum de 100 ml, un spray corporal perfumado de 200 ml y un ambientador de 300 ml , ofreciendo una experiencia olfativa completa tanto para el cuerpo como para el hogar. Lanzada en 2022, Ameerat Al Arab pertenece a la familia olfativa Floral con elegantes matices orientales amaderados y almizclados. El perfume se abre con una radiante mezcla de c\u00edtricos y bergamota, aportando una chispeante frescura que eleva los sentidos. En el coraz\u00f3n, la fragancia se suaviza en una mezcla suave y aterciopelada de almizcle blanco y aloe vera , creando una impresi\u00f3n delicada y limpia. Por \u00faltimo, el fondo se despliega con elegantes notas de jazm\u00edn, almizcle, madera y oud, que envuelven la composici\u00f3n en una calidez sensual y una profundidad refinada. Perfecta para las mujeres que aprecian la sofisticaci\u00f3n floral con un toque oriental, esta fragancia captura la esencia de la feminidad y el lujo. La combinaci\u00f3n de perfume, spray corporal y ambientador lo convierte en una excelente opci\u00f3n de regalo, ideal para cualquier ocasi\u00f3n especial o para darse un capricho con un toque de opulencia \u00e1rabe. EL JUEGO INCLUYE Eau de Parfum 100 ml Body spray 200 ml Ambientador 300 ml NOTAS DE PERFUME Notas altas: C\u00edtricos, Bergamota Notas medias: Almizcle Blanco, Aloe Vera Notas de Fondo: Jazm\u00edn, Almizcle, Maderas, Oud<\/p>\n<h4>Pir\u00e1mide olfativa<\/h4>\n<ul>\n<li><strong>Notas de entrada:<\/strong> C\u00edtricos, Bergamota<\/li>\n<li><strong>Notas de coraz\u00f3n:<\/strong> Almizcle blanco, Aloe Vera<\/li>\n<li><strong>Notas de salida:<\/strong> Jazm\u00edn, Almizcle, Bosques, Oud<\/li>\n<\/ul>","protected":false},"excerpt":{"rendered":"<p>Experimente la elegancia \u00e1rabe atemporal con Ameerat Al Arab de Asdaaf , una refinada fragancia que encarna la sofisticaci\u00f3n, la gracia y el encanto. Este lujoso set de regalo incluye un Eau de Parfum de 100 ml, un spray corporal perfumado de 200 ml y un ambientador de 300 ml , ofreciendo una experiencia olfativa [&hellip;]<\/p>\n","protected":false},"featured_media":1660,"comment_status":"open","ping_status":"closed","template":"","meta":[],"product_brand":[310],"product_cat":[225],"product_tag":[59,169,348,102,349,158,56,48],"class_list":{"0":"post-1661","1":"product","2":"type-product","3":"status-publish","4":"has-post-thumbnail","6":"product_brand-lattafa","7":"product_cat-perfumes-y-fragancias","8":"product_tag-almizcle","9":"product_tag-almizcle-blanco","10":"product_tag-aloe-vera","11":"product_tag-bergamota","12":"product_tag-bosques","13":"product_tag-citricos","14":"product_tag-jazmin","15":"product_tag-oud","17":"first","18":"instock","19":"taxable","20":"shipping-taxable","21":"product-type-simple"},"_links":{"self":[{"href":"https:\/\/novaluxeurope.com\/en\/wp-json\/wp\/v2\/product\/1661","targetHints":{"allow":["GET"]}}],"collection":[{"href":"https:\/\/novaluxeurope.com\/en\/wp-json\/wp\/v2\/product"}],"about":[{"href":"https:\/\/novaluxeurope.com\/en\/wp-json\/wp\/v2\/types\/product"}],"replies":[{"embeddable":true,"href":"https:\/\/novaluxeurope.com\/en\/wp-json\/wp\/v2\/comments?post=1661"}],"wp:featuredmedia":[{"embeddable":true,"href":"https:\/\/novaluxeurope.com\/en\/wp-json\/wp\/v2\/media\/1660"}],"wp:attachment":[{"href":"https:\/\/novaluxeurope.com\/en\/wp-json\/wp\/v2\/media?parent=1661"}],"wp:term":[{"taxonomy":"product_brand","embeddable":true,"href":"https:\/\/novaluxeurope.com\/en\/wp-json\/wp\/v2\/product_brand?post=1661"},{"taxonomy":"product_cat","embeddable":true,"href":"https:\/\/novaluxeurope.com\/en\/wp-json\/wp\/v2\/product_cat?post=1661"},{"taxonomy":"product_tag","embeddable":true,"href":"https:\/\/novaluxeurope.com\/en\/wp-json\/wp\/v2\/product_tag?post=1661"}],"curies":[{"name":"wp","href":"https:\/\/api.w.org\/{rel}","templated":true}]}}