{"id":1656,"date":"2026-04-10T14:47:51","date_gmt":"2026-04-10T14:47:51","guid":{"rendered":"https:\/\/novaluxeurope.com\/producto\/lattafa-mislah-edp-u-100-ml\/"},"modified":"2026-05-08T12:01:33","modified_gmt":"2026-05-08T12:01:33","slug":"lattafa-mislah-edp-u-100-ml","status":"publish","type":"product","link":"https:\/\/novaluxeurope.com\/en\/product\/lattafa-mislah-edp-u-100-ml\/","title":{"rendered":"Lattafa Mislah"},"content":{"rendered":"<p>Lattafa Mishlah Eau de Parfum 100 ml es una refinada fragancia unisex creada para aquellos que aprecian la claridad, el equilibrio y la sofisticaci\u00f3n discreta. Elaborada por Lattafa, esta Eau de Parfum pertenece a la familia olfativa amaderada arom\u00e1tica fresca y ofrece una composici\u00f3n moderna y elegante adecuada tanto para el uso diario como para las ocasiones nocturnas m\u00e1s refinadas. La fragancia se abre con un estallido luminoso de bergamota realzado por el sutil calor de la pimienta negra y el refinamiento herbal de la lavanda. Esta introducci\u00f3n se siente limpia y segura, combinando el brillo c\u00edtrico con la profundidad arom\u00e1tica. A medida que la fragancia se desarrolla, el coraz\u00f3n revela petitgrain e iris , a\u00f1adiendo una textura suave y ligeramente empolvada con suaves matices verdes que crean equilibrio y una tranquila elegancia. Al secarse, la composici\u00f3n se asienta en una c\u00e1lida base de almizcle, madera de cedro, \u00e1mbar y ol\u00edbano. La base amaderada garantiza estructura y longevidad, mientras que el \u00e1mbar y el almizcle aportan una suave calidez a la piel. El ol\u00edbano introduce una refinada profundidad resinosa, completando esta armoniosa y sofisticada fragancia de autor. Lattafa Mishlah Eau de Parfum es una fragancia sofisticada, sin g\u00e9nero, que combina la claridad arom\u00e1tica con la calidez amaderada, convirti\u00e9ndola en una fragancia de autor ideal para aquellos que favorecen el minimalismo con car\u00e1cter. NOTAS DE PERFUME Notas de salida: Bergamota, pimienta negra, lavanda Notas medias: Petitgrain, Iris Notas de Fondo: Almizcle, Cedro, \u00c1mbar, Ol\u00edbano<\/p>\n<h4>Pir\u00e1mide olfativa<\/h4>\n<ul>\n<li><strong>Notas de entrada:<\/strong> Bergamota, Pimienta negra, Lavanda<\/li>\n<li><strong>Notas de coraz\u00f3n:<\/strong> Petitgrain, Iris<\/li>\n<li><strong>Notas de salida:<\/strong> Almizcle, Madera de cedro, \u00c1mbar, Ol\u00edbano<\/li>\n<\/ul>","protected":false},"excerpt":{"rendered":"<p>Lattafa Mishlah Eau de Parfum 100 ml es una refinada fragancia unisex creada para aquellos que aprecian la claridad, el equilibrio y la sofisticaci\u00f3n discreta. Elaborada por Lattafa, esta Eau de Parfum pertenece a la familia olfativa amaderada arom\u00e1tica fresca y ofrece una composici\u00f3n moderna y elegante adecuada tanto para el uso diario como para [&hellip;]<\/p>\n","protected":false},"featured_media":1655,"comment_status":"open","ping_status":"closed","template":"","meta":[],"product_brand":[310],"product_cat":[225],"product_tag":[59,52,102,55,73,46,347,125,323],"class_list":{"0":"post-1656","1":"product","2":"type-product","3":"status-publish","4":"has-post-thumbnail","6":"product_brand-lattafa","7":"product_cat-perfumes-y-fragancias","8":"product_tag-almizcle","9":"product_tag-ambar","10":"product_tag-bergamota","11":"product_tag-iris","12":"product_tag-lavanda","13":"product_tag-madera-de-cedro","14":"product_tag-olibano","15":"product_tag-petitgrain","16":"product_tag-pimienta-negra","18":"first","19":"instock","20":"taxable","21":"shipping-taxable","22":"product-type-simple"},"_links":{"self":[{"href":"https:\/\/novaluxeurope.com\/en\/wp-json\/wp\/v2\/product\/1656","targetHints":{"allow":["GET"]}}],"collection":[{"href":"https:\/\/novaluxeurope.com\/en\/wp-json\/wp\/v2\/product"}],"about":[{"href":"https:\/\/novaluxeurope.com\/en\/wp-json\/wp\/v2\/types\/product"}],"replies":[{"embeddable":true,"href":"https:\/\/novaluxeurope.com\/en\/wp-json\/wp\/v2\/comments?post=1656"}],"wp:featuredmedia":[{"embeddable":true,"href":"https:\/\/novaluxeurope.com\/en\/wp-json\/wp\/v2\/media\/1655"}],"wp:attachment":[{"href":"https:\/\/novaluxeurope.com\/en\/wp-json\/wp\/v2\/media?parent=1656"}],"wp:term":[{"taxonomy":"product_brand","embeddable":true,"href":"https:\/\/novaluxeurope.com\/en\/wp-json\/wp\/v2\/product_brand?post=1656"},{"taxonomy":"product_cat","embeddable":true,"href":"https:\/\/novaluxeurope.com\/en\/wp-json\/wp\/v2\/product_cat?post=1656"},{"taxonomy":"product_tag","embeddable":true,"href":"https:\/\/novaluxeurope.com\/en\/wp-json\/wp\/v2\/product_tag?post=1656"}],"curies":[{"name":"wp","href":"https:\/\/api.w.org\/{rel}","templated":true}]}}