{"id":1650,"date":"2026-04-10T14:47:50","date_gmt":"2026-04-10T14:47:50","guid":{"rendered":"https:\/\/novaluxeurope.com\/producto\/lattafa-raed-absolu\/"},"modified":"2026-05-08T12:01:33","modified_gmt":"2026-05-08T12:01:33","slug":"lattafa-raed-absolu","status":"publish","type":"product","link":"https:\/\/novaluxeurope.com\/en\/product\/lattafa-raed-absolu\/","title":{"rendered":"Lattafa Ra&#8217;ed Absolu"},"content":{"rendered":"<p>Envu\u00e9lvete en una fragancia que se fundir\u00e1 perfectamente contigo y se convertir\u00e1 en tu nueva identidad. El eau de parfum unisex Lattafa Ra&#8217;ed Absolu te conquistar\u00e1 en cuanto lo pruebes y nunca dejar\u00e1 de sorprenderte.<\/p>\n<ul>\n<li>fragancia especiada<\/li>\n<li>fragancia floral<\/li>\n<li>para personas con un estilo no convencional<\/li>\n<li>fragancia c\u00e1lida, ideal para las \u00e9pocas fr\u00edas<\/li>\n<li>fragancia original para las ocasiones especiales<\/li>\n<li>fragancia unisex<\/li>\n<\/ul>\n<h4>Pir\u00e1mide olfativa<\/h4>\n<ul>\n<li><strong>Notas de entrada:<\/strong> bergamota, azafr\u00e1n, pimienta rosada<\/li>\n<li><strong>Notas de coraz\u00f3n:<\/strong> rosa, jazm\u00edn<\/li>\n<li><strong>Notas de salida:<\/strong> \u00e1mbar, pachuli, madera de s\u00e1ndalo, vainilla, almizcle<\/li>\n<\/ul>","protected":false},"excerpt":{"rendered":"<p>Envu\u00e9lvete en una fragancia que se fundir\u00e1 perfectamente contigo y se convertir\u00e1 en tu nueva identidad. El eau de parfum unisex Lattafa Ra&#8217;ed Absolu te conquistar\u00e1 en cuanto lo pruebes y nunca dejar\u00e1 de sorprenderte. fragancia especiada fragancia floral para personas con un estilo no convencional fragancia c\u00e1lida, ideal para las \u00e9pocas fr\u00edas fragancia original [&hellip;]<\/p>\n","protected":false},"featured_media":1649,"comment_status":"open","ping_status":"closed","template":"","meta":[],"product_brand":[310],"product_cat":[225],"product_tag":[59,52,87,102,56,47,67,181,49,63],"class_list":{"0":"post-1650","1":"product","2":"type-product","3":"status-publish","4":"has-post-thumbnail","6":"product_brand-lattafa","7":"product_cat-perfumes-y-fragancias","8":"product_tag-almizcle","9":"product_tag-ambar","10":"product_tag-azafran","11":"product_tag-bergamota","12":"product_tag-jazmin","13":"product_tag-madera-de-sandalo","14":"product_tag-pachuli","15":"product_tag-pimienta-rosada","16":"product_tag-rosa","17":"product_tag-vainilla","19":"first","20":"instock","21":"taxable","22":"shipping-taxable","23":"product-type-simple"},"_links":{"self":[{"href":"https:\/\/novaluxeurope.com\/en\/wp-json\/wp\/v2\/product\/1650","targetHints":{"allow":["GET"]}}],"collection":[{"href":"https:\/\/novaluxeurope.com\/en\/wp-json\/wp\/v2\/product"}],"about":[{"href":"https:\/\/novaluxeurope.com\/en\/wp-json\/wp\/v2\/types\/product"}],"replies":[{"embeddable":true,"href":"https:\/\/novaluxeurope.com\/en\/wp-json\/wp\/v2\/comments?post=1650"}],"wp:featuredmedia":[{"embeddable":true,"href":"https:\/\/novaluxeurope.com\/en\/wp-json\/wp\/v2\/media\/1649"}],"wp:attachment":[{"href":"https:\/\/novaluxeurope.com\/en\/wp-json\/wp\/v2\/media?parent=1650"}],"wp:term":[{"taxonomy":"product_brand","embeddable":true,"href":"https:\/\/novaluxeurope.com\/en\/wp-json\/wp\/v2\/product_brand?post=1650"},{"taxonomy":"product_cat","embeddable":true,"href":"https:\/\/novaluxeurope.com\/en\/wp-json\/wp\/v2\/product_cat?post=1650"},{"taxonomy":"product_tag","embeddable":true,"href":"https:\/\/novaluxeurope.com\/en\/wp-json\/wp\/v2\/product_tag?post=1650"}],"curies":[{"name":"wp","href":"https:\/\/api.w.org\/{rel}","templated":true}]}}