{"id":1648,"date":"2026-04-10T14:47:48","date_gmt":"2026-04-10T14:47:48","guid":{"rendered":"https:\/\/novaluxeurope.com\/producto\/lattafa-pride-queen-of-roses\/"},"modified":"2026-05-09T04:01:12","modified_gmt":"2026-05-09T04:01:12","slug":"lattafa-pride-queen-of-roses","status":"publish","type":"product","link":"https:\/\/novaluxeurope.com\/en\/product\/lattafa-pride-queen-of-roses\/","title":{"rendered":"Lattafa Pride Queen Of Roses"},"content":{"rendered":"<p>El eau de parfum para mujer Lattafa Pride Queen Of Roses te acariciar\u00e1 como un jersey de cachemira y avivar\u00e1 tus sentidos. Envu\u00e9lvete en su embriagador aroma siempre que desees sentirte mimada.<\/p>\n<ul>\n<li>fragancia floral<\/li>\n<li>fragancia especiada<\/li>\n<li>para mujeres valientes que no tienen miedo a seguir su propio camino<\/li>\n<li>fragancia original para las ocasiones especiales<\/li>\n<\/ul>\n<h4>Pir\u00e1mide olfativa<\/h4>\n<ul>\n<li><strong>Notas de entrada:<\/strong> pimienta rosada, rosa<\/li>\n<li><strong>Notas de coraz\u00f3n:<\/strong> pachuli, azafr\u00e1n<\/li>\n<li><strong>Notas de salida:<\/strong> almizcle, vainilla, \u00e1mbar<\/li>\n<\/ul>","protected":false},"excerpt":{"rendered":"<p>El eau de parfum para mujer Lattafa Pride Queen Of Roses te acariciar\u00e1 como un jersey de cachemira y avivar\u00e1 tus sentidos. Envu\u00e9lvete en su embriagador aroma siempre que desees sentirte mimada. fragancia floral fragancia especiada para mujeres valientes que no tienen miedo a seguir su propio camino fragancia original para las ocasiones especiales Pir\u00e1mide [&hellip;]<\/p>\n","protected":false},"featured_media":1647,"comment_status":"open","ping_status":"closed","template":"","meta":[],"product_brand":[310],"product_cat":[225],"product_tag":[59,52,87,67,181,49,63],"class_list":{"0":"post-1648","1":"product","2":"type-product","3":"status-publish","4":"has-post-thumbnail","6":"product_brand-lattafa","7":"product_cat-perfumes-y-fragancias","8":"product_tag-almizcle","9":"product_tag-ambar","10":"product_tag-azafran","11":"product_tag-pachuli","12":"product_tag-pimienta-rosada","13":"product_tag-rosa","14":"product_tag-vainilla","16":"first","17":"instock","18":"taxable","19":"shipping-taxable","20":"product-type-simple"},"_links":{"self":[{"href":"https:\/\/novaluxeurope.com\/en\/wp-json\/wp\/v2\/product\/1648","targetHints":{"allow":["GET"]}}],"collection":[{"href":"https:\/\/novaluxeurope.com\/en\/wp-json\/wp\/v2\/product"}],"about":[{"href":"https:\/\/novaluxeurope.com\/en\/wp-json\/wp\/v2\/types\/product"}],"replies":[{"embeddable":true,"href":"https:\/\/novaluxeurope.com\/en\/wp-json\/wp\/v2\/comments?post=1648"}],"wp:featuredmedia":[{"embeddable":true,"href":"https:\/\/novaluxeurope.com\/en\/wp-json\/wp\/v2\/media\/1647"}],"wp:attachment":[{"href":"https:\/\/novaluxeurope.com\/en\/wp-json\/wp\/v2\/media?parent=1648"}],"wp:term":[{"taxonomy":"product_brand","embeddable":true,"href":"https:\/\/novaluxeurope.com\/en\/wp-json\/wp\/v2\/product_brand?post=1648"},{"taxonomy":"product_cat","embeddable":true,"href":"https:\/\/novaluxeurope.com\/en\/wp-json\/wp\/v2\/product_cat?post=1648"},{"taxonomy":"product_tag","embeddable":true,"href":"https:\/\/novaluxeurope.com\/en\/wp-json\/wp\/v2\/product_tag?post=1648"}],"curies":[{"name":"wp","href":"https:\/\/api.w.org\/{rel}","templated":true}]}}