{"id":1645,"date":"2026-04-10T14:47:46","date_gmt":"2026-04-10T14:47:46","guid":{"rendered":"https:\/\/novaluxeurope.com\/producto\/lattafa-pride-eternal-vanille\/"},"modified":"2026-05-07T12:01:23","modified_gmt":"2026-05-07T12:01:23","slug":"lattafa-pride-eternal-vanille","status":"publish","type":"product","link":"https:\/\/novaluxeurope.com\/en\/product\/lattafa-pride-eternal-vanille\/","title":{"rendered":"Lattafa Pride Eternal Vanille"},"content":{"rendered":"<p>\u00bfTienes una cita, vas a una fiesta o has quedado con tus amigos? El eau de parfum unisex Lattafa Pride Eternal Vanille es perfecto para cualquier ocasi\u00f3n en la que desees brillar. Descubre t\u00fa tambi\u00e9n una fragancia que resaltar\u00e1 a la perfecci\u00f3n tu extraordinario atractivo.<\/p>\n<ul>\n<li>fragancia gourmand<\/li>\n<li>fragancia amaderada<\/li>\n<li>fragancia alegre que no dejar\u00e1 de gustarte<\/li>\n<li>fragancia c\u00e1lida, ideal para las \u00e9pocas fr\u00edas<\/li>\n<li>fragancia original para las ocasiones especiales<\/li>\n<li>fragancia unisex<\/li>\n<\/ul>\n<h4>Pir\u00e1mide olfativa<\/h4>\n<ul>\n<li><strong>Notas de entrada:<\/strong> moras<\/li>\n<li><strong>Notas de coraz\u00f3n:<\/strong> cacao, vainilla<\/li>\n<li><strong>Notas de salida:<\/strong> Akigalawood\u00ae, ambroxan, benju\u00ed, madera de cedro, haba tonka, almizcle<\/li>\n<\/ul>","protected":false},"excerpt":{"rendered":"<p>\u00bfTienes una cita, vas a una fiesta o has quedado con tus amigos? El eau de parfum unisex Lattafa Pride Eternal Vanille es perfecto para cualquier ocasi\u00f3n en la que desees brillar. Descubre t\u00fa tambi\u00e9n una fragancia que resaltar\u00e1 a la perfecci\u00f3n tu extraordinario atractivo. fragancia gourmand fragancia amaderada fragancia alegre que no dejar\u00e1 de [&hellip;]<\/p>\n","protected":false},"featured_media":1644,"comment_status":"open","ping_status":"closed","template":"","meta":[],"product_brand":[310],"product_cat":[225],"product_tag":[74,59,76,126,259,79,46,166,63],"class_list":{"0":"post-1645","1":"product","2":"type-product","3":"status-publish","4":"has-post-thumbnail","6":"product_brand-lattafa","7":"product_cat-perfumes-y-fragancias","8":"product_tag-akigalawood","9":"product_tag-almizcle","10":"product_tag-ambroxan","11":"product_tag-benjui","12":"product_tag-cacao","13":"product_tag-haba-tonka","14":"product_tag-madera-de-cedro","15":"product_tag-moras","16":"product_tag-vainilla","18":"first","19":"instock","20":"taxable","21":"shipping-taxable","22":"product-type-simple"},"_links":{"self":[{"href":"https:\/\/novaluxeurope.com\/en\/wp-json\/wp\/v2\/product\/1645","targetHints":{"allow":["GET"]}}],"collection":[{"href":"https:\/\/novaluxeurope.com\/en\/wp-json\/wp\/v2\/product"}],"about":[{"href":"https:\/\/novaluxeurope.com\/en\/wp-json\/wp\/v2\/types\/product"}],"replies":[{"embeddable":true,"href":"https:\/\/novaluxeurope.com\/en\/wp-json\/wp\/v2\/comments?post=1645"}],"wp:featuredmedia":[{"embeddable":true,"href":"https:\/\/novaluxeurope.com\/en\/wp-json\/wp\/v2\/media\/1644"}],"wp:attachment":[{"href":"https:\/\/novaluxeurope.com\/en\/wp-json\/wp\/v2\/media?parent=1645"}],"wp:term":[{"taxonomy":"product_brand","embeddable":true,"href":"https:\/\/novaluxeurope.com\/en\/wp-json\/wp\/v2\/product_brand?post=1645"},{"taxonomy":"product_cat","embeddable":true,"href":"https:\/\/novaluxeurope.com\/en\/wp-json\/wp\/v2\/product_cat?post=1645"},{"taxonomy":"product_tag","embeddable":true,"href":"https:\/\/novaluxeurope.com\/en\/wp-json\/wp\/v2\/product_tag?post=1645"}],"curies":[{"name":"wp","href":"https:\/\/api.w.org\/{rel}","templated":true}]}}