{"id":1642,"date":"2026-04-10T14:47:44","date_gmt":"2026-04-10T14:47:44","guid":{"rendered":"https:\/\/novaluxeurope.com\/producto\/lattafa-dynasty\/"},"modified":"2026-05-06T12:01:19","modified_gmt":"2026-05-06T12:01:19","slug":"lattafa-dynasty","status":"publish","type":"product","link":"https:\/\/novaluxeurope.com\/en\/product\/lattafa-dynasty\/","title":{"rendered":"Lattafa Dynasty"},"content":{"rendered":"<p>El encanto de esta fragancia reside en que es perfecta tanto para hombre como para mujer. Todo el mundo encontr\u00e1 algo que le guste, en cada persona huele diferente. El eau de parfum unisex Lattafa Dynasty seguramente no se perder\u00e1 en ning\u00fan caj\u00f3n de tu tocador y, adem\u00e1s, puedes compartirlo con tu media naranja.<\/p>\n<ul>\n<li>fragancia arom\u00e1tica con notas herbales<\/li>\n<li>fragancia amaderada<\/li>\n<li>fragancia especiada<\/li>\n<li>fragancia original para una personalidad original<\/li>\n<li>combinaci\u00f3n original que permite descubrir una fragancia que te cautivar\u00e1 por completo<\/li>\n<li>fragancia adecuada para uso diario<\/li>\n<\/ul>\n<h4>Pir\u00e1mide olfativa<\/h4>\n<ul>\n<li><strong>Notas de entrada:<\/strong> bergamota, clary sage, jengibre, nuez moscada, frambuesa<\/li>\n<li><strong>Notas de coraz\u00f3n:<\/strong> t\u00e9 Rooibos, gamuza<\/li>\n<li><strong>Notas de salida:<\/strong> madera \u00e1mbar, madera de cedro, cashmeran<\/li>\n<\/ul>","protected":false},"excerpt":{"rendered":"<p>El encanto de esta fragancia reside en que es perfecta tanto para hombre como para mujer. Todo el mundo encontr\u00e1 algo que le guste, en cada persona huele diferente. El eau de parfum unisex Lattafa Dynasty seguramente no se perder\u00e1 en ning\u00fan caj\u00f3n de tu tocador y, adem\u00e1s, puedes compartirlo con tu media naranja. fragancia [&hellip;]<\/p>\n","protected":false},"featured_media":1641,"comment_status":"open","ping_status":"closed","template":"","meta":[],"product_brand":[310],"product_cat":[225],"product_tag":[102,121,345,97,78,180,219,46,95,346],"class_list":{"0":"post-1642","1":"product","2":"type-product","3":"status-publish","4":"has-post-thumbnail","6":"product_brand-lattafa","7":"product_cat-perfumes-y-fragancias","8":"product_tag-bergamota","9":"product_tag-cashmeran","10":"product_tag-clary-sage","11":"product_tag-frambuesa","12":"product_tag-gamuza","13":"product_tag-jengibre","14":"product_tag-madera-ambar","15":"product_tag-madera-de-cedro","16":"product_tag-nuez-moscada","17":"product_tag-te-rooibos","19":"first","20":"instock","21":"taxable","22":"shipping-taxable","23":"product-type-simple"},"_links":{"self":[{"href":"https:\/\/novaluxeurope.com\/en\/wp-json\/wp\/v2\/product\/1642","targetHints":{"allow":["GET"]}}],"collection":[{"href":"https:\/\/novaluxeurope.com\/en\/wp-json\/wp\/v2\/product"}],"about":[{"href":"https:\/\/novaluxeurope.com\/en\/wp-json\/wp\/v2\/types\/product"}],"replies":[{"embeddable":true,"href":"https:\/\/novaluxeurope.com\/en\/wp-json\/wp\/v2\/comments?post=1642"}],"wp:featuredmedia":[{"embeddable":true,"href":"https:\/\/novaluxeurope.com\/en\/wp-json\/wp\/v2\/media\/1641"}],"wp:attachment":[{"href":"https:\/\/novaluxeurope.com\/en\/wp-json\/wp\/v2\/media?parent=1642"}],"wp:term":[{"taxonomy":"product_brand","embeddable":true,"href":"https:\/\/novaluxeurope.com\/en\/wp-json\/wp\/v2\/product_brand?post=1642"},{"taxonomy":"product_cat","embeddable":true,"href":"https:\/\/novaluxeurope.com\/en\/wp-json\/wp\/v2\/product_cat?post=1642"},{"taxonomy":"product_tag","embeddable":true,"href":"https:\/\/novaluxeurope.com\/en\/wp-json\/wp\/v2\/product_tag?post=1642"}],"curies":[{"name":"wp","href":"https:\/\/api.w.org\/{rel}","templated":true}]}}