{"id":1639,"date":"2026-04-10T14:47:42","date_gmt":"2026-04-10T14:47:42","guid":{"rendered":"https:\/\/novaluxeurope.com\/producto\/lattafa-asad-collection\/"},"modified":"2026-05-09T11:19:11","modified_gmt":"2026-05-09T11:19:11","slug":"lattafa-asad-collection","status":"publish","type":"product","link":"https:\/\/novaluxeurope.com\/en\/product\/lattafa-asad-collection\/","title":{"rendered":"Lattafa Asad Collection"},"content":{"rendered":"<p>\u00bfEst\u00e1s buscando el regalo ideal para tu media naranja, tu hermano, tu padre o un amigo? El set perfumado para hombre Lattafa Asad Collection le encantar\u00e1 a cualquier hombre. Reg\u00e1lales a tus seres queridos un lote que contiene no solo una, sino varias sorpresas arom\u00e1ticas.<\/p>\n<p><strong>Caracter\u00edsticas:<\/strong><\/p>\n<ul>\n<li>contiene miniaturas de fragancias<\/li>\n<\/ul>\n<p><strong>Contenido del lote:<\/strong><\/p>\n<ul>\n<li><a href=\"https:\/\/www.notino.es\/-\/pd\/LTF01421\" rel=\"noreferrer noopener\" target=\"_blank\">Lattafa Asad Elixir Eau de Parfum 25 ml<\/a><\/li>\n<li><a href=\"https:\/\/www.notino.es\/-\/pd\/LTF00975\" rel=\"noreferrer noopener\" target=\"_blank\">Lattafa Asad Bourbon Eau de Parfum 25 ml<\/a><\/li>\n<li><a href=\"https:\/\/www.notino.es\/-\/pd\/LTF00813\" rel=\"noreferrer noopener\" target=\"_blank\">Lattafa Asad Zanzibar Eau de Parfum 25 ml<\/a><\/li>\n<li><a href=\"https:\/\/www.notino.es\/-\/pd\/LTF00285\" rel=\"noreferrer noopener\" target=\"_blank\">Lattafa Asad Eau de Parfum 25 ml<\/a><\/li>\n<\/ul>\n<h4>Pir\u00e1mide olfativa<\/h4>\n<ul>\n<li><strong>Notas de entrada:<\/strong> pimienta rosada, azafr\u00e1n, pomelo<\/li>\n<li><strong>Notas de coraz\u00f3n:<\/strong> madera de cedro, tabaco, vainilla<\/li>\n<li><strong>Notas de salida:<\/strong> cashmeran, incienso, pachuli, \u00e1mbar<\/li>\n<\/ul>","protected":false},"excerpt":{"rendered":"<p>\u00bfEst\u00e1s buscando el regalo ideal para tu media naranja, tu hermano, tu padre o un amigo? El set perfumado para hombre Lattafa Asad Collection le encantar\u00e1 a cualquier hombre. Reg\u00e1lales a tus seres queridos un lote que contiene no solo una, sino varias sorpresas arom\u00e1ticas. Caracter\u00edsticas: contiene miniaturas de fragancias Contenido del lote: Lattafa Asad [&hellip;]<\/p>\n","protected":false},"featured_media":1638,"comment_status":"open","ping_status":"closed","template":"","meta":[],"product_brand":[310],"product_cat":[225],"product_tag":[52,87,121,127,46,67,181,245,163,63],"class_list":{"0":"post-1639","1":"product","2":"type-product","3":"status-publish","4":"has-post-thumbnail","6":"product_brand-lattafa","7":"product_cat-perfumes-y-fragancias","8":"product_tag-ambar","9":"product_tag-azafran","10":"product_tag-cashmeran","11":"product_tag-incienso","12":"product_tag-madera-de-cedro","13":"product_tag-pachuli","14":"product_tag-pimienta-rosada","15":"product_tag-pomelo","16":"product_tag-tabaco","17":"product_tag-vainilla","19":"first","20":"instock","21":"taxable","22":"shipping-taxable","23":"product-type-simple"},"_links":{"self":[{"href":"https:\/\/novaluxeurope.com\/en\/wp-json\/wp\/v2\/product\/1639","targetHints":{"allow":["GET"]}}],"collection":[{"href":"https:\/\/novaluxeurope.com\/en\/wp-json\/wp\/v2\/product"}],"about":[{"href":"https:\/\/novaluxeurope.com\/en\/wp-json\/wp\/v2\/types\/product"}],"replies":[{"embeddable":true,"href":"https:\/\/novaluxeurope.com\/en\/wp-json\/wp\/v2\/comments?post=1639"}],"wp:featuredmedia":[{"embeddable":true,"href":"https:\/\/novaluxeurope.com\/en\/wp-json\/wp\/v2\/media\/1638"}],"wp:attachment":[{"href":"https:\/\/novaluxeurope.com\/en\/wp-json\/wp\/v2\/media?parent=1639"}],"wp:term":[{"taxonomy":"product_brand","embeddable":true,"href":"https:\/\/novaluxeurope.com\/en\/wp-json\/wp\/v2\/product_brand?post=1639"},{"taxonomy":"product_cat","embeddable":true,"href":"https:\/\/novaluxeurope.com\/en\/wp-json\/wp\/v2\/product_cat?post=1639"},{"taxonomy":"product_tag","embeddable":true,"href":"https:\/\/novaluxeurope.com\/en\/wp-json\/wp\/v2\/product_tag?post=1639"}],"curies":[{"name":"wp","href":"https:\/\/api.w.org\/{rel}","templated":true}]}}