{"id":1637,"date":"2026-04-10T14:47:41","date_gmt":"2026-04-10T14:47:41","guid":{"rendered":"https:\/\/novaluxeurope.com\/producto\/lattafa-yara\/"},"modified":"2026-05-14T17:06:36","modified_gmt":"2026-05-14T17:06:36","slug":"lattafa-yara","status":"publish","type":"product","link":"https:\/\/novaluxeurope.com\/en\/product\/lattafa-yara\/","title":{"rendered":"Lattafa Yara EDP W 100 ml"},"content":{"rendered":"<p>Descubre el encantador encanto de Lattafa Ladies Yara EDP Spray , una sofisticada fragancia que ha cautivado los corazones desde su lanzamiento en 2020. Esta exquisita fragancia pertenece a la familia olfativa Ambarina Vainilla y ofrece una fascinante mezcla de notas dulces y c\u00e1lidas que perduran maravillosamente en la piel. Las notas de salida de Yara presentan una deliciosa combinaci\u00f3n de Heliotropo, Orqu\u00eddea y Mandarina , creando una apertura refrescante y floral que cautiva instant\u00e1neamente los sentidos. A medida que la fragancia se despliega, las notas de coraz\u00f3n revelan un rico acorde gourmand entrelazado con ex\u00f3ticas frutas tropicales, que a\u00f1aden una capa de deliciosa complejidad. Las notas de fondo de vainilla, s\u00e1ndalo y almizcle proporcionan una base c\u00e1lida y cremosa que equilibra a la perfecci\u00f3n la fragancia. Esta armoniosa mezcla garantiza que Yara evolucione maravillosamente a lo largo del d\u00eda, dejando una impresi\u00f3n duradera. Elaborada por la renombrada casa de dise\u00f1o Lattafa, conocida por su experiencia en fragancias de Oriente Medio, Yara es un testimonio de su dedicaci\u00f3n a la calidad y la elegancia. Este Eau de Parfum en spray se presenta en un frasco de 100 ml, por lo que es un complemento perfecto para cualquier colecci\u00f3n de fragancias. Tanto si busca una fragancia de autor como un regalo especial, Lattafa Ladies Yara EDP Spray es una excelente elecci\u00f3n. Su mezcla \u00fanica de notas ofrece una experiencia de fragancia lujosa e inolvidable. NOTAS DE PERFUME Notas de salida: Orqu\u00eddea, Heliotropo, Mandarina Notas medias: Acorde Gourmand, Frutas Tropicales Notas de Fondo: Vainilla, Almizcle, S\u00e1ndalo<\/p>\n<h4>Pir\u00e1mide olfativa<\/h4>\n<ul>\n<li><strong>Notas de entrada:<\/strong> Orqu\u00eddea, Heliotropo y mandarina<\/li>\n<li><strong>Notas de coraz\u00f3n:<\/strong> Acorde Gourmand y Frutas Tropicales<\/li>\n<li><strong>Notas de salida:<\/strong> Vainilla, Almizcle y s\u00e1ndalo<\/li>\n<\/ul>","protected":false},"excerpt":{"rendered":"<p>Descubre el encantador encanto de Lattafa Ladies Yara EDP Spray , una sofisticada fragancia que ha cautivado los corazones desde su lanzamiento en 2020. Esta exquisita fragancia pertenece a la familia olfativa Ambarina Vainilla y ofrece una fascinante mezcla de notas dulces y c\u00e1lidas que perduran maravillosamente en la piel. Las notas de salida de [&hellip;]<\/p>\n","protected":false},"featured_media":6168,"comment_status":"open","ping_status":"closed","template":"","meta":[],"product_brand":[310],"product_cat":[225],"product_tag":[59,246,247,47,99,248,63,249],"class_list":{"0":"post-1637","1":"product","2":"type-product","3":"status-publish","4":"has-post-thumbnail","6":"product_brand-lattafa","7":"product_cat-perfumes-y-fragancias","8":"product_tag-almizcle","9":"product_tag-flores","10":"product_tag-frutas-tropicales","11":"product_tag-madera-de-sandalo","12":"product_tag-mandarina","13":"product_tag-orquidea","14":"product_tag-vainilla","15":"product_tag-verrucaria","17":"first","18":"instock","19":"featured","20":"taxable","21":"shipping-taxable","22":"product-type-simple"},"_links":{"self":[{"href":"https:\/\/novaluxeurope.com\/en\/wp-json\/wp\/v2\/product\/1637","targetHints":{"allow":["GET"]}}],"collection":[{"href":"https:\/\/novaluxeurope.com\/en\/wp-json\/wp\/v2\/product"}],"about":[{"href":"https:\/\/novaluxeurope.com\/en\/wp-json\/wp\/v2\/types\/product"}],"replies":[{"embeddable":true,"href":"https:\/\/novaluxeurope.com\/en\/wp-json\/wp\/v2\/comments?post=1637"}],"wp:featuredmedia":[{"embeddable":true,"href":"https:\/\/novaluxeurope.com\/en\/wp-json\/wp\/v2\/media\/6168"}],"wp:attachment":[{"href":"https:\/\/novaluxeurope.com\/en\/wp-json\/wp\/v2\/media?parent=1637"}],"wp:term":[{"taxonomy":"product_brand","embeddable":true,"href":"https:\/\/novaluxeurope.com\/en\/wp-json\/wp\/v2\/product_brand?post=1637"},{"taxonomy":"product_cat","embeddable":true,"href":"https:\/\/novaluxeurope.com\/en\/wp-json\/wp\/v2\/product_cat?post=1637"},{"taxonomy":"product_tag","embeddable":true,"href":"https:\/\/novaluxeurope.com\/en\/wp-json\/wp\/v2\/product_tag?post=1637"}],"curies":[{"name":"wp","href":"https:\/\/api.w.org\/{rel}","templated":true}]}}