{"id":1634,"date":"2026-04-10T14:47:40","date_gmt":"2026-04-10T14:47:40","guid":{"rendered":"https:\/\/novaluxeurope.com\/producto\/lattafa-eclaire-pistache\/"},"modified":"2026-05-09T11:19:11","modified_gmt":"2026-05-09T11:19:11","slug":"lattafa-eclaire-pistache","status":"publish","type":"product","link":"https:\/\/novaluxeurope.com\/en\/product\/lattafa-eclaire-pistache\/","title":{"rendered":"Lattafa Eclaire Pistache"},"content":{"rendered":"<p dir=\"ltr\"><strong>Fragancia de pistacho para los amantes de las tentaciones dulces<\/strong><\/p>\n<p dir=\"ltr\">\u00bfHay alguien que se resista a un dulce de pistacho servido en una confiter\u00eda de Par\u00eds? El eau de parfum Lattafa Pistachio Delight te envuelve en un \u00e9xtasis cremoso, en el que reina la deliciosa combinaci\u00f3n de pistacho y vainilla. Cada vez que lo hueles te recuerda a un dulce cremoso que se deshace lentamente en la boca y que te deja una sensaci\u00f3n de suntuosa satisfacci\u00f3n.<\/p>\n<ul>\n<li value=\"1\">fragancia gourmand con sutiles notas de frutos secos<\/li>\n<li value=\"2\">es obra de la perfumista Dalia Izem<\/li>\n<li value=\"3\">se lanz\u00f3 al mercado en el a\u00f1o 2025<\/li>\n<\/ul>\n<p dir=\"ltr\"><strong>Composici\u00f3n de la fragancia:<\/strong><br \/>Al principio, surge el dulzor del d\u00fao de crema de pistacho y pistachos tostados, que crea inmediatamente una atm\u00f3sfera c\u00e1lida. A continuaci\u00f3n salen a escena unos acordes de suave crema, perfectamente armonizada con notas delicadas de coco y cacao. Para concluir, llega la vainilla con un toque de almizcle: suave, sensual e irresistiblemente cremoso.<\/p>\n<h4>Pir\u00e1mide olfativa<\/h4>\n<ul>\n<li><strong>Notas de entrada:<\/strong> pistacho, notas cremosas<\/li>\n<li><strong>Notas de coraz\u00f3n:<\/strong> cacao, coco, nata montada<\/li>\n<li><strong>Notas de salida:<\/strong> leche, vainilla, almizcle<\/li>\n<\/ul>","protected":false},"excerpt":{"rendered":"<p>Fragancia de pistacho para los amantes de las tentaciones dulces \u00bfHay alguien que se resista a un dulce de pistacho servido en una confiter\u00eda de Par\u00eds? El eau de parfum Lattafa Pistachio Delight te envuelve en un \u00e9xtasis cremoso, en el que reina la deliciosa combinaci\u00f3n de pistacho y vainilla. Cada vez que lo hueles [&hellip;]<\/p>\n","protected":false},"featured_media":1633,"comment_status":"open","ping_status":"closed","template":"","meta":[],"product_brand":[310],"product_cat":[225],"product_tag":[59,259,144,146,116,342,344,63],"class_list":{"0":"post-1634","1":"product","2":"type-product","3":"status-publish","4":"has-post-thumbnail","6":"product_brand-lattafa","7":"product_cat-perfumes-y-fragancias","8":"product_tag-almizcle","9":"product_tag-cacao","10":"product_tag-coco","11":"product_tag-leche","12":"product_tag-nata-montada","13":"product_tag-notas-cremosas","14":"product_tag-pistacho","15":"product_tag-vainilla","17":"first","18":"instock","19":"taxable","20":"shipping-taxable","21":"product-type-simple"},"_links":{"self":[{"href":"https:\/\/novaluxeurope.com\/en\/wp-json\/wp\/v2\/product\/1634","targetHints":{"allow":["GET"]}}],"collection":[{"href":"https:\/\/novaluxeurope.com\/en\/wp-json\/wp\/v2\/product"}],"about":[{"href":"https:\/\/novaluxeurope.com\/en\/wp-json\/wp\/v2\/types\/product"}],"replies":[{"embeddable":true,"href":"https:\/\/novaluxeurope.com\/en\/wp-json\/wp\/v2\/comments?post=1634"}],"wp:featuredmedia":[{"embeddable":true,"href":"https:\/\/novaluxeurope.com\/en\/wp-json\/wp\/v2\/media\/1633"}],"wp:attachment":[{"href":"https:\/\/novaluxeurope.com\/en\/wp-json\/wp\/v2\/media?parent=1634"}],"wp:term":[{"taxonomy":"product_brand","embeddable":true,"href":"https:\/\/novaluxeurope.com\/en\/wp-json\/wp\/v2\/product_brand?post=1634"},{"taxonomy":"product_cat","embeddable":true,"href":"https:\/\/novaluxeurope.com\/en\/wp-json\/wp\/v2\/product_cat?post=1634"},{"taxonomy":"product_tag","embeddable":true,"href":"https:\/\/novaluxeurope.com\/en\/wp-json\/wp\/v2\/product_tag?post=1634"}],"curies":[{"name":"wp","href":"https:\/\/api.w.org\/{rel}","templated":true}]}}