{"id":1631,"date":"2026-04-10T14:47:37","date_gmt":"2026-04-10T14:47:37","guid":{"rendered":"https:\/\/novaluxeurope.com\/producto\/lattafa-eclaire-banoffi\/"},"modified":"2026-05-10T12:01:11","modified_gmt":"2026-05-10T12:01:11","slug":"lattafa-eclaire-banoffi","status":"publish","type":"product","link":"https:\/\/novaluxeurope.com\/en\/product\/lattafa-eclaire-banoffi\/","title":{"rendered":"Lattafa Eclaire Banoffi"},"content":{"rendered":"<p dir=\"ltr\"><strong>Pl\u00e1tano dulce con un abrazo de caramelo y <i>chantilly<\/i><\/strong><\/p>\n<p dir=\"ltr\">Esta fragancia es como un dulce de pl\u00e1tano delicioso: cremoso, c\u00e1lido y peligrosamente adictivo. El eau de parfum Lattafa Eclaire Banoffi combina la alegr\u00eda del pl\u00e1tano con la dulce solemnidad de la vainilla y el pralin\u00e9. Te subir\u00e1 el \u00e1nimo con cada gota, dejando tras de s\u00ed una estela de alegr\u00eda y sensualidad.<\/p>\n<ul>\n<li value=\"1\">fragancia gourmand dulce con notas intensas de pl\u00e1tano y caramelo<\/li>\n<li value=\"2\">es obra de los perfumistas Dalia Izem, Ga\u00ebl Montero y Fanny Bal<\/li>\n<li value=\"3\">se lanz\u00f3 al mercado en el a\u00f1o 2025<\/li>\n<\/ul>\n<p dir=\"ltr\"><strong>Composici\u00f3n de la fragancia:<\/strong><br \/>Primero, aparece una irresistible armon\u00eda de crema de pl\u00e1tano, <i>chantilly<\/i> y crema, como el placer del primer bocado de un bizcocho reci\u00e9n horneado. A continuaci\u00f3n, entran en escena el dulce de leche y el pl\u00e1tano maduro, aportando una sutil profundidad acaramelada. Para concluir, surgen la vainilla y el pralin\u00e9, complementados con unas notas de galleta y suave almizcle, que aporta a la fragancia un cremoso final de nata.<\/p>\n<h4>Pir\u00e1mide olfativa<\/h4>\n<ul>\n<li><strong>Notas de entrada:<\/strong> Dulce de leche, pl\u00e1tano, notas cremosas<\/li>\n<li><strong>Notas de coraz\u00f3n:<\/strong> nata montada, vainilla<\/li>\n<li><strong>Notas de salida:<\/strong> galleta, pralin\u00e9, almizcle<\/li>\n<\/ul>","protected":false},"excerpt":{"rendered":"<p>Pl\u00e1tano dulce con un abrazo de caramelo y chantilly Esta fragancia es como un dulce de pl\u00e1tano delicioso: cremoso, c\u00e1lido y peligrosamente adictivo. El eau de parfum Lattafa Eclaire Banoffi combina la alegr\u00eda del pl\u00e1tano con la dulce solemnidad de la vainilla y el pralin\u00e9. Te subir\u00e1 el \u00e1nimo con cada gota, dejando tras de [&hellip;]<\/p>\n","protected":false},"featured_media":1630,"comment_status":"open","ping_status":"closed","template":"","meta":[],"product_brand":[310],"product_cat":[225],"product_tag":[59,341,252,116,342,343,159,63],"class_list":{"0":"post-1631","1":"product","2":"type-product","3":"status-publish","4":"has-post-thumbnail","6":"product_brand-lattafa","7":"product_cat-perfumes-y-fragancias","8":"product_tag-almizcle","9":"product_tag-dulce-de-leche","10":"product_tag-galleta","11":"product_tag-nata-montada","12":"product_tag-notas-cremosas","13":"product_tag-platano","14":"product_tag-praline","15":"product_tag-vainilla","17":"first","18":"instock","19":"taxable","20":"shipping-taxable","21":"product-type-simple"},"_links":{"self":[{"href":"https:\/\/novaluxeurope.com\/en\/wp-json\/wp\/v2\/product\/1631","targetHints":{"allow":["GET"]}}],"collection":[{"href":"https:\/\/novaluxeurope.com\/en\/wp-json\/wp\/v2\/product"}],"about":[{"href":"https:\/\/novaluxeurope.com\/en\/wp-json\/wp\/v2\/types\/product"}],"replies":[{"embeddable":true,"href":"https:\/\/novaluxeurope.com\/en\/wp-json\/wp\/v2\/comments?post=1631"}],"wp:featuredmedia":[{"embeddable":true,"href":"https:\/\/novaluxeurope.com\/en\/wp-json\/wp\/v2\/media\/1630"}],"wp:attachment":[{"href":"https:\/\/novaluxeurope.com\/en\/wp-json\/wp\/v2\/media?parent=1631"}],"wp:term":[{"taxonomy":"product_brand","embeddable":true,"href":"https:\/\/novaluxeurope.com\/en\/wp-json\/wp\/v2\/product_brand?post=1631"},{"taxonomy":"product_cat","embeddable":true,"href":"https:\/\/novaluxeurope.com\/en\/wp-json\/wp\/v2\/product_cat?post=1631"},{"taxonomy":"product_tag","embeddable":true,"href":"https:\/\/novaluxeurope.com\/en\/wp-json\/wp\/v2\/product_tag?post=1631"}],"curies":[{"name":"wp","href":"https:\/\/api.w.org\/{rel}","templated":true}]}}