{"id":1629,"date":"2026-04-10T14:47:36","date_gmt":"2026-04-10T14:47:36","guid":{"rendered":"https:\/\/novaluxeurope.com\/producto\/lattafa-asad-bourbon\/"},"modified":"2026-05-09T11:19:11","modified_gmt":"2026-05-09T11:19:11","slug":"lattafa-asad-bourbon","status":"publish","type":"product","link":"https:\/\/novaluxeurope.com\/en\/product\/lattafa-asad-bourbon\/","title":{"rendered":"Lattafa Asad Bourbon"},"content":{"rendered":"<p dir=\"ltr\">\u00bfTe encanta la vainilla bourbon? Entonces el eau de parfum Lattafa Asad Bourbon\u00a0es perfecto para ti. Combina con valent\u00eda notas atrevidas con una delicadeza refinada. En cada gota se refleja la sofisticaci\u00f3n y la pasi\u00f3n, convirtiendo esta fragancia en una compa\u00f1\u00eda perfecta para momentos de d\u00eda y de noche llenos de estilo.<\/p>\n<ul>\n<li value=\"1\">fragancia oriental y especiada con un toque dulce y amaderado<\/li>\n<li value=\"2\">adecuada para cualquier ocasi\u00f3n<\/li>\n<li value=\"3\">tanto para hombre como para mujer<\/li>\n<\/ul>\n<p dir=\"ltr\"><strong>Composici\u00f3n de la fragancia:<\/strong><br \/>En las notas de salida se despliega la pimienta rosa con un suave toque especiado, atenuado por la elegante lavanda con un toque dulce y jugoso de la ciruela mirabel. A continuaci\u00f3n surge la refinada combinaci\u00f3n de c\u00e1lido cacao, la fragancia herb\u00e1cea y arom\u00e1tica de la davana y un toque especiado a nuez moscada. Al final, la fragancia te envolver\u00e1 en un manto de vainilla bourbon, noble vetiver y c\u00e1lido \u00e1mbar gris.<\/p>\n<h4>Pir\u00e1mide olfativa<\/h4>\n<ul>\n<li><strong>Notas de entrada:<\/strong> pimienta rosada, lavanda, ciruela mirabel<\/li>\n<li><strong>Notas de coraz\u00f3n:<\/strong> cacao, davana, nuez moscada<\/li>\n<li><strong>Notas de salida:<\/strong> vetiver, vainilla, \u00e1mbar<\/li>\n<\/ul>","protected":false},"excerpt":{"rendered":"<p>\u00bfTe encanta la vainilla bourbon? Entonces el eau de parfum Lattafa Asad Bourbon\u00a0es perfecto para ti. Combina con valent\u00eda notas atrevidas con una delicadeza refinada. En cada gota se refleja la sofisticaci\u00f3n y la pasi\u00f3n, convirtiendo esta fragancia en una compa\u00f1\u00eda perfecta para momentos de d\u00eda y de noche llenos de estilo. fragancia oriental y [&hellip;]<\/p>\n","protected":false},"featured_media":1539,"comment_status":"open","ping_status":"closed","template":"","meta":[],"product_brand":[310],"product_cat":[225],"product_tag":[52,259,311,130,73,95,181,63,50],"class_list":{"0":"post-1629","1":"product","2":"type-product","3":"status-publish","4":"has-post-thumbnail","6":"product_brand-lattafa","7":"product_cat-perfumes-y-fragancias","8":"product_tag-ambar","9":"product_tag-cacao","10":"product_tag-ciruela-mirabel","11":"product_tag-davana","12":"product_tag-lavanda","13":"product_tag-nuez-moscada","14":"product_tag-pimienta-rosada","15":"product_tag-vainilla","16":"product_tag-vetiver","18":"first","19":"instock","20":"taxable","21":"shipping-taxable","22":"product-type-simple"},"_links":{"self":[{"href":"https:\/\/novaluxeurope.com\/en\/wp-json\/wp\/v2\/product\/1629","targetHints":{"allow":["GET"]}}],"collection":[{"href":"https:\/\/novaluxeurope.com\/en\/wp-json\/wp\/v2\/product"}],"about":[{"href":"https:\/\/novaluxeurope.com\/en\/wp-json\/wp\/v2\/types\/product"}],"replies":[{"embeddable":true,"href":"https:\/\/novaluxeurope.com\/en\/wp-json\/wp\/v2\/comments?post=1629"}],"wp:featuredmedia":[{"embeddable":true,"href":"https:\/\/novaluxeurope.com\/en\/wp-json\/wp\/v2\/media\/1539"}],"wp:attachment":[{"href":"https:\/\/novaluxeurope.com\/en\/wp-json\/wp\/v2\/media?parent=1629"}],"wp:term":[{"taxonomy":"product_brand","embeddable":true,"href":"https:\/\/novaluxeurope.com\/en\/wp-json\/wp\/v2\/product_brand?post=1629"},{"taxonomy":"product_cat","embeddable":true,"href":"https:\/\/novaluxeurope.com\/en\/wp-json\/wp\/v2\/product_cat?post=1629"},{"taxonomy":"product_tag","embeddable":true,"href":"https:\/\/novaluxeurope.com\/en\/wp-json\/wp\/v2\/product_tag?post=1629"}],"curies":[{"name":"wp","href":"https:\/\/api.w.org\/{rel}","templated":true}]}}