{"id":1628,"date":"2026-04-10T14:47:36","date_gmt":"2026-04-10T14:47:36","guid":{"rendered":"https:\/\/novaluxeurope.com\/producto\/lattafa-angham\/"},"modified":"2026-05-09T11:19:11","modified_gmt":"2026-05-09T11:19:11","slug":"lattafa-angham","status":"publish","type":"product","link":"https:\/\/novaluxeurope.com\/en\/product\/lattafa-angham\/","title":{"rendered":"Lattafa Angham"},"content":{"rendered":"<p dir=\"ltr\"><strong>Una fragancia que potencia tu elegancia<\/strong><\/p>\n<p dir=\"ltr\">\u00bfEst\u00e1s buscando una fragancia que cautive tus sentidos de inmediato y te alegre el d\u00eda? Entonces te encantar\u00e1 el eau de parfum unisex Lattafa Angham. Bajo el tap\u00f3n del frasco adornado con motivos musicales se esconde una armoniosa composici\u00f3n arom\u00e1tica inspirada en melod\u00edas inolvidables.<\/p>\n<ul>\n<li value=\"1\">composici\u00f3n arom\u00e1tica oriental con notas de vainilla<\/li>\n<li value=\"2\">se lanz\u00f3 al mercado en el a\u00f1o 2024<\/li>\n<li value=\"3\">ideal tanto para el d\u00eda a d\u00eda como para las ocasiones especiales<\/li>\n<\/ul>\n<p dir=\"ltr\"><strong>Composici\u00f3n de la fragancia:<\/strong><br \/>Con los primeros acordes, el eau de parfum para hombre y mujer Lattafa Angham presenta el tr\u00edo de jengibre, fresca mandarina y pimienta rosa picante. En las notas de coraz\u00f3n resuenan con armon\u00eda la lavanda, el pralin\u00e9, el cacao y el jazm\u00edn. El concierto arom\u00e1tico concluye con la combinaci\u00f3n de vainilla, \u00e1mbar y almizcle.<\/p>\n<h4>Pir\u00e1mide olfativa<\/h4>\n<ul>\n<li><strong>Notas de entrada:<\/strong> jengibre, clementina, pimienta rosada<\/li>\n<li><strong>Notas de coraz\u00f3n:<\/strong> lavanda, pralin\u00e9, cacao, jazm\u00edn<\/li>\n<li><strong>Notas de salida:<\/strong> vainilla, \u00e1mbar, almizcle<\/li>\n<\/ul>","protected":false},"excerpt":{"rendered":"<p>Una fragancia que potencia tu elegancia \u00bfEst\u00e1s buscando una fragancia que cautive tus sentidos de inmediato y te alegre el d\u00eda? Entonces te encantar\u00e1 el eau de parfum unisex Lattafa Angham. Bajo el tap\u00f3n del frasco adornado con motivos musicales se esconde una armoniosa composici\u00f3n arom\u00e1tica inspirada en melod\u00edas inolvidables. composici\u00f3n arom\u00e1tica oriental con notas [&hellip;]<\/p>\n","protected":false},"featured_media":1552,"comment_status":"open","ping_status":"closed","template":"","meta":[],"product_brand":[310],"product_cat":[225],"product_tag":[59,52,259,313,56,180,73,181,159,63],"class_list":{"0":"post-1628","1":"product","2":"type-product","3":"status-publish","4":"has-post-thumbnail","6":"product_brand-lattafa","7":"product_cat-perfumes-y-fragancias","8":"product_tag-almizcle","9":"product_tag-ambar","10":"product_tag-cacao","11":"product_tag-clementina","12":"product_tag-jazmin","13":"product_tag-jengibre","14":"product_tag-lavanda","15":"product_tag-pimienta-rosada","16":"product_tag-praline","17":"product_tag-vainilla","19":"first","20":"instock","21":"taxable","22":"shipping-taxable","23":"product-type-simple"},"_links":{"self":[{"href":"https:\/\/novaluxeurope.com\/en\/wp-json\/wp\/v2\/product\/1628","targetHints":{"allow":["GET"]}}],"collection":[{"href":"https:\/\/novaluxeurope.com\/en\/wp-json\/wp\/v2\/product"}],"about":[{"href":"https:\/\/novaluxeurope.com\/en\/wp-json\/wp\/v2\/types\/product"}],"replies":[{"embeddable":true,"href":"https:\/\/novaluxeurope.com\/en\/wp-json\/wp\/v2\/comments?post=1628"}],"wp:featuredmedia":[{"embeddable":true,"href":"https:\/\/novaluxeurope.com\/en\/wp-json\/wp\/v2\/media\/1552"}],"wp:attachment":[{"href":"https:\/\/novaluxeurope.com\/en\/wp-json\/wp\/v2\/media?parent=1628"}],"wp:term":[{"taxonomy":"product_brand","embeddable":true,"href":"https:\/\/novaluxeurope.com\/en\/wp-json\/wp\/v2\/product_brand?post=1628"},{"taxonomy":"product_cat","embeddable":true,"href":"https:\/\/novaluxeurope.com\/en\/wp-json\/wp\/v2\/product_cat?post=1628"},{"taxonomy":"product_tag","embeddable":true,"href":"https:\/\/novaluxeurope.com\/en\/wp-json\/wp\/v2\/product_tag?post=1628"}],"curies":[{"name":"wp","href":"https:\/\/api.w.org\/{rel}","templated":true}]}}