{"id":1627,"date":"2026-04-10T14:47:36","date_gmt":"2026-04-10T14:47:36","guid":{"rendered":"https:\/\/novaluxeurope.com\/producto\/lattafa-khamrah-qahwa\/"},"modified":"2026-05-09T11:19:11","modified_gmt":"2026-05-09T11:19:11","slug":"lattafa-khamrah-qahwa","status":"publish","type":"product","link":"https:\/\/novaluxeurope.com\/en\/product\/lattafa-khamrah-qahwa\/","title":{"rendered":"Lattafa Khamrah Qahwa"},"content":{"rendered":"<p><strong>La sensualidad de Oriente con una fragancia atractiva<\/strong><\/p>\n<p>Descubre el secreto de una fragancia en la que cada nota juega un papel \u00fanico. El eau de parfum unisex Lattafa Khamrah Qahwa te fascinar\u00e1 con su riqueza y complejidad. Es ideal para aquellas personas que deseen vivir una experiencia arom\u00e1tica intensa y profunda. \u00bfEst\u00e1is preparados para una oleada de acordes orientales que cautivar\u00e1n tu mente?<\/p>\n<ul>\n<li>fragancia oriental especiada<\/li>\n<li>fragancia adecuada tanto para hombre como para mujer<\/li>\n<li>se lanz\u00f3 al mercado en el a\u00f1o 2023<\/li>\n<\/ul>\n<p><strong>Composici\u00f3n de la fragancia:<\/strong><br \/>Tu viaje comienza con las notas picantes del jengibre, que interpretan una sinfon\u00eda perfecta junto con el arom\u00e1tico cardamomo y la canela. Sin embargo, estos acordes se van transformando poco a poco en una nota dulce de pralin\u00e9 y fruta confitada, que combina de forma sorprendente con las flores blancas. Todo est\u00e1 impregnado del intenso caf\u00e9 Arabica, el haba tonka, el almizcle animal y el benju\u00ed. El aroma a vainilla aporta un toque dulce, haciendo que el perfume sea un viaje inolvidable para el olfato.<\/p>\n<p><strong>Historia de la fragancia:<\/strong><br \/>La marca Lattafa fue fundada en el a\u00f1o 1980 por Sheikh Shahid Ahmad y su cofundador Shoaib Iqbal con el objetivo de crear fragancias lujosas y de alta calidad para los clientes de Oriente Pr\u00f3ximo. El nombre de Lattafa proviene de las palabras \u00e1rabes \u00abLatif\u00bb, que significa \u00abamabilidad\u00bb y \u00abLateefa\u00bb, que significa \u00abagradable\u00bb. En el a\u00f1o 1992 Lattafa ampli\u00f3 su influencia m\u00e1s all\u00e1 de las fronteras de Oriente Pr\u00f3ximo. Hoy en d\u00eda, despu\u00e9s de varias d\u00e9cadas, se ha convertido en un importante fabricante de perfumes que suministra sus lujosas fragancias a clientes de todo el mundo que aprecian el aut\u00e9ntico lujo. El perfume Lattafa Khamrah Qahwa es la historia perfecta de la rica herencia \u00e1rabe que ofrece esta marca.<\/p>\n<h4>Pir\u00e1mide olfativa<\/h4>\n<ul>\n<li><strong>Notas de entrada:<\/strong> canela, cardamomo, jengibre<\/li>\n<li><strong>Notas de coraz\u00f3n:<\/strong> pralin\u00e9, naranja confitada, flores blancas<\/li>\n<li><strong>Notas de salida:<\/strong> caf\u00e9, vainilla, benju\u00ed, almizcle, haba tonka<\/li>\n<\/ul>","protected":false},"excerpt":{"rendered":"<p>La sensualidad de Oriente con una fragancia atractiva Descubre el secreto de una fragancia en la que cada nota juega un papel \u00fanico. El eau de parfum unisex Lattafa Khamrah Qahwa te fascinar\u00e1 con su riqueza y complejidad. Es ideal para aquellas personas que deseen vivir una experiencia arom\u00e1tica intensa y profunda. \u00bfEst\u00e1is preparados para [&hellip;]<\/p>\n","protected":false},"featured_media":1599,"comment_status":"open","ping_status":"closed","template":"","meta":[],"product_brand":[310],"product_cat":[225],"product_tag":[59,126,182,94,77,110,79,180,334,159,63],"class_list":{"0":"post-1627","1":"product","2":"type-product","3":"status-publish","4":"has-post-thumbnail","6":"product_brand-lattafa","7":"product_cat-perfumes-y-fragancias","8":"product_tag-almizcle","9":"product_tag-benjui","10":"product_tag-cafe","11":"product_tag-canela","12":"product_tag-cardamomo","13":"product_tag-flores-blancas","14":"product_tag-haba-tonka","15":"product_tag-jengibre","16":"product_tag-naranja-confitada","17":"product_tag-praline","18":"product_tag-vainilla","20":"first","21":"instock","22":"taxable","23":"shipping-taxable","24":"product-type-simple"},"_links":{"self":[{"href":"https:\/\/novaluxeurope.com\/en\/wp-json\/wp\/v2\/product\/1627","targetHints":{"allow":["GET"]}}],"collection":[{"href":"https:\/\/novaluxeurope.com\/en\/wp-json\/wp\/v2\/product"}],"about":[{"href":"https:\/\/novaluxeurope.com\/en\/wp-json\/wp\/v2\/types\/product"}],"replies":[{"embeddable":true,"href":"https:\/\/novaluxeurope.com\/en\/wp-json\/wp\/v2\/comments?post=1627"}],"wp:featuredmedia":[{"embeddable":true,"href":"https:\/\/novaluxeurope.com\/en\/wp-json\/wp\/v2\/media\/1599"}],"wp:attachment":[{"href":"https:\/\/novaluxeurope.com\/en\/wp-json\/wp\/v2\/media?parent=1627"}],"wp:term":[{"taxonomy":"product_brand","embeddable":true,"href":"https:\/\/novaluxeurope.com\/en\/wp-json\/wp\/v2\/product_brand?post=1627"},{"taxonomy":"product_cat","embeddable":true,"href":"https:\/\/novaluxeurope.com\/en\/wp-json\/wp\/v2\/product_cat?post=1627"},{"taxonomy":"product_tag","embeddable":true,"href":"https:\/\/novaluxeurope.com\/en\/wp-json\/wp\/v2\/product_tag?post=1627"}],"curies":[{"name":"wp","href":"https:\/\/api.w.org\/{rel}","templated":true}]}}