{"id":1625,"date":"2026-04-10T14:47:34","date_gmt":"2026-04-10T14:47:34","guid":{"rendered":"https:\/\/novaluxeurope.com\/producto\/lattafa-eclaire\/"},"modified":"2026-05-09T11:19:11","modified_gmt":"2026-05-09T11:19:11","slug":"lattafa-eclaire","status":"publish","type":"product","link":"https:\/\/novaluxeurope.com\/en\/product\/lattafa-eclaire\/","title":{"rendered":"Lattafa Eclaire"},"content":{"rendered":"<p dir=\"ltr\"><strong>Un dulce destello que cautivar\u00e1 tus sentidos<\/strong><\/p>\n<p dir=\"ltr\">El eau de parfum Lattafa Eclaire lleva el nombre de un postre franc\u00e9s, reflejando su ligereza y dulzor sensual. Al igual que un esponjoso <i>\u00e9clair<\/i> relleno de crema y cubierto con un glaseado brillante, su composici\u00f3n arom\u00e1tica tambi\u00e9n resulta delicada, deliciosa e irresistiblemente seductora.<\/p>\n<ul>\n<li value=\"1\">fragancia gourmand inspirada en un postre dulce<\/li>\n<li value=\"2\">ideal para los meses m\u00e1s fr\u00edos y para llevar por la noche<\/li>\n<li value=\"3\">unisex<\/li>\n<\/ul>\n<p dir=\"ltr\"><strong>Composici\u00f3n de la fragancia:<\/strong><br \/>Las notas de salida se componen del delicioso tr\u00edo de caramelo, leche y az\u00facar, una explosi\u00f3n de dulzor que despierta al instante tu olfato y tu gusto. A continuaci\u00f3n surge una delicada combinaci\u00f3n de flores blancas impregnadas de miel dorada. Toda la composici\u00f3n se va asentando paulatinamente sobre la cremosa vainilla, el irresistible pralin\u00e9 y el sedoso almizcle.<\/p>\n<p dir=\"ltr\"><strong>Historia de la fragancia:<\/strong><br \/>El frasco de la fragancia Eclaire es una obra de arte en s\u00ed misma. Su cuerpo de color rosa suave est\u00e1 adornado con detalles brillantes que se extienden por la superficie como el glaseado fundido por el postre. Tanto la fragancia como el frasco cuentan la historia de una dulce tentaci\u00f3n incre\u00edblemente seductora.<\/p>\n<h4>Pir\u00e1mide olfativa<\/h4>\n<ul>\n<li><strong>Notas de entrada:<\/strong> caramelo, leche, az\u00facar<\/li>\n<li><strong>Notas de coraz\u00f3n:<\/strong> flores blancas, miel<\/li>\n<li><strong>Notas de salida:<\/strong> vainilla, pralin\u00e9<\/li>\n<\/ul>","protected":false},"excerpt":{"rendered":"<p>Un dulce destello que cautivar\u00e1 tus sentidos El eau de parfum Lattafa Eclaire lleva el nombre de un postre franc\u00e9s, reflejando su ligereza y dulzor sensual. Al igual que un esponjoso \u00e9clair relleno de crema y cubierto con un glaseado brillante, su composici\u00f3n arom\u00e1tica tambi\u00e9n resulta delicada, deliciosa e irresistiblemente seductora. fragancia gourmand inspirada en [&hellip;]<\/p>\n","protected":false},"featured_media":1624,"comment_status":"open","ping_status":"closed","template":"","meta":[],"product_brand":[310],"product_cat":[225],"product_tag":[114,60,110,146,200,159,63],"class_list":{"0":"post-1625","1":"product","2":"type-product","3":"status-publish","4":"has-post-thumbnail","6":"product_brand-lattafa","7":"product_cat-perfumes-y-fragancias","8":"product_tag-azucar","9":"product_tag-caramelo","10":"product_tag-flores-blancas","11":"product_tag-leche","12":"product_tag-miel","13":"product_tag-praline","14":"product_tag-vainilla","16":"first","17":"instock","18":"taxable","19":"shipping-taxable","20":"product-type-simple"},"_links":{"self":[{"href":"https:\/\/novaluxeurope.com\/en\/wp-json\/wp\/v2\/product\/1625","targetHints":{"allow":["GET"]}}],"collection":[{"href":"https:\/\/novaluxeurope.com\/en\/wp-json\/wp\/v2\/product"}],"about":[{"href":"https:\/\/novaluxeurope.com\/en\/wp-json\/wp\/v2\/types\/product"}],"replies":[{"embeddable":true,"href":"https:\/\/novaluxeurope.com\/en\/wp-json\/wp\/v2\/comments?post=1625"}],"wp:featuredmedia":[{"embeddable":true,"href":"https:\/\/novaluxeurope.com\/en\/wp-json\/wp\/v2\/media\/1624"}],"wp:attachment":[{"href":"https:\/\/novaluxeurope.com\/en\/wp-json\/wp\/v2\/media?parent=1625"}],"wp:term":[{"taxonomy":"product_brand","embeddable":true,"href":"https:\/\/novaluxeurope.com\/en\/wp-json\/wp\/v2\/product_brand?post=1625"},{"taxonomy":"product_cat","embeddable":true,"href":"https:\/\/novaluxeurope.com\/en\/wp-json\/wp\/v2\/product_cat?post=1625"},{"taxonomy":"product_tag","embeddable":true,"href":"https:\/\/novaluxeurope.com\/en\/wp-json\/wp\/v2\/product_tag?post=1625"}],"curies":[{"name":"wp","href":"https:\/\/api.w.org\/{rel}","templated":true}]}}