{"id":1436,"date":"2026-04-04T15:17:52","date_gmt":"2026-04-04T15:17:52","guid":{"rendered":"https:\/\/novaluxeurope.com\/producto\/haruharu-black-rice-moisture-deep-cleansing-oil-150ml\/"},"modified":"2026-05-14T16:01:32","modified_gmt":"2026-05-14T16:01:32","slug":"haruharu-black-rice-moisture-deep-cleansing-oil-150ml","status":"publish","type":"product","link":"https:\/\/novaluxeurope.com\/en\/product\/haruharu-black-rice-moisture-deep-cleansing-oil-150ml\/","title":{"rendered":"HARUHARU. Black Rice Moisture Deep Cleansing Oil"},"content":{"rendered":"<p>Aceite desmaquillante que responde a la demanda de cosm\u00e9tica limpia (Clean Beauty) al emplear exclusivamente nueve ingredientes. Su amalgama de aceites de salvado de arroz, macadamia, jojoba y oliva act\u00faa aflojando f\u00edsicamente el maquillaje y los residuos hidr\u00f3fugos de los poros. Evita irritaciones oculares y garantiza una tez inmensamente humectada y purificada.<\/p>","protected":false},"excerpt":{"rendered":"<p>Aceite desmaquillante que responde a la demanda de cosm\u00e9tica limpia (Clean Beauty) al emplear exclusivamente nueve ingredientes. Su amalgama de aceites de salvado de arroz, macadamia, jojoba y oliva act\u00faa aflojando f\u00edsicamente el maquillaje y los residuos hidr\u00f3fugos de los poros. Evita irritaciones oculares y garantiza una tez inmensamente humectada y purificada.<\/p>","protected":false},"featured_media":1379,"comment_status":"open","ping_status":"closed","template":"","meta":[],"product_brand":[299],"product_cat":[280,304],"product_tag":[],"class_list":{"0":"post-1436","1":"product","2":"type-product","3":"status-publish","4":"has-post-thumbnail","6":"product_brand-haruharu-wonder","7":"product_cat-cosmetica-coreana","8":"product_cat-limpiadores","10":"first","11":"instock","12":"taxable","13":"shipping-taxable","14":"product-type-simple"},"_links":{"self":[{"href":"https:\/\/novaluxeurope.com\/en\/wp-json\/wp\/v2\/product\/1436","targetHints":{"allow":["GET"]}}],"collection":[{"href":"https:\/\/novaluxeurope.com\/en\/wp-json\/wp\/v2\/product"}],"about":[{"href":"https:\/\/novaluxeurope.com\/en\/wp-json\/wp\/v2\/types\/product"}],"replies":[{"embeddable":true,"href":"https:\/\/novaluxeurope.com\/en\/wp-json\/wp\/v2\/comments?post=1436"}],"wp:featuredmedia":[{"embeddable":true,"href":"https:\/\/novaluxeurope.com\/en\/wp-json\/wp\/v2\/media\/1379"}],"wp:attachment":[{"href":"https:\/\/novaluxeurope.com\/en\/wp-json\/wp\/v2\/media?parent=1436"}],"wp:term":[{"taxonomy":"product_brand","embeddable":true,"href":"https:\/\/novaluxeurope.com\/en\/wp-json\/wp\/v2\/product_brand?post=1436"},{"taxonomy":"product_cat","embeddable":true,"href":"https:\/\/novaluxeurope.com\/en\/wp-json\/wp\/v2\/product_cat?post=1436"},{"taxonomy":"product_tag","embeddable":true,"href":"https:\/\/novaluxeurope.com\/en\/wp-json\/wp\/v2\/product_tag?post=1436"}],"curies":[{"name":"wp","href":"https:\/\/api.w.org\/{rel}","templated":true}]}}