{"id":1435,"date":"2026-04-04T15:17:52","date_gmt":"2026-04-04T15:17:52","guid":{"rendered":"https:\/\/novaluxeurope.com\/producto\/haruharu-black-rice-hyaluronic-toner-150ml\/"},"modified":"2026-05-13T16:01:25","modified_gmt":"2026-05-13T16:01:25","slug":"haruharu-black-rice-hyaluronic-toner-150ml","status":"publish","type":"product","link":"https:\/\/novaluxeurope.com\/en\/product\/haruharu-black-rice-hyaluronic-toner-150ml\/","title":{"rendered":"HARUHARU. Black Rice Hyaluronic Toner"},"content":{"rendered":"<p>T\u00f3nico especializado para piel sensible, completamente libre de fragancias y alcohol. El extracto de arroz negro, sujeto a una biotransformaci\u00f3n fermentativa, libera un nivel alt\u00edsimo de polifenoles antioxidantes. Unido al \u00e1cido hialur\u00f3nico, previene la formaci\u00f3n de l\u00edneas de expresi\u00f3n y repone intensamente el nivel de hidrataci\u00f3n basal de la dermis.<\/p>","protected":false},"excerpt":{"rendered":"<p>T\u00f3nico especializado para piel sensible, completamente libre de fragancias y alcohol. El extracto de arroz negro, sujeto a una biotransformaci\u00f3n fermentativa, libera un nivel alt\u00edsimo de polifenoles antioxidantes. Unido al \u00e1cido hialur\u00f3nico, previene la formaci\u00f3n de l\u00edneas de expresi\u00f3n y repone intensamente el nivel de hidrataci\u00f3n basal de la dermis.<\/p>","protected":false},"featured_media":1377,"comment_status":"open","ping_status":"closed","template":"","meta":[],"product_brand":[299],"product_cat":[280,305],"product_tag":[],"class_list":{"0":"post-1435","1":"product","2":"type-product","3":"status-publish","4":"has-post-thumbnail","6":"product_brand-haruharu-wonder","7":"product_cat-cosmetica-coreana","8":"product_cat-tonicos-esencias-pads","10":"first","11":"instock","12":"taxable","13":"shipping-taxable","14":"product-type-simple"},"_links":{"self":[{"href":"https:\/\/novaluxeurope.com\/en\/wp-json\/wp\/v2\/product\/1435","targetHints":{"allow":["GET"]}}],"collection":[{"href":"https:\/\/novaluxeurope.com\/en\/wp-json\/wp\/v2\/product"}],"about":[{"href":"https:\/\/novaluxeurope.com\/en\/wp-json\/wp\/v2\/types\/product"}],"replies":[{"embeddable":true,"href":"https:\/\/novaluxeurope.com\/en\/wp-json\/wp\/v2\/comments?post=1435"}],"wp:featuredmedia":[{"embeddable":true,"href":"https:\/\/novaluxeurope.com\/en\/wp-json\/wp\/v2\/media\/1377"}],"wp:attachment":[{"href":"https:\/\/novaluxeurope.com\/en\/wp-json\/wp\/v2\/media?parent=1435"}],"wp:term":[{"taxonomy":"product_brand","embeddable":true,"href":"https:\/\/novaluxeurope.com\/en\/wp-json\/wp\/v2\/product_brand?post=1435"},{"taxonomy":"product_cat","embeddable":true,"href":"https:\/\/novaluxeurope.com\/en\/wp-json\/wp\/v2\/product_cat?post=1435"},{"taxonomy":"product_tag","embeddable":true,"href":"https:\/\/novaluxeurope.com\/en\/wp-json\/wp\/v2\/product_tag?post=1435"}],"curies":[{"name":"wp","href":"https:\/\/api.w.org\/{rel}","templated":true}]}}