{"id":1434,"date":"2026-04-04T15:17:52","date_gmt":"2026-04-04T15:17:52","guid":{"rendered":"https:\/\/novaluxeurope.com\/producto\/biodance-hydro-cera-nol-real-deep-mask\/"},"modified":"2026-05-11T05:15:10","modified_gmt":"2026-05-11T05:15:10","slug":"biodance-hydro-cera-nol-real-deep-mask","status":"publish","type":"product","link":"https:\/\/novaluxeurope.com\/en\/product\/biodance-hydro-cera-nol-real-deep-mask\/","title":{"rendered":"BIODANCE. Hydro Cera-nol Real Deep Mask"},"content":{"rendered":"<p>Variante enfocada en calmar la sensibilidad, utilizando el complejo patentado Cera-nol (\u00e1cido hialur\u00f3nico, ceramidas y pantenol) en base de agua glacial alpina mineralizada. Esta mascarilla de hidrogel act\u00faa como un cortafuegos para la inflamaci\u00f3n, deteniendo procesos descamativos y cimentando un blindaje de hidrataci\u00f3n profundo que perdura de forma activa hasta por 150 horas.<\/p>","protected":false},"excerpt":{"rendered":"<p>Variante enfocada en calmar la sensibilidad, utilizando el complejo patentado Cera-nol (\u00e1cido hialur\u00f3nico, ceramidas y pantenol) en base de agua glacial alpina mineralizada. Esta mascarilla de hidrogel act\u00faa como un cortafuegos para la inflamaci\u00f3n, deteniendo procesos descamativos y cimentando un blindaje de hidrataci\u00f3n profundo que perdura de forma activa hasta por 150 horas.<\/p>","protected":false},"featured_media":1375,"comment_status":"open","ping_status":"closed","template":"","meta":[],"product_brand":[298],"product_cat":[280,308],"product_tag":[],"class_list":{"0":"post-1434","1":"product","2":"type-product","3":"status-publish","4":"has-post-thumbnail","6":"product_brand-biodance","7":"product_cat-cosmetica-coreana","8":"product_cat-mascarillas","10":"first","11":"instock","12":"taxable","13":"shipping-taxable","14":"product-type-simple"},"_links":{"self":[{"href":"https:\/\/novaluxeurope.com\/en\/wp-json\/wp\/v2\/product\/1434","targetHints":{"allow":["GET"]}}],"collection":[{"href":"https:\/\/novaluxeurope.com\/en\/wp-json\/wp\/v2\/product"}],"about":[{"href":"https:\/\/novaluxeurope.com\/en\/wp-json\/wp\/v2\/types\/product"}],"replies":[{"embeddable":true,"href":"https:\/\/novaluxeurope.com\/en\/wp-json\/wp\/v2\/comments?post=1434"}],"wp:featuredmedia":[{"embeddable":true,"href":"https:\/\/novaluxeurope.com\/en\/wp-json\/wp\/v2\/media\/1375"}],"wp:attachment":[{"href":"https:\/\/novaluxeurope.com\/en\/wp-json\/wp\/v2\/media?parent=1434"}],"wp:term":[{"taxonomy":"product_brand","embeddable":true,"href":"https:\/\/novaluxeurope.com\/en\/wp-json\/wp\/v2\/product_brand?post=1434"},{"taxonomy":"product_cat","embeddable":true,"href":"https:\/\/novaluxeurope.com\/en\/wp-json\/wp\/v2\/product_cat?post=1434"},{"taxonomy":"product_tag","embeddable":true,"href":"https:\/\/novaluxeurope.com\/en\/wp-json\/wp\/v2\/product_tag?post=1434"}],"curies":[{"name":"wp","href":"https:\/\/api.w.org\/{rel}","templated":true}]}}