{"id":1432,"date":"2026-04-04T15:17:52","date_gmt":"2026-04-04T15:17:52","guid":{"rendered":"https:\/\/novaluxeurope.com\/producto\/dr-althea-crema-de-alivio-345\/"},"modified":"2026-04-24T13:14:20","modified_gmt":"2026-04-24T13:14:20","slug":"dr-althea-crema-de-alivio-345","status":"publish","type":"product","link":"https:\/\/novaluxeurope.com\/en\/product\/dr-althea-crema-de-alivio-345\/","title":{"rendered":"DR ALTHEA. Crema de Alivio 345"},"content":{"rendered":"<p>Crema ung\u00fcento en gel enfocada en la homeostasis y calma del cutis alterado. Al combinar niacinamida, pantenol y centella asi\u00e1tica con resveratrol, esta formulaci\u00f3n alivia el eritema, facilita la curaci\u00f3n del tejido da\u00f1ado y desvanece las m\u00e1culas hiperpigmentadas residuales. Su perfil no comedog\u00e9nico la convierte en un esencial para pieles problem\u00e1ticas.<\/p>","protected":false},"excerpt":{"rendered":"<p>Crema ung\u00fcento en gel enfocada en la homeostasis y calma del cutis alterado. Al combinar niacinamida, pantenol y centella asi\u00e1tica con resveratrol, esta formulaci\u00f3n alivia el eritema, facilita la curaci\u00f3n del tejido da\u00f1ado y desvanece las m\u00e1culas hiperpigmentadas residuales. Su perfil no comedog\u00e9nico la convierte en un esencial para pieles problem\u00e1ticas.<\/p>","protected":false},"featured_media":1431,"comment_status":"open","ping_status":"closed","template":"","meta":[],"product_brand":[297],"product_cat":[280,307],"product_tag":[],"class_list":{"0":"post-1432","1":"product","2":"type-product","3":"status-publish","4":"has-post-thumbnail","6":"product_brand-dr-althea","7":"product_cat-cosmetica-coreana","8":"product_cat-cremas-hidratantes","10":"first","11":"outofstock","12":"taxable","13":"shipping-taxable","14":"product-type-simple"},"_links":{"self":[{"href":"https:\/\/novaluxeurope.com\/en\/wp-json\/wp\/v2\/product\/1432","targetHints":{"allow":["GET"]}}],"collection":[{"href":"https:\/\/novaluxeurope.com\/en\/wp-json\/wp\/v2\/product"}],"about":[{"href":"https:\/\/novaluxeurope.com\/en\/wp-json\/wp\/v2\/types\/product"}],"replies":[{"embeddable":true,"href":"https:\/\/novaluxeurope.com\/en\/wp-json\/wp\/v2\/comments?post=1432"}],"wp:featuredmedia":[{"embeddable":true,"href":"https:\/\/novaluxeurope.com\/en\/wp-json\/wp\/v2\/media\/1431"}],"wp:attachment":[{"href":"https:\/\/novaluxeurope.com\/en\/wp-json\/wp\/v2\/media?parent=1432"}],"wp:term":[{"taxonomy":"product_brand","embeddable":true,"href":"https:\/\/novaluxeurope.com\/en\/wp-json\/wp\/v2\/product_brand?post=1432"},{"taxonomy":"product_cat","embeddable":true,"href":"https:\/\/novaluxeurope.com\/en\/wp-json\/wp\/v2\/product_cat?post=1432"},{"taxonomy":"product_tag","embeddable":true,"href":"https:\/\/novaluxeurope.com\/en\/wp-json\/wp\/v2\/product_tag?post=1432"}],"curies":[{"name":"wp","href":"https:\/\/api.w.org\/{rel}","templated":true}]}}