{"id":1430,"date":"2026-04-04T15:17:51","date_gmt":"2026-04-04T15:17:51","guid":{"rendered":"https:\/\/novaluxeurope.com\/producto\/dr-althea-barrier-cream-147\/"},"modified":"2026-04-24T13:14:20","modified_gmt":"2026-04-24T13:14:20","slug":"dr-althea-barrier-cream-147","status":"publish","type":"product","link":"https:\/\/novaluxeurope.com\/en\/product\/dr-althea-barrier-cream-147\/","title":{"rendered":"DR ALTHEA. Barrier Cream 147"},"content":{"rendered":"<p>B\u00e1lsamo nutritivo destacado por su tinte azul celeste proveniente del guaiazuleno (extracto de manzanilla). Asocia cuatro subclases de ceramidas y siete formas estructurales de \u00e1cido hialur\u00f3nico para reensamblar el cemento intercelular de la piel, protegi\u00e9ndola tras la exposici\u00f3n a agresores clim\u00e1ticos o exfoliaciones severas.<\/p>","protected":false},"excerpt":{"rendered":"<p>B\u00e1lsamo nutritivo destacado por su tinte azul celeste proveniente del guaiazuleno (extracto de manzanilla). Asocia cuatro subclases de ceramidas y siete formas estructurales de \u00e1cido hialur\u00f3nico para reensamblar el cemento intercelular de la piel, protegi\u00e9ndola tras la exposici\u00f3n a agresores clim\u00e1ticos o exfoliaciones severas.<\/p>","protected":false},"featured_media":1429,"comment_status":"open","ping_status":"closed","template":"","meta":[],"product_brand":[297],"product_cat":[280,307],"product_tag":[],"class_list":{"0":"post-1430","1":"product","2":"type-product","3":"status-publish","4":"has-post-thumbnail","6":"product_brand-dr-althea","7":"product_cat-cosmetica-coreana","8":"product_cat-cremas-hidratantes","10":"first","11":"outofstock","12":"taxable","13":"shipping-taxable","14":"product-type-simple"},"_links":{"self":[{"href":"https:\/\/novaluxeurope.com\/en\/wp-json\/wp\/v2\/product\/1430","targetHints":{"allow":["GET"]}}],"collection":[{"href":"https:\/\/novaluxeurope.com\/en\/wp-json\/wp\/v2\/product"}],"about":[{"href":"https:\/\/novaluxeurope.com\/en\/wp-json\/wp\/v2\/types\/product"}],"replies":[{"embeddable":true,"href":"https:\/\/novaluxeurope.com\/en\/wp-json\/wp\/v2\/comments?post=1430"}],"wp:featuredmedia":[{"embeddable":true,"href":"https:\/\/novaluxeurope.com\/en\/wp-json\/wp\/v2\/media\/1429"}],"wp:attachment":[{"href":"https:\/\/novaluxeurope.com\/en\/wp-json\/wp\/v2\/media?parent=1430"}],"wp:term":[{"taxonomy":"product_brand","embeddable":true,"href":"https:\/\/novaluxeurope.com\/en\/wp-json\/wp\/v2\/product_brand?post=1430"},{"taxonomy":"product_cat","embeddable":true,"href":"https:\/\/novaluxeurope.com\/en\/wp-json\/wp\/v2\/product_cat?post=1430"},{"taxonomy":"product_tag","embeddable":true,"href":"https:\/\/novaluxeurope.com\/en\/wp-json\/wp\/v2\/product_tag?post=1430"}],"curies":[{"name":"wp","href":"https:\/\/api.w.org\/{rel}","templated":true}]}}