{"id":1423,"date":"2026-04-04T15:17:49","date_gmt":"2026-04-04T15:17:49","guid":{"rendered":"https:\/\/novaluxeurope.com\/producto\/tocobo-cotton-soft-sun-stick\/"},"modified":"2026-04-24T13:14:20","modified_gmt":"2026-04-24T13:14:20","slug":"tocobo-cotton-soft-sun-stick","status":"publish","type":"product","link":"https:\/\/novaluxeurope.com\/en\/product\/tocobo-cotton-soft-sun-stick\/","title":{"rendered":"TOCOBO. Cotton Soft Sun Stick"},"content":{"rendered":"<p>Esta barra solar prioriza la supresi\u00f3n del sebo gracias a su alto contenido de pol\u00edmeros de s\u00edlice y extracto puro de algod\u00f3n. Genera un escudo difuminador de poros (blurring effect) con un acabado excepcionalmente mate. Su complejo bot\u00e1nico AC Complex inhibe la proliferaci\u00f3n bacteriana, haci\u00e9ndolo una armadura indispensable bajo el sol para las pieles con tendencia acneica.<\/p>","protected":false},"excerpt":{"rendered":"<p>Esta barra solar prioriza la supresi\u00f3n del sebo gracias a su alto contenido de pol\u00edmeros de s\u00edlice y extracto puro de algod\u00f3n. Genera un escudo difuminador de poros (blurring effect) con un acabado excepcionalmente mate. Su complejo bot\u00e1nico AC Complex inhibe la proliferaci\u00f3n bacteriana, haci\u00e9ndolo una armadura indispensable bajo el sol para las pieles con [&hellip;]<\/p>\n","protected":false},"featured_media":1365,"comment_status":"open","ping_status":"closed","template":"","meta":[],"product_brand":[293],"product_cat":[280,309],"product_tag":[],"class_list":{"0":"post-1423","1":"product","2":"type-product","3":"status-publish","4":"has-post-thumbnail","6":"product_brand-tocobo","7":"product_cat-cosmetica-coreana","8":"product_cat-protectores-solares","10":"first","11":"outofstock","12":"taxable","13":"shipping-taxable","14":"product-type-simple"},"_links":{"self":[{"href":"https:\/\/novaluxeurope.com\/en\/wp-json\/wp\/v2\/product\/1423","targetHints":{"allow":["GET"]}}],"collection":[{"href":"https:\/\/novaluxeurope.com\/en\/wp-json\/wp\/v2\/product"}],"about":[{"href":"https:\/\/novaluxeurope.com\/en\/wp-json\/wp\/v2\/types\/product"}],"replies":[{"embeddable":true,"href":"https:\/\/novaluxeurope.com\/en\/wp-json\/wp\/v2\/comments?post=1423"}],"wp:featuredmedia":[{"embeddable":true,"href":"https:\/\/novaluxeurope.com\/en\/wp-json\/wp\/v2\/media\/1365"}],"wp:attachment":[{"href":"https:\/\/novaluxeurope.com\/en\/wp-json\/wp\/v2\/media?parent=1423"}],"wp:term":[{"taxonomy":"product_brand","embeddable":true,"href":"https:\/\/novaluxeurope.com\/en\/wp-json\/wp\/v2\/product_brand?post=1423"},{"taxonomy":"product_cat","embeddable":true,"href":"https:\/\/novaluxeurope.com\/en\/wp-json\/wp\/v2\/product_cat?post=1423"},{"taxonomy":"product_tag","embeddable":true,"href":"https:\/\/novaluxeurope.com\/en\/wp-json\/wp\/v2\/product_tag?post=1423"}],"curies":[{"name":"wp","href":"https:\/\/api.w.org\/{rel}","templated":true}]}}