{"id":1422,"date":"2026-04-04T15:17:49","date_gmt":"2026-04-04T15:17:49","guid":{"rendered":"https:\/\/novaluxeurope.com\/producto\/tocobo-cica-cooling-sun-stick-spf50-pa-18-g\/"},"modified":"2026-04-24T13:14:20","modified_gmt":"2026-04-24T13:14:20","slug":"tocobo-cica-cooling-sun-stick-spf50-pa-18-g","status":"publish","type":"product","link":"https:\/\/novaluxeurope.com\/en\/product\/tocobo-cica-cooling-sun-stick-spf50-pa-18-g\/","title":{"rendered":"TOCOBO. Cica Cooling Sun Stick SPF50+ PA++++"},"content":{"rendered":"<p>Protector en formato s\u00f3lido que facilita la reaplicaci\u00f3n mediante polvo de menta y centella asi\u00e1tica, disipando el calor urbano al contacto. Su matriz no comedog\u00e9nica, semejante a un b\u00e1lsamo transparente, se desliza sobre la epidermis aportando frescura sin interrumpir los pigmentos del maquillaje ni generar residuos oleosos.<\/p>","protected":false},"excerpt":{"rendered":"<p>Protector en formato s\u00f3lido que facilita la reaplicaci\u00f3n mediante polvo de menta y centella asi\u00e1tica, disipando el calor urbano al contacto. Su matriz no comedog\u00e9nica, semejante a un b\u00e1lsamo transparente, se desliza sobre la epidermis aportando frescura sin interrumpir los pigmentos del maquillaje ni generar residuos oleosos.<\/p>","protected":false},"featured_media":1363,"comment_status":"open","ping_status":"closed","template":"","meta":[],"product_brand":[293],"product_cat":[280,309],"product_tag":[],"class_list":{"0":"post-1422","1":"product","2":"type-product","3":"status-publish","4":"has-post-thumbnail","6":"product_brand-tocobo","7":"product_cat-cosmetica-coreana","8":"product_cat-protectores-solares","10":"first","11":"outofstock","12":"taxable","13":"shipping-taxable","14":"product-type-simple"},"_links":{"self":[{"href":"https:\/\/novaluxeurope.com\/en\/wp-json\/wp\/v2\/product\/1422","targetHints":{"allow":["GET"]}}],"collection":[{"href":"https:\/\/novaluxeurope.com\/en\/wp-json\/wp\/v2\/product"}],"about":[{"href":"https:\/\/novaluxeurope.com\/en\/wp-json\/wp\/v2\/types\/product"}],"replies":[{"embeddable":true,"href":"https:\/\/novaluxeurope.com\/en\/wp-json\/wp\/v2\/comments?post=1422"}],"wp:featuredmedia":[{"embeddable":true,"href":"https:\/\/novaluxeurope.com\/en\/wp-json\/wp\/v2\/media\/1363"}],"wp:attachment":[{"href":"https:\/\/novaluxeurope.com\/en\/wp-json\/wp\/v2\/media?parent=1422"}],"wp:term":[{"taxonomy":"product_brand","embeddable":true,"href":"https:\/\/novaluxeurope.com\/en\/wp-json\/wp\/v2\/product_brand?post=1422"},{"taxonomy":"product_cat","embeddable":true,"href":"https:\/\/novaluxeurope.com\/en\/wp-json\/wp\/v2\/product_cat?post=1422"},{"taxonomy":"product_tag","embeddable":true,"href":"https:\/\/novaluxeurope.com\/en\/wp-json\/wp\/v2\/product_tag?post=1422"}],"curies":[{"name":"wp","href":"https:\/\/api.w.org\/{rel}","templated":true}]}}