{"id":1421,"date":"2026-04-04T15:17:49","date_gmt":"2026-04-04T15:17:49","guid":{"rendered":"https:\/\/novaluxeurope.com\/producto\/tocobo-cica-calming-sun-serum-spf-50-pa\/"},"modified":"2026-04-24T13:14:20","modified_gmt":"2026-04-24T13:14:20","slug":"tocobo-cica-calming-sun-serum-spf-50-pa","status":"publish","type":"product","link":"https:\/\/novaluxeurope.com\/en\/product\/tocobo-cica-calming-sun-serum-spf-50-pa\/","title":{"rendered":"TOCOBO. Cica Calming Sun Serum SPF 50+ PA++++"},"content":{"rendered":"<p>Dirigido a biotipos inflamatorios y reactivos, este suero solar incorpora extracto de centella asi\u00e1tica fermentada, hoja de aloe ferox y un complejo de m\u00faltiples pesos moleculares de \u00e1cido hialur\u00f3nico. M\u00e1s all\u00e1 de la protecci\u00f3n solar, ha demostrado disminuir la temperatura basal del rostro casi instant\u00e1neamente, conteniendo de manera eficaz el da\u00f1o t\u00e9rmico celular.<\/p>","protected":false},"excerpt":{"rendered":"<p>Dirigido a biotipos inflamatorios y reactivos, este suero solar incorpora extracto de centella asi\u00e1tica fermentada, hoja de aloe ferox y un complejo de m\u00faltiples pesos moleculares de \u00e1cido hialur\u00f3nico. M\u00e1s all\u00e1 de la protecci\u00f3n solar, ha demostrado disminuir la temperatura basal del rostro casi instant\u00e1neamente, conteniendo de manera eficaz el da\u00f1o t\u00e9rmico celular.<\/p>","protected":false},"featured_media":1361,"comment_status":"open","ping_status":"closed","template":"","meta":[],"product_brand":[293],"product_cat":[280,309],"product_tag":[],"class_list":{"0":"post-1421","1":"product","2":"type-product","3":"status-publish","4":"has-post-thumbnail","6":"product_brand-tocobo","7":"product_cat-cosmetica-coreana","8":"product_cat-protectores-solares","10":"first","11":"outofstock","12":"taxable","13":"shipping-taxable","14":"product-type-simple"},"_links":{"self":[{"href":"https:\/\/novaluxeurope.com\/en\/wp-json\/wp\/v2\/product\/1421","targetHints":{"allow":["GET"]}}],"collection":[{"href":"https:\/\/novaluxeurope.com\/en\/wp-json\/wp\/v2\/product"}],"about":[{"href":"https:\/\/novaluxeurope.com\/en\/wp-json\/wp\/v2\/types\/product"}],"replies":[{"embeddable":true,"href":"https:\/\/novaluxeurope.com\/en\/wp-json\/wp\/v2\/comments?post=1421"}],"wp:featuredmedia":[{"embeddable":true,"href":"https:\/\/novaluxeurope.com\/en\/wp-json\/wp\/v2\/media\/1361"}],"wp:attachment":[{"href":"https:\/\/novaluxeurope.com\/en\/wp-json\/wp\/v2\/media?parent=1421"}],"wp:term":[{"taxonomy":"product_brand","embeddable":true,"href":"https:\/\/novaluxeurope.com\/en\/wp-json\/wp\/v2\/product_brand?post=1421"},{"taxonomy":"product_cat","embeddable":true,"href":"https:\/\/novaluxeurope.com\/en\/wp-json\/wp\/v2\/product_cat?post=1421"},{"taxonomy":"product_tag","embeddable":true,"href":"https:\/\/novaluxeurope.com\/en\/wp-json\/wp\/v2\/product_tag?post=1421"}],"curies":[{"name":"wp","href":"https:\/\/api.w.org\/{rel}","templated":true}]}}