{"id":1420,"date":"2026-04-04T15:17:48","date_gmt":"2026-04-04T15:17:48","guid":{"rendered":"https:\/\/novaluxeurope.com\/producto\/tocobo-barra-solar-suave-de-algodon-50\/"},"modified":"2026-04-24T13:14:20","modified_gmt":"2026-04-24T13:14:20","slug":"tocobo-barra-solar-suave-de-algodon-50","status":"publish","type":"product","link":"https:\/\/novaluxeurope.com\/en\/product\/tocobo-barra-solar-suave-de-algodon-50\/","title":{"rendered":"TOCOBO. Barra Solar Suave de Algodon 50+"},"content":{"rendered":"<p>Protector solar de base acuosa y filtros qu\u00edmicos avanzados, libre de compuestos da\u00f1inos para el ecosistema marino. Enriquecido con 1,000 ppm de \u00e1cido hialur\u00f3nico bio-fermentado y extractos de semilla de frijol mungo, funciona como un suero humectante que se mimetiza instant\u00e1neamente con la piel. Su total transparencia (zero white cast) lo convierte en una prebase excelente para el maquillaje.<\/p>","protected":false},"excerpt":{"rendered":"<p>Protector solar de base acuosa y filtros qu\u00edmicos avanzados, libre de compuestos da\u00f1inos para el ecosistema marino. Enriquecido con 1,000 ppm de \u00e1cido hialur\u00f3nico bio-fermentado y extractos de semilla de frijol mungo, funciona como un suero humectante que se mimetiza instant\u00e1neamente con la piel. Su total transparencia (zero white cast) lo convierte en una prebase [&hellip;]<\/p>\n","protected":false},"featured_media":1359,"comment_status":"open","ping_status":"closed","template":"","meta":[],"product_brand":[293],"product_cat":[280,309],"product_tag":[],"class_list":{"0":"post-1420","1":"product","2":"type-product","3":"status-publish","4":"has-post-thumbnail","6":"product_brand-tocobo","7":"product_cat-cosmetica-coreana","8":"product_cat-protectores-solares","10":"first","11":"outofstock","12":"taxable","13":"shipping-taxable","14":"product-type-simple"},"_links":{"self":[{"href":"https:\/\/novaluxeurope.com\/en\/wp-json\/wp\/v2\/product\/1420","targetHints":{"allow":["GET"]}}],"collection":[{"href":"https:\/\/novaluxeurope.com\/en\/wp-json\/wp\/v2\/product"}],"about":[{"href":"https:\/\/novaluxeurope.com\/en\/wp-json\/wp\/v2\/types\/product"}],"replies":[{"embeddable":true,"href":"https:\/\/novaluxeurope.com\/en\/wp-json\/wp\/v2\/comments?post=1420"}],"wp:featuredmedia":[{"embeddable":true,"href":"https:\/\/novaluxeurope.com\/en\/wp-json\/wp\/v2\/media\/1359"}],"wp:attachment":[{"href":"https:\/\/novaluxeurope.com\/en\/wp-json\/wp\/v2\/media?parent=1420"}],"wp:term":[{"taxonomy":"product_brand","embeddable":true,"href":"https:\/\/novaluxeurope.com\/en\/wp-json\/wp\/v2\/product_brand?post=1420"},{"taxonomy":"product_cat","embeddable":true,"href":"https:\/\/novaluxeurope.com\/en\/wp-json\/wp\/v2\/product_cat?post=1420"},{"taxonomy":"product_tag","embeddable":true,"href":"https:\/\/novaluxeurope.com\/en\/wp-json\/wp\/v2\/product_tag?post=1420"}],"curies":[{"name":"wp","href":"https:\/\/api.w.org\/{rel}","templated":true}]}}