{"id":1418,"date":"2026-04-04T15:17:48","date_gmt":"2026-04-04T15:17:48","guid":{"rendered":"https:\/\/novaluxeurope.com\/producto\/medicube-zero-pore-one-day-serum-30ml\/"},"modified":"2026-04-24T13:14:20","modified_gmt":"2026-04-24T13:14:20","slug":"medicube-zero-pore-one-day-serum-30ml","status":"publish","type":"product","link":"https:\/\/novaluxeurope.com\/en\/product\/medicube-zero-pore-one-day-serum-30ml\/","title":{"rendered":"MEDICUBE. ZERO PORE ONE DAY SERUM"},"content":{"rendered":"<p>La formulaci\u00f3n maestra de este suero combina un poderoso 15.2% de \u00e1cidos exfoliantes sin\u00e9rgicos (AHA, BHA, PHA) y niacinamida. Su funci\u00f3n es inducir una renovaci\u00f3n celular nocturna intensiva, licuando el cemento intercelular que sostiene la piel muerta sobre el poro. Esto resulta en una contracci\u00f3n f\u00edsica del ostium folicular y un alisamiento espectacular del microrrelieve, con resultados comprobables en 24 horas.<\/p>","protected":false},"excerpt":{"rendered":"<p>La formulaci\u00f3n maestra de este suero combina un poderoso 15.2% de \u00e1cidos exfoliantes sin\u00e9rgicos (AHA, BHA, PHA) y niacinamida. Su funci\u00f3n es inducir una renovaci\u00f3n celular nocturna intensiva, licuando el cemento intercelular que sostiene la piel muerta sobre el poro. Esto resulta en una contracci\u00f3n f\u00edsica del ostium folicular y un alisamiento espectacular del microrrelieve, [&hellip;]<\/p>\n","protected":false},"featured_media":1417,"comment_status":"open","ping_status":"closed","template":"","meta":[],"product_brand":[283],"product_cat":[280,306],"product_tag":[],"class_list":{"0":"post-1418","1":"product","2":"type-product","3":"status-publish","4":"has-post-thumbnail","6":"product_brand-medicube","7":"product_cat-cosmetica-coreana","8":"product_cat-serums-ampollas","10":"first","11":"outofstock","12":"taxable","13":"shipping-taxable","14":"product-type-simple"},"_links":{"self":[{"href":"https:\/\/novaluxeurope.com\/en\/wp-json\/wp\/v2\/product\/1418","targetHints":{"allow":["GET"]}}],"collection":[{"href":"https:\/\/novaluxeurope.com\/en\/wp-json\/wp\/v2\/product"}],"about":[{"href":"https:\/\/novaluxeurope.com\/en\/wp-json\/wp\/v2\/types\/product"}],"replies":[{"embeddable":true,"href":"https:\/\/novaluxeurope.com\/en\/wp-json\/wp\/v2\/comments?post=1418"}],"wp:featuredmedia":[{"embeddable":true,"href":"https:\/\/novaluxeurope.com\/en\/wp-json\/wp\/v2\/media\/1417"}],"wp:attachment":[{"href":"https:\/\/novaluxeurope.com\/en\/wp-json\/wp\/v2\/media?parent=1418"}],"wp:term":[{"taxonomy":"product_brand","embeddable":true,"href":"https:\/\/novaluxeurope.com\/en\/wp-json\/wp\/v2\/product_brand?post=1418"},{"taxonomy":"product_cat","embeddable":true,"href":"https:\/\/novaluxeurope.com\/en\/wp-json\/wp\/v2\/product_cat?post=1418"},{"taxonomy":"product_tag","embeddable":true,"href":"https:\/\/novaluxeurope.com\/en\/wp-json\/wp\/v2\/product_tag?post=1418"}],"curies":[{"name":"wp","href":"https:\/\/api.w.org\/{rel}","templated":true}]}}