{"id":1408,"date":"2026-04-04T15:17:47","date_gmt":"2026-04-04T15:17:47","guid":{"rendered":"https:\/\/novaluxeurope.com\/producto\/b-joseon-relief-sun-aqua\/"},"modified":"2026-05-08T16:01:10","modified_gmt":"2026-05-08T16:01:10","slug":"b-joseon-relief-sun-aqua","status":"publish","type":"product","link":"https:\/\/novaluxeurope.com\/en\/product\/b-joseon-relief-sun-aqua\/","title":{"rendered":"B-JOSEON. Relief sun Aqua"},"content":{"rendered":"<p>Una evoluci\u00f3n gal\u00e9nica en fotoprotecci\u00f3n dise\u00f1ada para quienes buscan texturas imperceptibles. Basada en agua de semilla de arroz calmante y pantenol (B5), su matriz de loci\u00f3n se rompe en agua al masajearla, penetrando sin obstruir los poros y otorgando m\u00e1xima defensa UVA\/UVB sin dejar halo azulado o blanquecino.<\/p>","protected":false},"excerpt":{"rendered":"<p>Una evoluci\u00f3n gal\u00e9nica en fotoprotecci\u00f3n dise\u00f1ada para quienes buscan texturas imperceptibles. Basada en agua de semilla de arroz calmante y pantenol (B5), su matriz de loci\u00f3n se rompe en agua al masajearla, penetrando sin obstruir los poros y otorgando m\u00e1xima defensa UVA\/UVB sin dejar halo azulado o blanquecino.<\/p>","protected":false},"featured_media":1339,"comment_status":"open","ping_status":"closed","template":"","meta":[],"product_brand":[282],"product_cat":[280,309],"product_tag":[],"class_list":{"0":"post-1408","1":"product","2":"type-product","3":"status-publish","4":"has-post-thumbnail","6":"product_brand-beauty-of-joseon","7":"product_cat-cosmetica-coreana","8":"product_cat-protectores-solares","10":"first","11":"instock","12":"taxable","13":"shipping-taxable","14":"product-type-simple"},"_links":{"self":[{"href":"https:\/\/novaluxeurope.com\/en\/wp-json\/wp\/v2\/product\/1408","targetHints":{"allow":["GET"]}}],"collection":[{"href":"https:\/\/novaluxeurope.com\/en\/wp-json\/wp\/v2\/product"}],"about":[{"href":"https:\/\/novaluxeurope.com\/en\/wp-json\/wp\/v2\/types\/product"}],"replies":[{"embeddable":true,"href":"https:\/\/novaluxeurope.com\/en\/wp-json\/wp\/v2\/comments?post=1408"}],"wp:featuredmedia":[{"embeddable":true,"href":"https:\/\/novaluxeurope.com\/en\/wp-json\/wp\/v2\/media\/1339"}],"wp:attachment":[{"href":"https:\/\/novaluxeurope.com\/en\/wp-json\/wp\/v2\/media?parent=1408"}],"wp:term":[{"taxonomy":"product_brand","embeddable":true,"href":"https:\/\/novaluxeurope.com\/en\/wp-json\/wp\/v2\/product_brand?post=1408"},{"taxonomy":"product_cat","embeddable":true,"href":"https:\/\/novaluxeurope.com\/en\/wp-json\/wp\/v2\/product_cat?post=1408"},{"taxonomy":"product_tag","embeddable":true,"href":"https:\/\/novaluxeurope.com\/en\/wp-json\/wp\/v2\/product_tag?post=1408"}],"curies":[{"name":"wp","href":"https:\/\/api.w.org\/{rel}","templated":true}]}}