{"id":1406,"date":"2026-04-04T15:17:47","date_gmt":"2026-04-04T15:17:47","guid":{"rendered":"https:\/\/novaluxeurope.com\/producto\/b-joseon-mascarilla-iluminadora\/"},"modified":"2026-05-08T16:01:10","modified_gmt":"2026-05-08T16:01:10","slug":"b-joseon-mascarilla-iluminadora","status":"publish","type":"product","link":"https:\/\/novaluxeurope.com\/en\/product\/b-joseon-mascarilla-iluminadora\/","title":{"rendered":"B-JOSEON. Mascarilla iluminadora"},"content":{"rendered":"<p>Mascarilla tipo \u00abwash-off\u00bb de arcilla refinada. Emplea un enfoque sostenible utilizando l\u00edas de makgeolli recicladas (subproducto del vino de arroz), bentonita, caol\u00edn, polvo de c\u00e1scara de arroz y un 5% de miel pura. Al aplicarse, las arcillas absorben los l\u00edpidos oxidados del poro, mientras que el arroz ejerce una micro-exfoliaci\u00f3n mec\u00e1nica y la miel asegura una piel humectada y apaciguada tras el aclarado.<\/p>","protected":false},"excerpt":{"rendered":"<p>Mascarilla tipo \u00abwash-off\u00bb de arcilla refinada. Emplea un enfoque sostenible utilizando l\u00edas de makgeolli recicladas (subproducto del vino de arroz), bentonita, caol\u00edn, polvo de c\u00e1scara de arroz y un 5% de miel pura. Al aplicarse, las arcillas absorben los l\u00edpidos oxidados del poro, mientras que el arroz ejerce una micro-exfoliaci\u00f3n mec\u00e1nica y la miel asegura [&hellip;]<\/p>\n","protected":false},"featured_media":1335,"comment_status":"open","ping_status":"closed","template":"","meta":[],"product_brand":[282],"product_cat":[280,307],"product_tag":[],"class_list":{"0":"post-1406","1":"product","2":"type-product","3":"status-publish","4":"has-post-thumbnail","6":"product_brand-beauty-of-joseon","7":"product_cat-cosmetica-coreana","8":"product_cat-cremas-hidratantes","10":"first","11":"instock","12":"taxable","13":"shipping-taxable","14":"product-type-simple"},"_links":{"self":[{"href":"https:\/\/novaluxeurope.com\/en\/wp-json\/wp\/v2\/product\/1406","targetHints":{"allow":["GET"]}}],"collection":[{"href":"https:\/\/novaluxeurope.com\/en\/wp-json\/wp\/v2\/product"}],"about":[{"href":"https:\/\/novaluxeurope.com\/en\/wp-json\/wp\/v2\/types\/product"}],"replies":[{"embeddable":true,"href":"https:\/\/novaluxeurope.com\/en\/wp-json\/wp\/v2\/comments?post=1406"}],"wp:featuredmedia":[{"embeddable":true,"href":"https:\/\/novaluxeurope.com\/en\/wp-json\/wp\/v2\/media\/1335"}],"wp:attachment":[{"href":"https:\/\/novaluxeurope.com\/en\/wp-json\/wp\/v2\/media?parent=1406"}],"wp:term":[{"taxonomy":"product_brand","embeddable":true,"href":"https:\/\/novaluxeurope.com\/en\/wp-json\/wp\/v2\/product_brand?post=1406"},{"taxonomy":"product_cat","embeddable":true,"href":"https:\/\/novaluxeurope.com\/en\/wp-json\/wp\/v2\/product_cat?post=1406"},{"taxonomy":"product_tag","embeddable":true,"href":"https:\/\/novaluxeurope.com\/en\/wp-json\/wp\/v2\/product_tag?post=1406"}],"curies":[{"name":"wp","href":"https:\/\/api.w.org\/{rel}","templated":true}]}}