{"id":1399,"date":"2026-04-04T15:17:46","date_gmt":"2026-04-04T15:17:46","guid":{"rendered":"https:\/\/novaluxeurope.com\/producto\/b-joseon-agua-de-esencia-de-ginseng-150-ml\/"},"modified":"2026-05-13T16:01:25","modified_gmt":"2026-05-13T16:01:25","slug":"b-joseon-agua-de-esencia-de-ginseng-150-ml","status":"publish","type":"product","link":"https:\/\/novaluxeurope.com\/en\/product\/b-joseon-agua-de-esencia-de-ginseng-150-ml\/","title":{"rendered":"B-JOSEON. Agua de esencia de ginseng"},"content":{"rendered":"<p>Una esencia acuosa que sirve como infusi\u00f3n de vitalidad, formulada con un extraordinario 80% de agua de ra\u00edz de ginseng Panax y un 2% de niacinamida. La sinergia inyecta antioxidantes cruciales que neutralizan la peroxidaci\u00f3n lip\u00eddica causada por los radicales libres, estimula la microcirculaci\u00f3n capilar y optimiza la s\u00edntesis de col\u00e1geno mediante la adici\u00f3n de un 0.04% de adenosina.<\/p>","protected":false},"excerpt":{"rendered":"<p>Una esencia acuosa que sirve como infusi\u00f3n de vitalidad, formulada con un extraordinario 80% de agua de ra\u00edz de ginseng Panax y un 2% de niacinamida. La sinergia inyecta antioxidantes cruciales que neutralizan la peroxidaci\u00f3n lip\u00eddica causada por los radicales libres, estimula la microcirculaci\u00f3n capilar y optimiza la s\u00edntesis de col\u00e1geno mediante la adici\u00f3n de [&hellip;]<\/p>\n","protected":false},"featured_media":1329,"comment_status":"open","ping_status":"closed","template":"","meta":[],"product_brand":[282],"product_cat":[280,305],"product_tag":[],"class_list":{"0":"post-1399","1":"product","2":"type-product","3":"status-publish","4":"has-post-thumbnail","6":"product_brand-beauty-of-joseon","7":"product_cat-cosmetica-coreana","8":"product_cat-tonicos-esencias-pads","10":"first","11":"instock","12":"taxable","13":"shipping-taxable","14":"product-type-simple"},"_links":{"self":[{"href":"https:\/\/novaluxeurope.com\/en\/wp-json\/wp\/v2\/product\/1399","targetHints":{"allow":["GET"]}}],"collection":[{"href":"https:\/\/novaluxeurope.com\/en\/wp-json\/wp\/v2\/product"}],"about":[{"href":"https:\/\/novaluxeurope.com\/en\/wp-json\/wp\/v2\/types\/product"}],"replies":[{"embeddable":true,"href":"https:\/\/novaluxeurope.com\/en\/wp-json\/wp\/v2\/comments?post=1399"}],"wp:featuredmedia":[{"embeddable":true,"href":"https:\/\/novaluxeurope.com\/en\/wp-json\/wp\/v2\/media\/1329"}],"wp:attachment":[{"href":"https:\/\/novaluxeurope.com\/en\/wp-json\/wp\/v2\/media?parent=1399"}],"wp:term":[{"taxonomy":"product_brand","embeddable":true,"href":"https:\/\/novaluxeurope.com\/en\/wp-json\/wp\/v2\/product_brand?post=1399"},{"taxonomy":"product_cat","embeddable":true,"href":"https:\/\/novaluxeurope.com\/en\/wp-json\/wp\/v2\/product_cat?post=1399"},{"taxonomy":"product_tag","embeddable":true,"href":"https:\/\/novaluxeurope.com\/en\/wp-json\/wp\/v2\/product_tag?post=1399"}],"curies":[{"name":"wp","href":"https:\/\/api.w.org\/{rel}","templated":true}]}}